{"id":4141,"date":"2018-05-11T09:28:03","date_gmt":"2018-05-11T07:28:03","guid":{"rendered":"http:\/\/www.stepv.upv.es\/?page_id=4141"},"modified":"2023-11-29T13:02:38","modified_gmt":"2023-11-29T12:02:38","slug":"faqs-wa","status":"publish","type":"page","link":"https:\/\/www.stepv.upv.es\/va\/faqs-wa\/","title":{"rendered":"FAQS: WhatsApp STEPV-Iv UPV"},"content":{"rendered":"<div class=\"fusion-fullwidth fullwidth-box fusion-builder-row-1 hundred-percent-fullwidth non-hundred-percent-height-scrolling\"  style='background-color: rgba(255,255,255,0);background-position: center center;background-repeat: no-repeat;padding-top:0px;padding-right:0px;padding-bottom:0px;padding-left:0px;'><div class=\"fusion-builder-row fusion-row \"><div  class=\"fusion-layout-column fusion_builder_column fusion_builder_column_1_1 fusion-builder-column-0 fusion-one-full fusion-column-first fusion-column-last fusion-column-no-min-height 1_1\"  style='margin-top:0px;margin-bottom:0px;'><div class=\"fusion-column-wrapper\" style=\"padding: 0px 0px 0px 0px;background-position:left top;background-repeat:no-repeat;-webkit-background-size:cover;-moz-background-size:cover;-o-background-size:cover;background-size:cover;\"   data-bg-url=\"\"><div class=\"fusion-text\"><p>Ac\u00ed vos deixem una llista de preguntes freq\u00fcents en relaci\u00f3 a la llista de distribuci\u00f3 de WhatsApp.<\/p>\n<\/div><div class=\"fusion-clearfix\"><\/div><\/div><\/div><div  class=\"fusion-layout-column fusion_builder_column fusion_builder_column_1_1 fusion-builder-column-1 fusion-one-full fusion-column-first fusion-column-last 1_1\"  style='margin-top:0px;margin-bottom:20px;'><div class=\"fusion-column-wrapper\" style=\"padding: 0px 0px 0px 0px;background-position:left top;background-repeat:no-repeat;-webkit-background-size:cover;-moz-background-size:cover;-o-background-size:cover;background-size:cover;\"   data-bg-url=\"\"><div class=\"fusion-clearfix\"><\/div><\/div><\/div><div  class=\"fusion-layout-column fusion_builder_column fusion_builder_column_1_1 fusion-builder-column-2 fusion-one-full fusion-column-first fusion-column-last fusion-column-no-min-height 1_1\"  style='margin-top:0px;margin-bottom:0px;'><div class=\"fusion-column-wrapper\" style=\"padding: 0px 0px 0px 0px;background-position:left top;background-repeat:no-repeat;-webkit-background-size:cover;-moz-background-size:cover;-o-background-size:cover;background-size:cover;\"   data-bg-url=\"\"><style type=\"text\/css\">.fusion-accordian  #accordion-4141-1 .panel-title a .fa-fusion-box{ color: #ffffff;}.fusion-accordian  #accordion-4141-1 .panel-title a .fa-fusion-box:before{ font-size: 13px; width: 13px;}.fusion-accordian  #accordion-4141-1 .panel-title a{font-size:16px;}.fusion-accordian  #accordion-4141-1 .fa-fusion-box { background-color: #af2020;border-color: #af2020;}.fusion-accordian  #accordion-4141-1 .panel-title a:hover, #accordion-4141-1 .fusion-toggle-boxed-mode:hover .panel-title a { color: #e10707;}.fusion-accordian  #accordion-4141-1 .panel-title .active .fa-fusion-box,.fusion-accordian  #accordion-4141-1 .panel-title a:hover .fa-fusion-box { background-color: #e10707!important;border-color: #e10707!important;}<\/style><div class=\"accordian fusion-accordian\"><div class=\"panel-group\" id=\"accordion-4141-1\" role=\"tablist\"><div class=\"fusion-panel panel-default\" role=\"tabpanel\"><div class=\"panel-heading\"><h4 class=\"panel-title toggle\"><a aria-expanded=\"false\" aria-selected=\"false\" aria-controls=\"c0327496097d0e46a\" role=\"tab\" data-toggle=\"collapse\" data-parent=\"#accordion-4141-1\" data-target=\"#c0327496097d0e46a\" href=\"#c0327496097d0e46a\"><span class=\"fusion-toggle-icon-wrapper\" aria-hidden=\"true\"><i class=\"fa-fusion-box\"><\/i><\/span><span class=\"fusion-toggle-heading\">Qu\u00e8 \u00e9s una llista de distribuci\u00f3?<\/span><\/a><\/h4><\/div><div id=\"c0327496097d0e46a\" class=\"panel-collapse collapse \"><div class=\"panel-body toggle-content fusion-clearfix\">L&#8217;objectiu d&#8217;una llista de distribuci\u00f3 es fer aplegar missatges, en aquest cas a trav\u00e9s de WhatsApp, a diversos usuaris a l&#8217;hora. Aquestes llistes s\u00f3n \u00fatils per compartir informaci\u00f3 d&#8217;una organitzaci\u00f3 com la nostra, en l&#8217;esperit de transpar\u00e8ncia i divulgaci\u00f3.<\/div><\/div><\/div><div class=\"fusion-panel panel-default\" role=\"tabpanel\"><div class=\"panel-heading\"><h4 class=\"panel-title toggle\"><a aria-expanded=\"false\" aria-selected=\"false\" aria-controls=\"03633dc0161d8ba56\" role=\"tab\" data-toggle=\"collapse\" data-parent=\"#accordion-4141-1\" data-target=\"#03633dc0161d8ba56\" href=\"#03633dc0161d8ba56\"><span class=\"fusion-toggle-icon-wrapper\" aria-hidden=\"true\"><i class=\"fa-fusion-box\"><\/i><\/span><span class=\"fusion-toggle-heading\">Puc fer consultes a trav\u00e9s de WhatsApp?<\/span><\/a><\/h4><\/div><div id=\"03633dc0161d8ba56\" class=\"panel-collapse collapse \"><div class=\"panel-body toggle-content fusion-clearfix\">\n<p>Lamentablement no tenim les persones per poder respondre amb immediatesa a les consultes de WhatsApp. Si tens presa per rebre ajuda del sindicat et recomanem que et deixes caure per la nostra oficina del Edifici 4G (Camins II) a Vera, o trucans a les extensions 77046 o 79149.<\/p>\n<\/div><\/div><\/div><div class=\"fusion-panel panel-default\" role=\"tabpanel\"><div class=\"panel-heading\"><h4 class=\"panel-title toggle\"><a aria-expanded=\"false\" aria-selected=\"false\" aria-controls=\"eda1e30e8f0d995a8\" role=\"tab\" data-toggle=\"collapse\" data-parent=\"#accordion-4141-1\" data-target=\"#eda1e30e8f0d995a8\" href=\"#eda1e30e8f0d995a8\"><span class=\"fusion-toggle-icon-wrapper\" aria-hidden=\"true\"><i class=\"fa-fusion-box\"><\/i><\/span><span class=\"fusion-toggle-heading\">Puc donar-me de baixa?<\/span><\/a><\/h4><\/div><div id=\"eda1e30e8f0d995a8\" class=\"panel-collapse collapse \"><div class=\"panel-body toggle-content fusion-clearfix\">S\u00ed. Envia&#8217;ns un missatge amb la paraula BAIXA i et borrarem de la llista. Aix\u00ed de f\u00e0cil.<\/div><\/div><\/div><div class=\"fusion-panel panel-default\" role=\"tabpanel\"><div class=\"panel-heading\"><h4 class=\"panel-title toggle\"><a aria-expanded=\"false\" aria-selected=\"false\" aria-controls=\"93dafaa6900b5e9c6\" role=\"tab\" data-toggle=\"collapse\" data-parent=\"#accordion-4141-1\" data-target=\"#93dafaa6900b5e9c6\" href=\"#93dafaa6900b5e9c6\"><span class=\"fusion-toggle-icon-wrapper\" aria-hidden=\"true\"><i class=\"fa-fusion-box\"><\/i><\/span><span class=\"fusion-toggle-heading\">Qu\u00e8 passa amb les dades personals?<\/span><\/a><\/h4><\/div><div id=\"93dafaa6900b5e9c6\" class=\"panel-collapse collapse \"><div class=\"panel-body toggle-content fusion-clearfix\">No et demanem cap dada. No volem saber si eres PDI o PAS. Ni el nom. Aix\u00ed nomes tenim el teu contacte per poder enviar-te els missatges.<\/p>\n<p>Com que no es tracta d&#8217;un grup, cap altre usuari tindr\u00e0 acc\u00e9s al teu telefon.<\/p>\n<p>El dia que vullgues donar-te de baixa et borrem i punt.<\/div><\/div><\/div><\/div><\/div><div class=\"fusion-clearfix\"><\/div><\/div><\/div><\/div><\/div>\n","protected":false},"excerpt":{"rendered":"","protected":false},"author":29775,"featured_media":0,"parent":0,"menu_order":0,"comment_status":"closed","ping_status":"closed","template":"","meta":{"footnotes":""},"class_list":["post-4141","page","type-page","status-publish","hentry"],"_links":{"self":[{"href":"https:\/\/www.stepv.upv.es\/va\/wp-json\/wp\/v2\/pages\/4141","targetHints":{"allow":["GET"]}}],"collection":[{"href":"https:\/\/www.stepv.upv.es\/va\/wp-json\/wp\/v2\/pages"}],"about":[{"href":"https:\/\/www.stepv.upv.es\/va\/wp-json\/wp\/v2\/types\/page"}],"author":[{"embeddable":true,"href":"https:\/\/www.stepv.upv.es\/va\/wp-json\/wp\/v2\/users\/29775"}],"replies":[{"embeddable":true,"href":"https:\/\/www.stepv.upv.es\/va\/wp-json\/wp\/v2\/comments?post=4141"}],"version-history":[{"count":0,"href":"https:\/\/www.stepv.upv.es\/va\/wp-json\/wp\/v2\/pages\/4141\/revisions"}],"wp:attachment":[{"href":"https:\/\/www.stepv.upv.es\/va\/wp-json\/wp\/v2\/media?parent=4141"}],"curies":[{"name":"wp","href":"https:\/\/api.w.org\/{rel}","templated":true}]}}