{"id":22091,"date":"2025-09-03T09:47:16","date_gmt":"2025-09-03T07:47:16","guid":{"rendered":"https:\/\/www.stepv.upv.es\/?page_id=22091"},"modified":"2025-09-03T09:47:16","modified_gmt":"2025-09-03T07:47:16","slug":"censura","status":"publish","type":"page","link":"https:\/\/www.stepv.upv.es\/va\/censura\/","title":{"rendered":"Censura a la upv"},"content":{"rendered":"<div class=\"fusion-fullwidth fullwidth-box fusion-builder-row-1 nonhundred-percent-fullwidth non-hundred-percent-height-scrolling\"  style='background-color: rgba(255,255,255,0);background-position: center center;background-repeat: no-repeat;padding-top:0px;padding-right:0px;padding-bottom:0px;padding-left:0px;'><div class=\"fusion-builder-row fusion-row \"><div  class=\"fusion-layout-column fusion_builder_column fusion_builder_column_1_1 fusion-builder-column-0 fusion-one-full fusion-column-first fusion-column-last 1_1\"  style='margin-top:0px;margin-bottom:20px;'><div class=\"fusion-column-wrapper\" style=\"padding: 0px 0px 0px 0px;background-position:left top;background-repeat:no-repeat;-webkit-background-size:cover;-moz-background-size:cover;-o-background-size:cover;background-size:cover;\"   data-bg-url=\"\"><div class=\"imageframe-align-center\"><span class=\"fusion-imageframe imageframe-none imageframe-1 hover-type-none\"><img loading=\"lazy\" decoding=\"async\" src=\"https:\/\/www.stepv.upv.es\/wp-content\/uploads\/2025\/07\/banner-censura-1.png\" width=\"1921\" height=\"704\" alt=\"\" title=\"banner censura\" class=\"img-responsive wp-image-22111\" srcset=\"https:\/\/www.stepv.upv.es\/wp-content\/uploads\/2025\/07\/banner-censura-1-200x73.png 200w, https:\/\/www.stepv.upv.es\/wp-content\/uploads\/2025\/07\/banner-censura-1-400x147.png 400w, https:\/\/www.stepv.upv.es\/wp-content\/uploads\/2025\/07\/banner-censura-1-600x220.png 600w, https:\/\/www.stepv.upv.es\/wp-content\/uploads\/2025\/07\/banner-censura-1-800x293.png 800w, https:\/\/www.stepv.upv.es\/wp-content\/uploads\/2025\/07\/banner-censura-1-1200x440.png 1200w, https:\/\/www.stepv.upv.es\/wp-content\/uploads\/2025\/07\/banner-censura-1.png 1921w\" sizes=\"auto, (max-width: 800px) 100vw, 1921px\" \/><\/span><\/div><div class=\"fusion-sep-clear\"><\/div><div class=\"fusion-separator fusion-full-width-sep sep-single\" style=\"border-color:#af2020;border-top-width:10px;margin-left: auto;margin-right: auto;margin-top:;\"><\/div><style type=\"text\/css\"><\/style><div class=\"fusion-title title fusion-title-1 fusion-sep-none fusion-title-text fusion-title-size-one\" style=\"margin-top:0px;margin-bottom:31px;\"><h1 class=\"title-heading-left\" style=\"margin:0;\">Hi ha <strong>censura<\/strong> a la UPV?<\/h1><\/div><div class=\"fusion-text\"><p data-start=\"165\" data-end=\"380\">La paraula <strong><em data-start=\"176\" data-end=\"185\">censura<\/em> <\/strong>\u00e9s molt forta, s\u00ed. Per\u00f2, com hem d\u2019anomenar, si no, el fet de <strong>limitar la veu de diversos col\u00b7lectius dins de la UPV<\/strong>? Com descrivim la voluntat de controlar el flux d\u2019informaci\u00f3 des del Rectorat?<\/p>\n<p data-start=\"382\" data-end=\"704\">Recentment s\u2019ha aprovat un nou <strong>protocol d\u2019\u00fas del correu electr\u00f2nic<\/strong> que restringeix seriosament la capacitat de comunicaci\u00f3 dels sindicats. Tot plegat, amb l\u2019excusa de reduir el volum de missatges. Per\u00f2 sabem perfectament que aquest protocol afecta directament el nostre dret a comunicar-nos amb la comunitat universit\u00e0ria.<\/p>\n<h3 data-start=\"706\" data-end=\"1122\">Per qu\u00e8 ara?<\/h3>\n<p>Al nostre entendre, no \u00e9s cap casualitat. Fa uns mesos vam demanar el <a href=\"https:\/\/stepv.intersindical.org\/noticies\/article\/stepv_exigeix_el_cessament_de_dos_vicerectors_de_la_upv_per_banalitzar_al_voltant_de_lassetjament_sexual\">cessament de dos vicerectors<\/a> per unes <strong>declaracions masclistes<\/strong> fetes en un acte de campanya amb l\u2019estudiantat. Tamb\u00e9 vam denunciar p\u00fablicament el tristament fam\u00f3s <a href=\"https:\/\/www.stepv.upv.es\/va\/vergonyaupv\/\"><em data-start=\"951\" data-end=\"974\">selfie de la vergonya<\/em><\/a> amb <strong>Carlos Maz\u00f3n<\/strong>, en qu\u00e8 tot l\u2019equip rectoral es va alinear acr\u00edticament amb el poder pol\u00edtic. I ara, de sobte, ens retallen canals de comunicaci\u00f3.<\/p>\n<p>Tamb\u00e9 hem assolit amb el teu vot una fita important de representativitat al <a href=\"https:\/\/www.stepv.upv.es\/va\/consell-de-govern-hem-fet-historia-i-lhas-escrita-tu\/\">Consell de Govern<\/a>, on la nostra (teua) pres\u00e8ncia \u00e9s aclaparadora.<\/p>\n<p data-start=\"1124\" data-end=\"1321\">No ho podem ignorar. No es tracta nom\u00e9s de correus: <strong>es tracta de llibertat d\u2019expressi\u00f3, de participaci\u00f3 i de pluralitat dins la universitat p\u00fablica.<\/strong> La vigil\u00e0ncia cr\u00edtica \u00e9s m\u00e9s necess\u00e0ria que mai.<\/p>\n<p data-start=\"1323\" data-end=\"1633\">Comparteix!<\/p>\n<\/div><div class=\"fusion-blog-shortcode fusion-blog-shortcode-1 fusion-blog-archive fusion-blog-layout-grid-wrapper fusion-blog-pagination fusion-blog-no-images\"><style type=\"text\/css\">.fusion-blog-shortcode-1 .fusion-blog-layout-grid .fusion-post-grid{padding:20px;}.fusion-blog-shortcode-1 .fusion-posts-container{margin-left: -20px !important; margin-right:-20px !important;}<\/style><div class=\"fusion-posts-container fusion-posts-container-pagination fusion-no-meta-info fusion-blog-layout-grid fusion-blog-layout-grid-3 isotope\" data-pages=\"3\" data-grid-col-space=\"40\" style=\"margin: -20px -20px 0;min-height:500px;\"><article id=\"blog-1-post-22637\" class=\"fusion-post-grid post-22637 post type-post status-publish format-standard has-post-thumbnail hentry category-acces-i-promocio category-censura category-ptgas-diu-prou\">\n<div class=\"fusion-post-wrapper\" style=\"background-color:rgba(255,255,255,0);border:1px solid #ebeaea;border-bottom-width:3px;\"><div class=\"fusion-post-content-wrapper\" style=\"padding:30px 25px 20px 25px;\"><div class=\"fusion-post-content post-content\"><h2 class=\"blog-shortcode-post-title entry-title\"><a href=\"https:\/\/www.stepv.upv.es\/va\/stop-col%c2%b7locometre-un-llac-roig-amb-punts-blancs\/\">STOP COL\u00b7LOC\u00d2METRE: Un lla\u00e7 roig amb punts blancs<\/a><\/h2><div class=\"fusion-post-content-container\"><p>En els darrers anys s\u2019ha desplegat un conjunt de decisions que han afavorit la <strong>substituci\u00f3 progressiva de la plantilla<\/strong> per personal <em>\u201cextern\u201d<\/em> (per dir-ho suaument), sovint mitjan\u00e7ant <strong>procediments poc transparents i dif\u00edcilment recurribles<\/strong>.<br \/>\n<a href=\"https:\/\/www.stepv.upv.es\/va\/lestrategia-per-desplacar-el-personal-propi\/\">Aquest proc\u00e9s<\/a> <strong>q\u00fcestiona la v\u00e0lua del PTGAS<\/strong> i <strong>limita les seues oportunitats de promoci\u00f3<\/strong>, amb la conniv\u00e8ncia (si no impuls) de la ger\u00e8ncia i el rectorat. A m\u00e9s, resulta <strong>dif\u00edcil d\u2019acceptar<\/strong> que, mentre el <strong>personal propi acredita m\u00e8rits i experi\u00e8ncia<\/strong>, altres avancen per <strong>criteris que costen d\u2019explicar<\/strong>.<\/p>\n<p><strong>Bolets com met\u00e0fora<br \/>\n<\/strong><br \/>\nA partir de les propostes de <a href=\"https:\/\/www.stepv.upv.es\/va\/ptgas-diu-prou-exit-en-la-primera-assemblea\/\">la primera assemblea<\/a> em titulat la campanya <em>\u201cEls bolets a la UPV\u201d<\/em> perqu\u00e8, <strong>com els bolets<\/strong>, aquest proc\u00e9s <strong>ha crescut r\u00e0pidament, sense control i ocupant espais que no li corresponen<\/strong>. Proposem portar un <strong>lla\u00e7 roig amb punts blancs<\/strong> perqu\u00e8 evoca l\u2019<em>Amanita musc\u00e0ria<\/em>, <strong>un bolet aparentment atractiu per\u00f2 altament t\u00f2xic<\/strong>: una met\u00e0fora d\u2019un <strong>model de gesti\u00f3 que pot semblar inofensiu<\/strong>, per\u00f2 que <strong>ens retorna a pr\u00e0ctiques que cr\u00e8iem superades<\/strong> a la universitat.<\/p>\n<\/div><\/div><\/div><div class=\"fusion-clearfix\"><\/div><\/div>\n<\/article>\n<article id=\"blog-1-post-22612\" class=\"fusion-post-grid post-22612 post type-post status-publish format-standard has-post-thumbnail hentry category-censura category-organs-de-govern\">\n<div class=\"fusion-post-wrapper\" style=\"background-color:rgba(255,255,255,0);border:1px solid #ebeaea;border-bottom-width:3px;\"><div class=\"fusion-post-content-wrapper\" style=\"padding:30px 25px 20px 25px;\"><div class=\"fusion-post-content post-content\"><h2 class=\"blog-shortcode-post-title entry-title\"><a href=\"https:\/\/www.stepv.upv.es\/va\/deficit-de-compresio-democratica\/\">D\u00e8ficit de compresi\u00f3 democr\u00e0tica<\/a><\/h2><div class=\"fusion-post-content-container\"><p>Com ja sabeu, la candidatura de\u00a0<b>M\u00e9s UPV<\/b>\u00a0va guanyar\u00a0<b>6 dels 7 representants electes del col\u00b7lectiu PTGAS<\/b>\u00a0al Claustre.<\/p>\n<p>Segons la normativa de l\u2019\u00f2rgan, la\u00a0<b>Comissi\u00f3 Permanent<\/b>\u00a0ha d\u2019incloure necess\u00e0riament un membre del personal PTGAS. En una universitat realment democr\u00e0tica, seria raonable que eixe representant\u00a0<b>isquera<\/b>\u00a0<b>d\u2019entre les persones elegides democr\u00e0ticament<\/b>\u00a0pel mateix col\u00b7lectiu, \u00e9s a dir, d\u2019entre eixos set membres.<\/p>\n<p>Tanmateix,\u00a0<b>el rector ha decidit imposar<\/b>\u00a0un representant\u00a0<b>\u201ca dit\u201d<\/b>, ja sabeu que li agrada molt all\u00f2 del \u201ccol\u00b7locometre\u201d,\u00a0<b>ignorant<\/b>\u00a0la voluntat expressada per la\u00a0<b>majoria<\/b>\u00a0<b>del PTGAS<\/b>, que havia triat F\u00e0tima Romero com a seua representant leg\u00edtima.<\/p>\n<p>Amb una\u00a0<b>interpretaci\u00f3 esbiaixada i interessada del reglament<\/b>, que no especifica com s\u2019ha de fer eixa designaci\u00f3, el rector ha optat per\u00a0<b>burlar la decisi\u00f3 democr\u00e0tica<\/b>\u00a0<b>del col\u00b7lectiu<\/b>\u00a0i col\u00b7locar-hi una persona de la seua confian\u00e7a, una mena \u201cd\u2019home de palla\u201d o \u201ctitella\u201d institucional.<\/p>\n<p>Aquesta pr\u00e0ctica, tot i ajustar-se al reglament, \u00e9s\u00a0<b>un mal exemple de governan\u00e7a<\/b>\u00a0i evidencia una manera d\u2019exercir el poder que no ent\u00e9n la democr\u00e0cia com un sistema de representaci\u00f3 real, sin\u00f3 com una simple habilitaci\u00f3 legal per fer i desfer discrecionalment.<\/p>\n<p>Potser eixe \u00e9s el model de \u201cdemocr\u00e0cia\u201d que m\u00e9s li agrada:\u00a0<b>el de la Xina.<\/b><\/p>\n<h2><b>No \u00e9s un cas a\u00efllat<\/b><\/h2>\n<p>Quan un sistema ja presenta distorsions democr\u00e0tiques estructurals, com la ponderaci\u00f3 del vot, qualsevol desviaci\u00f3 addicional no \u00e9s nom\u00e9s un detall, sin\u00f3 un\u00a0<b>s\u00edmptoma greu de retroc\u00e9s institucional<\/b>.<\/p>\n<p>En aquest context:<\/p>\n<p><b>1.<\/b>\u00a0<b>Modificar les paraules en les actes<\/b>\u00a0vulnera la fiabilitat institucional i deslegitima els \u00f2rgans col\u00b7legiats.<\/p>\n<p><b>\u00a0 \u00a0 \u00a0 \u00a0 \u00a0 \u00a0 \u00a0 \u00a0La veritat soterrada per l\u2019acta<\/b>\u00a0<b><a href=\"https:\/\/www.stepv.upv.es\/va\/la-veritat-soterrada-per-lacta\/\" target=\"_blank\" rel=\"noopener\">[+LLEGIR M\u00c9S]<\/a><br \/>\n<\/b><\/p>\n<p><b>\u00a0 \u00a0 \u00a0 \u00a0 \u00a0 \u00a0 \u00a0 \u00a0Sessions sense actes <a href=\"https:\/\/www.stepv.upv.es\/va\/sessions-sense-actes-la-nova-tradicio-silenciosa-de-la-mgn\/\" target=\"_blank\" rel=\"noopener\">[+LLEGIR M\u00c9S]<\/a><\/b><\/p>\n<div><b>2.<\/b>\u00a0<b>Editar les gravacions<\/b>\u00a0per ocultar intervencions.<\/div>\n<div><\/div>\n<div><b>\u00a0 \u00a0 \u00a0 \u00a0 \u00a0 \u00a0 \u00a0 \u00a0Esborra el que no t\u2019agrade <a href=\"https:\/\/www.stepv.upv.es\/va\/claustre-esborra-el-que-no-tagrade\/\" target=\"_blank\" rel=\"noopener\">[+LLEGIR M\u00c9S]<\/a><\/b><\/div>\n<div><\/div>\n<p><b>3.<\/b>\u00a0<b>Controlar i censurar la informaci\u00f3<\/b>\u00a0impedeix el debat plural, que \u00e9s la base de qualsevol espai acad\u00e8mic.<\/p>\n<p><b>\u00a0 \u00a0 \u00a0 \u00a0 \u00a0 \u00a0 \u00a0 El protocol de la vergonya <\/b><b><a href=\"https:\/\/www.stepv.upv.es\/va\/el-protocol-de-la-vergonya\/\" target=\"_blank\" rel=\"noopener\">[+LLEGIR M\u00c9S]<\/a><\/b><\/p>\n<p><b>\u00a0 \u00a0 \u00a0 \u00a0 \u00a0 \u00a0 \u00a0 Restringir la informaci\u00f3 sobre una vaga \u00e9s una forma de censura <a href=\"https:\/\/www.stepv.upv.es\/va\/restringir-la-informacio-sobre-una-vaga-es-una-forma-de-censura\/\" target=\"_blank\" rel=\"noopener\">[+LLEGIR M\u00c9S]<\/a><\/b><\/p>\n<p><b>4. Reduir terminis democr\u00e0tics<\/b>\u00a0limita la participaci\u00f3 real i dificulta que els \u00f2rgans consultius puguen exercir el seu paper.<\/p>\n<p><b>\u00a0 \u00a0 \u00a0 \u00a0 \u00a0 \u00a0 \u00a0 \u00a0Sembla que ens sent, per\u00f2 no ens escolta<a href=\"https:\/\/www.stepv.upv.es\/va\/claustre-sembla-que-ens-sent-pero-no-ens-escolta\/\" target=\"_blank\" rel=\"noopener\">\u00a0[+LLEGIR M\u00c9S]<\/a><\/b><\/p>\n<p>Quan s\u2019acumulen aquests elements, s\u2019arriba a un model de govern que\u00a0<b>ja no \u00e9s<\/b>\u00a0<b>nom\u00e9s poc democr\u00e0tic<\/b>, sin\u00f3 que\u00a0<b>\u00e9s activament incompatible<\/b>\u00a0amb el que hauria de ser una instituci\u00f3 p\u00fablica de coneixement i deliberaci\u00f3.<\/p>\n<\/div><\/div><\/div><div class=\"fusion-clearfix\"><\/div><\/div>\n<\/article>\n<article id=\"blog-1-post-22499\" class=\"fusion-post-grid post-22499 post type-post status-publish format-standard hentry category-censura category-consell-de-govern\">\n<div class=\"fusion-post-wrapper\" style=\"background-color:rgba(255,255,255,0);border:1px solid #ebeaea;border-bottom-width:3px;\"><div class=\"fusion-post-content-wrapper\" style=\"padding:30px 25px 20px 25px;\"><div class=\"fusion-post-content post-content\"><h2 class=\"blog-shortcode-post-title entry-title\"><a href=\"https:\/\/www.stepv.upv.es\/va\/respecte-i-normes-per-a-totes\/\">Respecte i normes per a totes<\/a><\/h2><div class=\"fusion-post-content-container\"><p>En l\u2019\u00faltim Consell de Govern <strong>se\u2019ns va insultar, interrompre i censurar<\/strong>.<br \/>\nSembla que <strong>fer callar l\u2019adversari a qualsevol preu<\/strong>, fins i tot <strong>saltant-se el dec\u00f2rum m\u00e9s b\u00e0sic<\/strong>, s\u2019ha convertit en una pr\u00e0ctica habitual. No acaba en censurar el correu.<\/p>\n<p>Potser no cal entrar en detalls \u2014algunes persones, que no totes, <strong>han demanat disculpes<\/strong>\u2014, per\u00f2 val la pena fer una reflexi\u00f3:<br \/>\nPer molt que una persona <strong>presidisca un \u00f2rgan<\/strong>, <strong>mai est\u00e0 per damunt de les seues normes<\/strong>. Si aquestes normes estan ben dissenyades, \u00e9s precisament <strong>per protegir els membres de l\u2019\u00f2rgan dels possibles abusos de qui el dirigeix<\/strong>.<\/p>\n<p>De la mateixa manera, <strong>per molt que s\u2019ocupe una direcci\u00f3, d\u2019escola, departament\u2026 o campus\u2026<\/strong> <strong>no es pot actuar al marge de les lleis, reglaments o principis b\u00e0sics de respecte institucional<\/strong>. M\u00e9s detalls en el resum del consell de govern.<\/p>\n<p>Les normes <strong>no s\u00f3n una formalitat<\/strong>, s\u00f3n <strong>la garantia que totes i tots som tractats amb igualtat i dignitat<\/strong>.<\/p>\n<\/div><\/div><\/div><div class=\"fusion-clearfix\"><\/div><\/div>\n<\/article>\n<article id=\"blog-1-post-22604\" class=\"fusion-post-grid post-22604 post type-post status-publish format-standard has-post-thumbnail hentry category-censura category-consell-de-govern\">\n<div class=\"fusion-post-wrapper\" style=\"background-color:rgba(255,255,255,0);border:1px solid #ebeaea;border-bottom-width:3px;\"><div class=\"fusion-post-content-wrapper\" style=\"padding:30px 25px 20px 25px;\"><div class=\"fusion-post-content post-content\"><h2 class=\"blog-shortcode-post-title entry-title\"><a href=\"https:\/\/www.stepv.upv.es\/va\/la-veritat-soterrada-per-lacta\/\">La veritat soterrada per l\u2019acta<\/a><\/h2><div class=\"fusion-post-content-container\"><p>En paraules del secretari general, \u201cmai no hi havia hagut pol\u00e8mica per les actes\u201d. Potser perqu\u00e8 mai s\u2019havia produ\u00eft una tergiversaci\u00f3 com la d\u2019aquest Consell de Govern.<\/p>\n<p>En la sessi\u00f3 del juliol de 2025, <strong>Vicent Juli\u00e0<\/strong> va instar el rector a reconsiderar la decisi\u00f3 de no respectar el resultat democr\u00e0tic del <strong>PTGAS<\/strong>. En lloc de nomenar el representant escollit per votaci\u00f3, el rector va optar per imposar-ne un <strong>\u201ca dit\u201d<\/strong>, un <strong>titella<\/strong> de confian\u00e7a.<\/p>\n<p>El problema \u00e9s que aquesta intervenci\u00f3 no s\u2019ha recollit fidelment a l\u2019acta: el relat oficial <strong>distorsiona les paraules de Juli\u00e0<\/strong>, que ja ha demanat una <strong>rectificaci\u00f3<\/strong>.<\/p>\n<p>Tamb\u00e9, <strong>Ivan Gallego<\/strong> va sol\u00b7licitar que s\u2019hi feren constar les <strong>constants interrupcions del rector<\/strong>, que va arribar a qualificar la seua intervenci\u00f3 de <strong>\u201ctonteries\u201d<\/strong>, en un to clarament <strong>maleducat i despectiu<\/strong>.<\/p>\n<p>Tanmateix, <strong>la presid\u00e8ncia i la secretaria de l\u2019\u00f2rgan<\/strong> \u2014\u00e9s a dir, el rector i el secretari general nomenat pel mateix rector\u2014 <strong>s\u2019han negat a introduir cap canvi<\/strong>, refusant adequar l\u2019acta a la realitat dels fets.<\/p>\n<p>El resultat: unes intervencions <strong>manipulades<\/strong>, uns representants <strong>en situaci\u00f3 de vulnerabilitat i indefensi\u00f3<\/strong>, i una <strong>acta que, m\u00e9s que reflectir la veritat, la soterra.<\/strong><\/p>\n<\/div><\/div><\/div><div class=\"fusion-clearfix\"><\/div><\/div>\n<\/article>\n<article id=\"blog-1-post-22495\" class=\"fusion-post-grid post-22495 post type-post status-publish format-standard hentry category-censura\">\n<div class=\"fusion-post-wrapper\" style=\"background-color:rgba(255,255,255,0);border:1px solid #ebeaea;border-bottom-width:3px;\"><div class=\"fusion-post-content-wrapper\" style=\"padding:30px 25px 20px 25px;\"><div class=\"fusion-post-content post-content\"><h2 class=\"blog-shortcode-post-title entry-title\"><a href=\"https:\/\/www.stepv.upv.es\/va\/restringir-la-informacio-sobre-una-vaga-es-una-forma-de-censura\/\">Restringir la informaci\u00f3 sobre una vaga \u00e9s una forma de censura<\/a><\/h2><div class=\"fusion-post-content-container\"><p>Lamentem informar-vos que la limitaci\u00f3 de la comunicaci\u00f3 entre vosaltres i els vostres representants <strong>continua<\/strong>. Ja sabeu que, per poder rebre comunicacions dels vostres representants, <strong>us heu de subscriure.<\/strong> Aquesta situaci\u00f3 fa que un nombre significatiu de treballadors i treballadores <strong>no reba la informaci\u00f3 sobre la convocat\u00f2ria de vaga<\/strong>.<\/p>\n<p><strong>Contra la vaga, contra els teus drets<\/strong><\/p>\n<p>L\u2019administraci\u00f3 <strong>t\u00e9 l\u2019obligaci\u00f3<\/strong> de garantir que la plantilla siga informada de l\u2019exist\u00e8ncia d\u2019una vaga, per\u00f2 <strong>no ho ha fet<\/strong>.<br \/>\nCom que aquesta comunicaci\u00f3 no es va produir, ens vam adre\u00e7ar per escrit al <strong>Vicerrectorat de<\/strong> <strong>Comunicaci\u00f3<\/strong> i a <strong>Viceger\u00e8ncia de Recursos Humans<\/strong> reclamant que s\u2019informara adequadament, per\u00f2 <strong>tampoc s\u2019ha obtingut resposta ni acci\u00f3 efectiva<\/strong>.<\/p>\n<p><strong>Per\u00f2\u2026 \u00e9s obligatori? S\u00ed.<\/strong><\/p>\n<p>La comunicaci\u00f3 \u00e9s un <strong>element essencial per a l\u2019exercici efectiu del dret de vaga<\/strong>, reconegut a la <strong>Constituci\u00f3 Espanyola<\/strong> i desenvolupat per nombrosa jurisprud\u00e8ncia. No \u00e9s nom\u00e9s l\u2019acte d\u2019aturar el treball, sin\u00f3 tamb\u00e9 <strong>totes les activitats necess\u00e0ries per fer-lo efectiu<\/strong>, com ara <strong>informar i comunicar la convocat\u00f2ria als treballadors<\/strong>.<br \/>\nObstaculitzar aquesta comunicaci\u00f3 pot suposa una limitaci\u00f3 inacceptable de la llibertat sindical.<\/p>\n<p><strong>Ja havia passat<\/strong><\/p>\n<p>Com ja vam denunciar en la vaga anterior la Universitat va posar <strong><a href=\"https:\/\/www.stepv.upv.es\/va\/el-rector-silencia-la-vaga-contra-mazon\/\">traves per impedir que pogu\u00e9rem informar-vos<\/a><\/strong>, bloquejant l\u2019\u00fas de les pantalles dels campus, que s\u00ed s\u2019utilitzen per a missatges d\u2019empreses privades.<br \/>\nEn aquell moment, almenys, els nostres correus <strong>arribaven a tota la plantilla<\/strong>. Ara, a m\u00e9s de censurar les pantalles, <strong>es bloqueja la comunicaci\u00f3 sindical directa<\/strong>, deixant clar que l\u2019\u00c0rea de Comunicaci\u00f3 actua com un <strong>\u00f2rgan de propaganda<\/strong> m\u00e9s que com un servei p\u00fablic al servei de tota la comunitat universit\u00e0ria.<\/p>\n<\/div><\/div><\/div><div class=\"fusion-clearfix\"><\/div><\/div>\n<\/article>\n<article id=\"blog-1-post-22200\" class=\"fusion-post-grid post-22200 post type-post status-publish format-standard has-post-thumbnail hentry category-censura\">\n<div class=\"fusion-post-wrapper\" style=\"background-color:rgba(255,255,255,0);border:1px solid #ebeaea;border-bottom-width:3px;\"><div class=\"fusion-post-content-wrapper\" style=\"padding:30px 25px 20px 25px;\"><div class=\"fusion-post-content post-content\"><h2 class=\"blog-shortcode-post-title entry-title\"><a href=\"https:\/\/www.stepv.upv.es\/va\/sha-consumat-el-colp-a-la-llibertat-dexpressio-a-la-upv\/\">S&#8217;ha consumat el colp a la llibertat d&#8217;expressi\u00f3 a la UPV<\/a><\/h2><div class=\"fusion-post-content-container\"><p>Ja estem a\u00a0<b>15 de setembre, des de hui<\/b>, la Universitat ens talla el micr\u00f2fon.<\/p>\n<p>A partir d\u2019ara, nom\u00e9s rebr\u00e0s la nostra informaci\u00f3 si tu ens ho autoritzes.<\/p>\n<p>Per\u00f2 aquesta restricci\u00f3 no ve sola: per a consumar-la han\u00a0<b>dilapidat tamb\u00e9 els serveis<\/b>\u00a0<b>de cultura<\/b>, deixant clar que el valenci\u00e0 i la cultura no s\u00f3n una prioritat per a aquest equip rectoral. Tabula rasa: ni sindicats, ni cultura, ni valenci\u00e0.<\/p>\n<p>Es tracta de\u00a0<b>defensar un dret fonamental<\/b>, recollit a la Llei Org\u00e0nica de Llibertat Sindical i protegit pel Tribunal Constitucional:<\/p>\n<ul>\n<li>El dret de les seccions sindicals a informar\u00a0<b>a tot el personal de la UPV<\/b>.<\/li>\n<\/ul>\n<ul>\n<li>El dret de les treballadores i treballadors a rebre informaci\u00f3 sindical\u00a0<b>lliure i sense traves.<\/b><\/li>\n<\/ul>\n<h2><b>Per qu\u00e8 val la pena?<\/b><\/h2>\n<ul>\n<li>Perqu\u00e8 vols saber qu\u00e8 decideix el\u00a0<b>Consell de Govern<\/b>\u00a0i com t\u2019afecta.<\/li>\n<\/ul>\n<p><i>\u00a0 \u00a0 \u00a0 \u00a0 \u00a0 No et pots perdre els resums de Sento<\/i>.<\/p>\n<ul>\n<li>Perqu\u00e8 vols rebre informaci\u00f3 clara de\u00a0<b>convocat\u00f2ries<\/b>, drets\u00a0<b>i novetats laborals.<\/b><\/li>\n<\/ul>\n<p><i>\u00a0 \u00a0 \u00a0 \u00a0 \u00a0Mereixes estar al dia dels teus drets<\/i>.<\/p>\n<ul>\n<li>Perqu\u00e8 vols estar al corrent de les nostres\u00a0<b>negociacions i mobilitzacions<\/b>.<\/li>\n<\/ul>\n<p><i>\u00a0 \u00a0 \u00a0 \u00a0 \u00a0La transpar\u00e8ncia \u00e9s un dret. La mobilitzaci\u00f3 tamb\u00e9<\/i>.<\/p>\n<p>&nbsp;<\/p>\n<p>\ud83d\udc49\u00a0<b><a href=\"https:\/\/www.upv.es\/pls\/soalu\/sic_tibi.suscripcionTopics\" target=\"_blank\" rel=\"noopener\">Subscriu-te ara<\/a>\u00a0<\/b>i assegura\u2019t que ning\u00fa et deixa a cegues.<\/p>\n<p>No \u00e9s nom\u00e9s rebre correus: \u00e9s garantir que continuem sent\u00a0<b>els teus ulls i la teua veu<\/b>\u00a0dins la UPV.\u00a0<b>No es pot viure nom\u00e9s del relat de rectorat<\/b>.<\/p>\n<\/div><\/div><\/div><div class=\"fusion-clearfix\"><\/div><\/div>\n<\/article>\n<div class=\"fusion-clearfix\"><\/div><\/div><div class=\"pagination clearfix\"><span class=\"current\">1<\/span><a href=\"https:\/\/www.stepv.upv.es\/va\/wp-json\/wp\/v2\/pages\/22091\/page\/2\/\" class=\"inactive\">2<\/a><a class=\"pagination-next\" href=\"https:\/\/www.stepv.upv.es\/va\/wp-json\/wp\/v2\/pages\/22091\/page\/2\/\"><span class=\"page-text\">Next<\/span><span class=\"page-next\"><\/span><\/a><\/div><div class=\"fusion-clearfix\"><\/div><\/div><div class=\"fusion-clearfix\"><\/div><\/div><\/div><\/div><\/div>\n","protected":false},"excerpt":{"rendered":"","protected":false},"author":29775,"featured_media":0,"parent":0,"menu_order":0,"comment_status":"closed","ping_status":"closed","template":"","meta":{"footnotes":""},"class_list":["post-22091","page","type-page","status-publish","hentry"],"_links":{"self":[{"href":"https:\/\/www.stepv.upv.es\/va\/wp-json\/wp\/v2\/pages\/22091","targetHints":{"allow":["GET"]}}],"collection":[{"href":"https:\/\/www.stepv.upv.es\/va\/wp-json\/wp\/v2\/pages"}],"about":[{"href":"https:\/\/www.stepv.upv.es\/va\/wp-json\/wp\/v2\/types\/page"}],"author":[{"embeddable":true,"href":"https:\/\/www.stepv.upv.es\/va\/wp-json\/wp\/v2\/users\/29775"}],"replies":[{"embeddable":true,"href":"https:\/\/www.stepv.upv.es\/va\/wp-json\/wp\/v2\/comments?post=22091"}],"version-history":[{"count":0,"href":"https:\/\/www.stepv.upv.es\/va\/wp-json\/wp\/v2\/pages\/22091\/revisions"}],"wp:attachment":[{"href":"https:\/\/www.stepv.upv.es\/va\/wp-json\/wp\/v2\/media?parent=22091"}],"curies":[{"name":"wp","href":"https:\/\/api.w.org\/{rel}","templated":true}]}}