{"id":2144,"date":"2017-04-27T12:59:07","date_gmt":"2017-04-27T10:59:07","guid":{"rendered":"http:\/\/www.stepv.upv.es\/?page_id=2144"},"modified":"2026-02-09T18:58:39","modified_gmt":"2026-02-09T17:58:39","slug":"estudi-de-les-condicions-sociolaborals-del-pdi","status":"publish","type":"page","link":"https:\/\/www.stepv.upv.es\/va\/estudi-de-les-condicions-sociolaborals-del-pdi\/","title":{"rendered":"Estudi de les condicions sociolaborals del PDI"},"content":{"rendered":"<div class=\"fusion-fullwidth fullwidth-box fusion-builder-row-1 hundred-percent-fullwidth non-hundred-percent-height-scrolling\"  style='background-color: rgba(255,255,255,0);background-position: center center;background-repeat: no-repeat;padding-top:0px;padding-right:0px;padding-bottom:0px;padding-left:0px;'><div class=\"fusion-builder-row fusion-row \"><div  class=\"fusion-layout-column fusion_builder_column fusion_builder_column_1_1 fusion-builder-column-0 fusion-one-full fusion-column-first fusion-column-last 1_1\"  style='margin-top:0px;margin-bottom:20px;'><div class=\"fusion-column-wrapper\" style=\"padding: 0px 0px 0px 0px;background-position:left top;background-blend-mode: overlay;background-repeat:no-repeat;-webkit-background-size:cover;-moz-background-size:cover;-o-background-size:cover;background-size:cover;\"   data-bg-url=\"\"><style type=\"text\/css\"><\/style><div class=\"fusion-title title fusion-title-1 fusion-sep-none fusion-title-center fusion-title-text fusion-title-size-one\" style=\"margin-top:0px;margin-bottom:31px;\"><h1 class=\"title-heading-center\" style=\"margin:0;\">Estudi de les condicions<br \/>\nsociolaborals del PDI<\/h1><\/div><div class=\"fusion-clearfix\"><\/div><\/div><\/div><div  class=\"fusion-layout-column fusion_builder_column fusion_builder_column_1_1 fusion-builder-column-1 fusion-one-full fusion-column-first fusion-column-last 1_1\"  style='margin-top:0px;margin-bottom:20px;'><div class=\"fusion-column-wrapper\" style=\"padding: 0px 0px 0px 0px;background-position:left top;background-repeat:no-repeat;-webkit-background-size:cover;-moz-background-size:cover;-o-background-size:cover;background-size:cover;\"   data-bg-url=\"\"><div class=\"fusion-text\"><p>Durant l&#8217;any 2016, STEPV va realitzar una enquesta entre el professorat de les 5 universitats p\u00fabliques valencianes.\u00a0La mostra inclou professorat de totes les categories professionals, edats i sexe.<\/p>\n<p>En aquesta web pots trobar els titulars que STEPV va considerar m\u00e9s importants, per\u00f2 tamb\u00e9 pots descarregar l&#8217;informe complet.<\/p>\n<\/div><div class=\"fusion-clearfix\"><\/div><\/div><\/div><div  class=\"fusion-layout-column fusion_builder_column fusion_builder_column_1_4 fusion-builder-column-2 fusion-one-fourth fusion-column-first 1_4\"  style='margin-top:0px;margin-bottom:20px;width:25%;width:calc(25% - ( ( 4% ) * 0.25 ) );margin-right: 4%;'><div class=\"fusion-column-wrapper\" style=\"padding: 0px 0px 0px 0px;background-position:left top;background-repeat:no-repeat;-webkit-background-size:cover;-moz-background-size:cover;-o-background-size:cover;background-size:cover;\"   data-bg-url=\"\"><div class=\"fusion-content-boxes content-boxes columns row fusion-columns-1 fusion-columns-total-2 fusion-content-boxes-1 content-boxes-icon-on-top content-left\" data-animationOffset=\"100%\" style=\"margin-top:0px;margin-bottom:60px;\"><style type=\"text\/css\">.fusion-content-boxes-1 .heading .content-box-heading {color:#af2020;}\n\t\t\t\t\t.fusion-content-boxes-1 .fusion-content-box-hover .link-area-link-icon-hover .heading .content-box-heading,\n\t\t\t\t\t.fusion-content-boxes-1 .fusion-content-box-hover .link-area-link-icon-hover .heading .heading-link .content-box-heading,\n\t\t\t\t\t.fusion-content-boxes-1 .fusion-content-box-hover .link-area-box-hover .heading .content-box-heading,\n\t\t\t\t\t.fusion-content-boxes-1 .fusion-content-box-hover .link-area-box-hover .heading .heading-link .content-box-heading,\n\t\t\t\t\t.fusion-content-boxes-1 .fusion-content-box-hover .link-area-link-icon-hover.link-area-box .fusion-read-more,\n\t\t\t\t\t.fusion-content-boxes-1 .fusion-content-box-hover .link-area-link-icon-hover.link-area-box .fusion-read-more::after,\n\t\t\t\t\t.fusion-content-boxes-1 .fusion-content-box-hover .link-area-link-icon-hover.link-area-box .fusion-read-more::before,\n\t\t\t\t\t.fusion-content-boxes-1 .fusion-content-box-hover .fusion-read-more:hover:after,\n\t\t\t\t\t.fusion-content-boxes-1 .fusion-content-box-hover .fusion-read-more:hover:before,\n\t\t\t\t\t.fusion-content-boxes-1 .fusion-content-box-hover .fusion-read-more:hover,\n\t\t\t\t\t.fusion-content-boxes-1 .fusion-content-box-hover .link-area-box-hover.link-area-box .fusion-read-more,\n\t\t\t\t\t.fusion-content-boxes-1 .fusion-content-box-hover .link-area-box-hover.link-area-box .fusion-read-more::after,\n\t\t\t\t\t.fusion-content-boxes-1 .fusion-content-box-hover .link-area-box-hover.link-area-box .fusion-read-more::before,\n\t\t\t\t\t.fusion-content-boxes-1 .fusion-content-box-hover .link-area-link-icon-hover .icon .circle-no,\n\t\t\t\t\t.fusion-content-boxes-1 .heading .heading-link:hover .content-box-heading {\n\t\t\t\t\t\tcolor: #c174e0;\n\t\t\t\t\t}\n\t\t\t\t\t.fusion-content-boxes-1 .fusion-content-box-hover .link-area-box-hover .icon .circle-no {\n\t\t\t\t\t\tcolor: #c174e0 !important;\n\t\t\t\t\t}.fusion-content-boxes-1 .fusion-content-box-hover .link-area-box.link-area-box-hover .fusion-content-box-button {background: #af2020;color: #ffffff;}.fusion-content-boxes-1 .fusion-content-box-hover .link-area-box.link-area-box-hover .fusion-content-box-button .fusion-button-text {color: #ffffff;}\n\t\t\t\t\t.fusion-content-boxes-1 .fusion-content-box-hover .link-area-link-icon-hover .heading .icon > span {\n\t\t\t\t\t\tbackground-color: #c174e0 !important;\n\t\t\t\t\t}\n\t\t\t\t\t.fusion-content-boxes-1 .fusion-content-box-hover .link-area-box-hover .heading .icon > span {\n\t\t\t\t\t\tborder-color: #c174e0 !important;\n\t\t\t\t\t}<\/style><div class=\"fusion-column content-box-column content-box-column content-box-column-1 col-lg-12 col-md-12 col-sm-12 fusion-content-box-hover content-box-column-last-in-row\"><div class=\"col content-box-wrapper content-wrapper link-area-box link-type-text icon-hover-animation-fade\" style=\"background-color:rgba(255,255,255,0);\" data-link=\"\/wp-content\/uploads\/2017\/05\/Resumen-Informe-STEPV-definitivo.pdf\" data-link-target=\"_blank\" data-animationOffset=\"100%\"><div class=\"heading heading-with-icon icon-left\"><a class=\"heading-link\" href=\"\/wp-content\/uploads\/2017\/05\/Resumen-Informe-STEPV-definitivo.pdf\" target=\"_blank\" rel=\"noopener noreferrer\"><div class=\"icon\"><i style=\"border-color:#333333;border-width:0px;background-color:#af2020;box-sizing:content-box;height:80px;width:80px;line-height:80px;border-radius:50%;color:#ffffff;font-size:40px;\" class=\"fontawesome-icon fa-download fas circle-yes\"><\/i><\/div><h2 class=\"content-box-heading\" style=\"font-size:24px;line-height:29px;\">Descarrega l'informe complet<\/h2><\/a><\/div><\/div><\/div><div class=\"fusion-column content-box-column content-box-column content-box-column-2 col-lg-12 col-md-12 col-sm-12 fusion-content-box-hover content-box-column-last content-box-column-last-in-row\"><div class=\"col content-box-wrapper content-wrapper link-area-box icon-hover-animation-fade\" style=\"background-color:rgba(255,255,255,0);\" data-animationOffset=\"100%\"><div class=\"heading icon-left\"><h2 class=\"content-box-heading\" style=\"font-size:24px;line-height:29px;\">Your Content Goes Here<\/h2><\/div><div class=\"fusion-clearfix\"><\/div><div class=\"content-container\" style=\"color:#747474;\">Your Content Goes Here<\/div><\/div><\/div><style type=\"text\/css\">\n\t\t\t\t\t\t.fusion-content-boxes-1 .fusion-content-box-hover .heading-link:hover .icon i.circle-yes,\n\t\t\t\t\t\t.fusion-content-boxes-1 .fusion-content-box-hover .link-area-box:hover .heading-link .icon i.circle-yes,\n\t\t\t\t\t\t.fusion-content-boxes-1 .fusion-content-box-hover .link-area-link-icon-hover .heading .icon i.circle-yes,\n\t\t\t\t\t\t.fusion-content-boxes-1 .fusion-content-box-hover .link-area-box-hover .heading .icon i.circle-yes {\n\t\t\t\t\t\t\tbackground-color: #c174e0 !important;\n\t\t\t\t\t\t\tborder-color: #c174e0 !important;\n\t\t\t\t\t\t}<\/style><div class=\"fusion-clearfix\"><\/div><\/div><div class=\"fusion-clearfix\"><\/div><\/div><\/div><div  class=\"fusion-layout-column fusion_builder_column fusion_builder_column_3_4 fusion-builder-column-3 fusion-three-fourth fusion-column-last 3_4\"  style='margin-top:0px;margin-bottom:20px;width:75%;width:calc(75% - ( ( 4% ) * 0.75 ) );'><div class=\"fusion-column-wrapper\" style=\"padding: 0px 0px 0px 0px;background-position:left top;background-repeat:no-repeat;-webkit-background-size:cover;-moz-background-size:cover;-o-background-size:cover;background-size:cover;\"   data-bg-url=\"\"><div class=\"fusion-recent-posts fusion-recent-posts-1 avada-container layout-default layout-columns-1 fusion-recent-posts-infinite\" data-pages=\"1\"><section class=\"fusion-columns columns fusion-columns-1 columns-1\"><article class=\"post fusion-column column col col-lg-12 col-md-12 col-sm-12\"><div class=\"recent-posts-content\"><span class=\"vcard\" style=\"display: none;\"><span class=\"fn\"><a href=\"https:\/\/www.stepv.upv.es\/va\/author\/vijufer\/\" title=\"Entrades de Vicent Juli\u00e0 Fern\u00e1ndez\" rel=\"author\">Vicent Juli\u00e0 Fern\u00e1ndez<\/a><\/span><\/span><span class=\"updated\" style=\"display:none;\">2017-06-12T13:57:23+00:00<\/span><h4 class=\"entry-title\"><a href=\"https:\/\/www.stepv.upv.es\/va\/els-temps-de-les-tasques-del-pdi-2\/\">La distribuci\u00f3 de la jornada entre les tasques del PDI<\/a><\/h4><p> Els temps dedicats a les tasques del PDI \u00a0 SABIES QUE\u2026 el professorat de les universitats p\u00fabliques valencianes percep que dedica m\u00e9s de la mitat de la jornada laboral a la doc\u00e8ncia \u00a0 % <a href=\"https:\/\/www.stepv.upv.es\/va\/els-temps-de-les-tasques-del-pdi-2\/\">[...]<\/a><\/p><\/div><\/article><article class=\"post fusion-column column col col-lg-12 col-md-12 col-sm-12\"><div class=\"recent-posts-content\"><span class=\"vcard\" style=\"display: none;\"><span class=\"fn\"><a href=\"https:\/\/www.stepv.upv.es\/va\/author\/vijufer\/\" title=\"Entrades de Vicent Juli\u00e0 Fern\u00e1ndez\" rel=\"author\">Vicent Juli\u00e0 Fern\u00e1ndez<\/a><\/span><\/span><span class=\"updated\" style=\"display:none;\">2017-05-29T08:25:27+00:00<\/span><h4 class=\"entry-title\"><a href=\"https:\/\/www.stepv.upv.es\/va\/qualificatius-de-les-tasques-2\/\">Com s\u00f3n les tasques del PDI<\/a><\/h4><p>Els qualificatius associats a les tasques del PDI \u00a0 SABIES COM\u2026 qualifica el professorat de les universitats p\u00fabliques valencianes les activitats docent, investigadora i gestora? Nota: L'elecci\u00f3 d'aquests adjectius qualificatius ha sigut feta pels mateixos <a href=\"https:\/\/www.stepv.upv.es\/va\/qualificatius-de-les-tasques-2\/\">[...]<\/a><\/p><\/div><\/article><article class=\"post fusion-column column col col-lg-12 col-md-12 col-sm-12\"><div class=\"recent-posts-content\"><span class=\"vcard\" style=\"display: none;\"><span class=\"fn\"><a href=\"https:\/\/www.stepv.upv.es\/va\/author\/vijufer\/\" title=\"Entrades de Vicent Juli\u00e0 Fern\u00e1ndez\" rel=\"author\">Vicent Juli\u00e0 Fern\u00e1ndez<\/a><\/span><\/span><span class=\"updated\" style=\"display:none;\">2017-05-12T13:05:07+00:00<\/span><h4 class=\"entry-title\"><a href=\"https:\/\/www.stepv.upv.es\/va\/problemes-2\/\">Els problemes per desenvolupar el nostre treball<\/a><\/h4><p> La burocr\u00e0cia es el principal problema per a l'activitat docent, investigadora i de gesti\u00f3, per\u00f2 no l'\u00fanic \u00a0 SABIES QUE\u2026 segons el professorat de les universitats p\u00fabliques valencianes la burocr\u00e0cia es el principal problema <a href=\"https:\/\/www.stepv.upv.es\/va\/problemes-2\/\">[...]<\/a><\/p><\/div><\/article><article class=\"post fusion-column column col col-lg-12 col-md-12 col-sm-12\"><div class=\"recent-posts-content\"><span class=\"vcard\" style=\"display: none;\"><span class=\"fn\"><a href=\"https:\/\/www.stepv.upv.es\/va\/author\/vijufer\/\" title=\"Entrades de Vicent Juli\u00e0 Fern\u00e1ndez\" rel=\"author\">Vicent Juli\u00e0 Fern\u00e1ndez<\/a><\/span><\/span><span class=\"updated\" style=\"display:none;\">2017-05-09T11:16:05+00:00<\/span><h4 class=\"entry-title\"><a href=\"https:\/\/www.stepv.upv.es\/va\/situacio-laboral-actual-2\/\">Com era, \u00e9s i ser\u00e0 la nostra situaci\u00f3 laboral<\/a><\/h4><p>La situaci\u00f3 laboral del PDI \u00e9s regular, pijor que la de fa uns anys, i amb una projecci\u00f3 de futur pessimista \u00a0 SABIES QUE\u2026 m\u00e9s del 75% del professorat de les universitats p\u00fabliques valencianes pensa <a href=\"https:\/\/www.stepv.upv.es\/va\/situacio-laboral-actual-2\/\">[...]<\/a><\/p><\/div><\/article><article class=\"post fusion-column column col col-lg-12 col-md-12 col-sm-12\"><div class=\"recent-posts-content\"><span class=\"vcard\" style=\"display: none;\"><span class=\"fn\"><a href=\"https:\/\/www.stepv.upv.es\/va\/author\/vijufer\/\" title=\"Entrades de Vicent Juli\u00e0 Fern\u00e1ndez\" rel=\"author\">Vicent Juli\u00e0 Fern\u00e1ndez<\/a><\/span><\/span><span class=\"updated\" style=\"display:none;\">2017-05-04T11:34:38+00:00<\/span><h4 class=\"entry-title\"><a href=\"https:\/\/www.stepv.upv.es\/va\/la_recerca_i_el_reconeixement_academic-2\/\">La promoci\u00f3 professional dep\u00e9n, nom\u00e9s, de la recerca<\/a><\/h4><p>El reconeixement acad\u00e8mic dep\u00e9n de la recerca publicada \u00a0 SABIES QUE\u2026 l'opini\u00f3 de la pr\u00e0ctica totalitat del professorat de les universitats p\u00fabliques valencianes \u00e9s que el reconeixement acad\u00e8mic dep\u00e9n majorit\u00e0riament de la recerca publicada \u00a0Distribuci\u00f3 <a href=\"https:\/\/www.stepv.upv.es\/va\/la_recerca_i_el_reconeixement_academic-2\/\">[...]<\/a><\/p><\/div><\/article><article class=\"post fusion-column column col col-lg-12 col-md-12 col-sm-12\"><div class=\"recent-posts-content\"><span class=\"vcard\" style=\"display: none;\"><span class=\"fn\"><a href=\"https:\/\/www.stepv.upv.es\/va\/author\/vijufer\/\" title=\"Entrades de Vicent Juli\u00e0 Fern\u00e1ndez\" rel=\"author\">Vicent Juli\u00e0 Fern\u00e1ndez<\/a><\/span><\/span><span class=\"updated\" style=\"display:none;\">2017-05-02T09:26:53+00:00<\/span><h4 class=\"entry-title\"><a href=\"https:\/\/www.stepv.upv.es\/va\/professorat_associat_precari-2\/\">La precarietat del professorat associat<\/a><\/h4><p>Les universitats han convertit el professorat associat en m\u00e0 d'obra barata \u00a0 SABIES QUE\u2026 el professorat de les universitats p\u00fabliques valencianes opina que la pitjor situaci\u00f3 professional del PDI la pateix el professorat associat \u00a0Distribuci\u00f3 <a href=\"https:\/\/www.stepv.upv.es\/va\/professorat_associat_precari-2\/\">[...]<\/a><\/p><\/div><\/article><article class=\"post fusion-column column col col-lg-12 col-md-12 col-sm-12\"><div class=\"recent-posts-content\"><span class=\"vcard\" style=\"display: none;\"><span class=\"fn\"><a href=\"https:\/\/www.stepv.upv.es\/va\/author\/vijufer\/\" title=\"Entrades de Vicent Juli\u00e0 Fern\u00e1ndez\" rel=\"author\">Vicent Juli\u00e0 Fern\u00e1ndez<\/a><\/span><\/span><span class=\"updated\" style=\"display:none;\">2017-04-27T11:48:15+00:00<\/span><h4 class=\"entry-title\"><a href=\"https:\/\/www.stepv.upv.es\/va\/crieris_dacreditacio-2\/\">L&#8217;acreditaci\u00f3 i la promoci\u00f3<\/a><\/h4><p> Els canviants criteris d'acreditaci\u00f3 no s\u00f3n cap garantia de promoci\u00f3 \u00a0 SABIES QUE\u2026 el fet que els criteris per a acreditar-se canvien constantment es percep com un entrebanc per a la promoci\u00f3 del professorat <a href=\"https:\/\/www.stepv.upv.es\/va\/crieris_dacreditacio-2\/\">[...]<\/a><\/p><\/div><\/article><article class=\"post fusion-column column col col-lg-12 col-md-12 col-sm-12\"><div class=\"recent-posts-content\"><span class=\"vcard\" style=\"display: none;\"><span class=\"fn\"><a href=\"https:\/\/www.stepv.upv.es\/va\/author\/vijufer\/\" title=\"Entrades de Vicent Juli\u00e0 Fern\u00e1ndez\" rel=\"author\">Vicent Juli\u00e0 Fern\u00e1ndez<\/a><\/span><\/span><span class=\"updated\" style=\"display:none;\">2017-04-12T10:53:56+00:00<\/span><h4 class=\"entry-title\"><a href=\"https:\/\/www.stepv.upv.es\/va\/els-sous-es-redueixen-les-tasques-i-responsabilitats-no-2\/\">M\u00e9s treball per menys sou<\/a><\/h4><p> Els sous del PDI es redueixen, les tasques i responsabilitats augmenten SABIES QUE\u2026 quasi el 90% del professorat de les universitats p\u00fabliques valencianes opina que el seu sou s\u2019ha redu\u00eft per\u00f2 no la seua <a href=\"https:\/\/www.stepv.upv.es\/va\/els-sous-es-redueixen-les-tasques-i-responsabilitats-no-2\/\">[...]<\/a><\/p><\/div><\/article><\/section><\/div><div class=\"fusion-clearfix\"><\/div><\/div><\/div><\/div><\/div>\n","protected":false},"excerpt":{"rendered":"","protected":false},"author":11580,"featured_media":0,"parent":0,"menu_order":99,"comment_status":"closed","ping_status":"closed","template":"","meta":{"footnotes":""},"class_list":["post-2144","page","type-page","status-publish","hentry"],"_links":{"self":[{"href":"https:\/\/www.stepv.upv.es\/va\/wp-json\/wp\/v2\/pages\/2144","targetHints":{"allow":["GET"]}}],"collection":[{"href":"https:\/\/www.stepv.upv.es\/va\/wp-json\/wp\/v2\/pages"}],"about":[{"href":"https:\/\/www.stepv.upv.es\/va\/wp-json\/wp\/v2\/types\/page"}],"author":[{"embeddable":true,"href":"https:\/\/www.stepv.upv.es\/va\/wp-json\/wp\/v2\/users\/11580"}],"replies":[{"embeddable":true,"href":"https:\/\/www.stepv.upv.es\/va\/wp-json\/wp\/v2\/comments?post=2144"}],"version-history":[{"count":1,"href":"https:\/\/www.stepv.upv.es\/va\/wp-json\/wp\/v2\/pages\/2144\/revisions"}],"predecessor-version":[{"id":22717,"href":"https:\/\/www.stepv.upv.es\/va\/wp-json\/wp\/v2\/pages\/2144\/revisions\/22717"}],"wp:attachment":[{"href":"https:\/\/www.stepv.upv.es\/va\/wp-json\/wp\/v2\/media?parent=2144"}],"curies":[{"name":"wp","href":"https:\/\/api.w.org\/{rel}","templated":true}]}}