{"id":16210,"date":"2021-06-21T09:23:01","date_gmt":"2021-06-21T07:23:01","guid":{"rendered":"https:\/\/www.stepv.upv.es\/?page_id=16210"},"modified":"2026-03-24T12:47:10","modified_gmt":"2026-03-24T11:47:10","slug":"vull-afiliar-me","status":"publish","type":"page","link":"https:\/\/www.stepv.upv.es\/va\/vull-afiliar-me\/","title":{"rendered":"Vull afiliar-me"},"content":{"rendered":"<p><div class=\"fusion-fullwidth fullwidth-box fusion-builder-row-1 nonhundred-percent-fullwidth non-hundred-percent-height-scrolling fusion-equal-height-columns\"  style='background-color: rgba(255,255,255,0);background-position: center center;background-repeat: no-repeat;padding-top:0px;padding-right:0px;padding-bottom:0px;padding-left:0px;'><div class=\"fusion-builder-row fusion-row \"><div  class=\"fusion-layout-column fusion_builder_column fusion_builder_column_1_1 fusion-builder-column-0 fusion-one-full fusion-column-first fusion-column-last fusion-column-no-min-height 1_1\"  style='margin-top:0px;margin-bottom:20px;'><div class=\"fusion-column-wrapper\" style=\"padding: 0px 0px 0px 0px;background-position:left top;background-repeat:no-repeat;-webkit-background-size:cover;-moz-background-size:cover;-o-background-size:cover;background-size:cover;\"   data-bg-url=\"\"><style type=\"text\/css\"><\/style><div class=\"fusion-title title fusion-title-1 fusion-sep-none fusion-title-center fusion-title-text fusion-title-size-one\" style=\"font-size:36px;margin-top:0px;margin-bottom:31px;\"><h1 class=\"title-heading-center\" style=\"margin:0;font-size:1em;\">Afilia&#8217;t<\/h1><\/div><div class=\"fusion-clearfix\"><\/div><\/div><\/div><\/div><\/div><div class=\"fusion-fullwidth fullwidth-box fusion-builder-row-2 nonhundred-percent-fullwidth non-hundred-percent-height-scrolling\"  style='background-color: rgba(255,255,255,0);background-position: center center;background-repeat: no-repeat;padding-top:0px;padding-right:0px;padding-bottom:0px;padding-left:0px;'><div class=\"fusion-builder-row fusion-row \"><div  class=\"fusion-layout-column fusion_builder_column fusion_builder_column_1_2 fusion-builder-column-1 fusion-one-half fusion-column-first 1_2\"  style='margin-top:0px;margin-bottom:20px;width:50%;width:calc(50% - ( ( 4% ) * 0.5 ) );margin-right: 4%;'><div class=\"fusion-column-wrapper\" style=\"padding: 0px 0px 0px 20px;background-position:left top;background-repeat:no-repeat;-webkit-background-size:cover;-moz-background-size:cover;-o-background-size:cover;background-size:cover;\"   data-bg-url=\"\"><style type=\"text\/css\"><\/style><div class=\"fusion-title title fusion-title-2 fusion-sep-none fusion-title-text fusion-title-size-one\" style=\"margin-top:0px;margin-bottom:31px;\"><h1 class=\"title-heading-left\" style=\"margin:0;\">Per qu\u00e8\u00a0afiliar-me<\/h1><\/div><div class=\"fusion-text\"><p>Amb la teua afiliaci\u00f3 donar\u00e0s suport al sindicat per a poder\u00a0<strong>mantindre la seua independ\u00e8ncia<\/strong>\u00a0econ\u00f2mica.<\/p>\n<p>Amb la teua quota no es paguen seus luxoses ni entramats administratius insostenibles.<\/p>\n<p>A m\u00e9s, obtindr\u00e0s nombrosos avantatges.<\/p>\n<p>Podr\u00e0s <strong>participar en les decisions i definir la pol\u00edtica i les estrat\u00e8gies<\/strong>\u00a0de la secci\u00f3 sindical, de manera assemble\u00e0ria i igual a la resta d\u2019afiliats i afiliades.<\/p>\n<p>Tindr\u00e0s dret a <strong>participar en tots els \u00f2rgans de govern<\/strong>\u00a0de STEPV i de la confederaci\u00f3 Intersindical Valenciana.<\/p>\n<p>Obtindr\u00e0s de manera\u00a0<strong>gratu\u00efta<\/strong>\u00a0<strong>assessorament jur\u00eddic i assist\u00e8ncia en els recursos administratius<\/strong>\u00a0que hages de presentar.<\/p>\n<p>A m\u00e9s de preus econ\u00f2mics en l\u2019<strong>assist\u00e8ncia jur\u00eddica<\/strong>\u00a0en cas que hages d\u2019emprendre algun\u00a0<strong>proc\u00e9s judicial<\/strong>\u00a0relacionat amb els teus drets laborals.<\/p>\n<p>Tindr\u00e0s<strong> atenci\u00f3 personalitzada<\/strong>\u00a0i el\u00a0<strong>suport<\/strong>\u00a0de tota la secci\u00f3.<\/p>\n<p><span style=\"font-size: 28px;color: #af2020\">Si encara no t\u2019has afiliat, no ho dubtes. <br \/>Forma part d&#8217;STEPV<\/span><\/p>\n<\/div><div class=\"fusion-clearfix\"><\/div><\/div><\/div><div  class=\"fusion-layout-column fusion_builder_column fusion_builder_column_1_2 fusion-builder-column-2 fusion-one-half fusion-column-last 1_2\"  style='margin-top:0px;margin-bottom:20px;width:50%;width:calc(50% - ( ( 4% ) * 0.5 ) );'><div class=\"fusion-column-wrapper\" style=\"padding: 0px 0px 0px 0px;background-position:left top;background-repeat:no-repeat;-webkit-background-size:cover;-moz-background-size:cover;-o-background-size:cover;background-size:cover;\"   data-bg-url=\"\"><style type=\"text\/css\"><\/style><div class=\"fusion-title title fusion-title-3 fusion-sep-none fusion-title-text fusion-title-size-one\" style=\"margin-top:0px;margin-bottom:31px;\"><h1 class=\"title-heading-left\" style=\"margin:0;\">Creus en la tasca que fem?<\/h1><\/div><div class=\"fusion-text\"><p><strong>Si vols col\u00b7laborar amb un sindicat actiu: afilia\u2019t<\/strong><\/p>\n<p>STEPV \u00e9s un sindicat\u00a0<strong>combatiu<\/strong>, amb uns principis s\u00f2lids i un comprom\u00eds amb la\u00a0<strong>solidaritat<\/strong>\u00a0i el\u00a0<strong>feminisme<\/strong>.<\/p>\n<p>STEPV va arribar a laUniversitat Polit\u00e8cnica de Val\u00e8ncia per a canviar les regles, amb la idea que ens uneix: <strong>per a canviar el m\u00f3n cal comen\u00e7ar per canviar el teu entorn<\/strong>.<\/p>\n<p>Hem transformat la manera de comunicar, la manera de negociar, la manera de relacionar-nos. I ho hem fet d\u2019una forma transparent i participativa.<\/p>\n<p><strong>STEPV lidera, innova i canvia, la resta nom\u00e9s ens imita<\/strong>.<\/p>\n<p>Gr\u00e0cies per validar l\u2019esfor\u00e7!<\/p>\n<\/div><style type=\"text\/css\"><\/style><div class=\"fusion-title title fusion-title-4 fusion-sep-none fusion-title-center fusion-title-text fusion-title-size-one\" style=\"margin-top:0px;margin-bottom:31px;\"><h1 class=\"title-heading-center\" style=\"margin:0;\">Full d\u2019afiliaci\u00f3<\/h1><\/div><div class=\"fusion-fa-align-center\"><a class=\"fb-icon-element-1 fb-icon-element fontawesome-icon fa-file-download fas circle-yes fusion-link\" style=\"font-size:35.2px;line-height:68.4px;height:70.4px;width:70.4px;border-width:1px;\" href=\"https:\/\/www.stepv.upv.es\/wp-content\/uploads\/2024\/02\/fitxa-afiliacio-7.0-UNIVERSITATS.pdf\" aria-label=\"Link to https:\/\/www.stepv.upv.es\/wp-content\/uploads\/2024\/02\/fitxa-afiliacio-7.0-UNIVERSITATS.pdf\" target=\"_blank\" rel=\"noopener noreferrer\"><\/a><\/div><style>a.fontawesome-icon.fb-icon-element-1{ color: #f8c6bb; background-color: #af2020; border-color: #333333;}a.fontawesome-icon.fb-icon-element-1:hover { color: #af2020; background-color: #f8c6bb; border-color: #333333;}<\/style><div class=\"fusion-text\"><p style=\"text-align: center;padding-left: 120px;padding-right: 120px\">Descarregat el full d\u2019afiliaci\u00f3, emplena\u2019l i porta\u2019l a la nostra seu en el campus de Vera, ens coneixes i xarrem.<\/p>\n<p style=\"text-align: center;padding-left: 120px;padding-right: 120px\">Si est\u00e0s a Gandia, Alcoi o et ve una miqueta pitjor arrimar-te, envia-la per\u00a0<a href=\"mailto:stepv@upv.es\">correu electr\u00f2nic<\/a>.<\/p>\n<\/div><div class=\"fusion-clearfix\"><\/div><\/div><\/div><\/div><\/div><style type=\"text\/css\">.fusion-fullwidth.fusion-builder-row-2 a:not(.fusion-button):not(.fusion-builder-module-control):not(.fusion-social-network-icon):not(.fb-icon-element):not(.fusion-countdown-link):not(.fusion-rollover-link):not(.fusion-rollover-gallery):not(.fusion-button-bar):not(.add_to_cart_button):not(.show_details_button):not(.product_type_external):not(.fusion-quick-view):not(.fusion-rollover-title-link):not(.fusion-breadcrumb-link) , .fusion-fullwidth.fusion-builder-row-2 a:not(.fusion-button):not(.fusion-builder-module-control):not(.fusion-social-network-icon):not(.fb-icon-element):not(.fusion-countdown-link):not(.fusion-rollover-link):not(.fusion-rollover-gallery):not(.fusion-button-bar):not(.add_to_cart_button):not(.show_details_button):not(.product_type_external):not(.fusion-quick-view):not(.fusion-rollover-title-link):not(.fusion-breadcrumb-link):before, .fusion-fullwidth.fusion-builder-row-2 a:not(.fusion-button):not(.fusion-builder-module-control):not(.fusion-social-network-icon):not(.fb-icon-element):not(.fusion-countdown-link):not(.fusion-rollover-link):not(.fusion-rollover-gallery):not(.fusion-button-bar):not(.add_to_cart_button):not(.show_details_button):not(.product_type_external):not(.fusion-quick-view):not(.fusion-rollover-title-link):not(.fusion-breadcrumb-link):after {color: #af2020;}.fusion-fullwidth.fusion-builder-row-2 a:not(.fusion-button):not(.fusion-builder-module-control):not(.fusion-social-network-icon):not(.fb-icon-element):not(.fusion-countdown-link):not(.fusion-rollover-link):not(.fusion-rollover-gallery):not(.fusion-button-bar):not(.add_to_cart_button):not(.show_details_button):not(.product_type_external):not(.fusion-quick-view):not(.fusion-rollover-title-link):not(.fusion-breadcrumb-link):hover, .fusion-fullwidth.fusion-builder-row-2 a:not(.fusion-button):not(.fusion-builder-module-control):not(.fusion-social-network-icon):not(.fb-icon-element):not(.fusion-countdown-link):not(.fusion-rollover-link):not(.fusion-rollover-gallery):not(.fusion-button-bar):not(.add_to_cart_button):not(.show_details_button):not(.product_type_external):not(.fusion-quick-view):not(.fusion-rollover-title-link):not(.fusion-breadcrumb-link):hover:before, .fusion-fullwidth.fusion-builder-row-2 a:not(.fusion-button):not(.fusion-builder-module-control):not(.fusion-social-network-icon):not(.fb-icon-element):not(.fusion-countdown-link):not(.fusion-rollover-link):not(.fusion-rollover-gallery):not(.fusion-button-bar):not(.add_to_cart_button):not(.show_details_button):not(.product_type_external):not(.fusion-quick-view):not(.fusion-rollover-title-link):not(.fusion-breadcrumb-link):hover:after {color: #af2020;}.fusion-fullwidth.fusion-builder-row-2 .pagination a.inactive:hover, .fusion-fullwidth.fusion-builder-row-2 .fusion-filters .fusion-filter.fusion-active a {border-color: #af2020;}.fusion-fullwidth.fusion-builder-row-2 .pagination .current {border-color: #af2020; background-color: #af2020;}.fusion-fullwidth.fusion-builder-row-2 .fusion-filters .fusion-filter.fusion-active a, .fusion-fullwidth.fusion-builder-row-2 .fusion-date-and-formats .fusion-format-box, .fusion-fullwidth.fusion-builder-row-2 .fusion-popover, .fusion-fullwidth.fusion-builder-row-2 .tooltip-shortcode {color: #af2020;}#main .fusion-fullwidth.fusion-builder-row-2 .post .blog-shortcode-post-title a:hover {color: #af2020;}<\/style><div class=\"fusion-fullwidth fullwidth-box fusion-builder-row-3 nonhundred-percent-fullwidth non-hundred-percent-height-scrolling\"  style='background-color: rgba(255,255,255,0);background-position: center center;background-repeat: no-repeat;padding-top:0px;padding-right:16px;padding-bottom:0px;padding-left:0px;border-top-width:3px;border-bottom-width:3px;border-color:#af2020;border-top-style:solid;border-bottom-style:solid;'><div class=\"fusion-builder-row fusion-row \"><div  class=\"fusion-layout-column fusion_builder_column fusion_builder_column_1_1 fusion-builder-column-3 fusion-one-full fusion-column-first fusion-column-last 1_1\"  style='margin-top:0px;margin-bottom:20px;'><div class=\"fusion-column-wrapper\" style=\"padding: 0px 0px 0px 20px;background-position:left top;background-repeat:no-repeat;-webkit-background-size:cover;-moz-background-size:cover;-o-background-size:cover;background-size:cover;\"   data-bg-url=\"\"><style type=\"text\/css\"><\/style><div class=\"fusion-title title fusion-title-5 fusion-sep-none fusion-title-text fusion-title-size-two\" style=\"margin-top:0px;margin-bottom:31px;\"><h2 class=\"title-heading-left\" style=\"margin:0;\">Qu\u00e8 costa l&#8217;afiliaci\u00f3&#8230;<\/h2><\/div><div class=\"fusion-flip-boxes flip-boxes row fusion-columns-4 flip-effect-classic equal-heights\"><div class=\"fusion-flip-box-wrapper fusion-column col-lg-3 col-md-3 col-sm-3\"><div class=\"fusion-flip-box flip-up\"><div class=\"flip-box-inner-wrapper\"><div class=\"flip-box-front\" style=\"background-color:#f6f6f6;border-color:rgba(0,0,0,0);border-radius:4px;border-style:solid;border-width:1px;color:#000000;transition-duration:1.0s;\"><div class=\"flip-box-front-inner\"><h2 class=\"flip-box-heading\" style=\"color:#af2020;\"><\/p>\n<h2>Professorat Ajudant, Ajudant Doctor, Associat <\/h2>\n<h2>Personal laboral temporal<\/h2>\n<h2>PTGAS dels grups C1 i C2<\/p>\n<h3><\/h2> <\/div><\/div><div class=\"flip-box-back\" style=\"background-color:#af2020;border-color:rgba(0,0,0,0);border-radius:4px;border-style:solid;border-width:1px;color:#ffffff;transition-duration:1.0s;\"><div class=\"flip-box-back-inner\">\n<h2><span style=\"font-size: 50px; color: #dbffff;\">40 \u20ac<\/span><\/h2>\n<h2 style=\"color: #dbffff;\">per semestre<\/h2>\n<\/div><\/div><\/div><\/div><\/div><div class=\"fusion-flip-box-wrapper fusion-column col-lg-3 col-md-3 col-sm-3\"><div class=\"fusion-flip-box flip-up\"><div class=\"flip-box-inner-wrapper\"><div class=\"flip-box-front\" style=\"background-color:#f6f6f6;border-color:rgba(0,0,0,0);border-radius:4px;border-style:solid;border-width:1px;color:#000000;transition-duration:1.0s;\"><div class=\"flip-box-front-inner\"><h2 class=\"flip-box-heading\" style=\"color:#af2020;\"><\/p>\n<h2>Professorat Contractat Doctor, Col\u00b7laborador, Visitant, Em\u00e8rit, Catedr\u00e0tic o Titular d'Universitat o d'Escola Universit\u00e0ria<\/h2>\n<h2>PTGAS dels grups A1 i A2<\/p>\n<h2><\/h2> <\/div><\/div><div class=\"flip-box-back\" style=\"background-color:#af2020;border-color:rgba(0,0,0,0);border-radius:4px;border-style:solid;border-width:1px;color:#ffffff;transition-duration:1.0s;\"><div class=\"flip-box-back-inner\">\n<h2><span style=\"font-size: 50px;color: #dbffff\">60 \u20ac<\/span><\/h2>\n<h2 style=\"color: #dbffff\">per semestre<\/h2>\n<\/div><\/div><\/div><\/div><\/div><div class=\"fusion-flip-box-wrapper fusion-column col-lg-3 col-md-3 col-sm-3\"><div class=\"fusion-flip-box flip-up\"><div class=\"flip-box-inner-wrapper\"><div class=\"flip-box-front\" style=\"background-color:#f6f6f6;border-color:rgba(0,0,0,0);border-radius:4px;border-style:solid;border-width:1px;color:#000000;transition-duration:1.0s;\"><div class=\"flip-box-front-inner\"><h2 class=\"flip-box-heading\" style=\"color:#af2020;\"><\/p>\n<h2>Persones aturades<\/h2> <\/div><\/div><div class=\"flip-box-back\" style=\"background-color:#af2020;border-color:rgba(0,0,0,0);border-radius:4px;border-style:solid;border-width:1px;color:#ffffff;transition-duration:1.0s;\"><div class=\"flip-box-back-inner\">\n<h2><span style=\"font-size: 50px;color: #dbffff\">15 \u20ac<\/span><\/h2>\n<h2 style=\"color: #dbffff\">per semestre<\/h2>\n<\/div><\/div><\/div><\/div><\/div><div class=\"fusion-flip-box-wrapper fusion-column col-lg-3 col-md-3 col-sm-3\"><div class=\"fusion-flip-box flip-up\"><div class=\"flip-box-inner-wrapper\"><div class=\"flip-box-front\" style=\"background-color:#f6f6f6;border-color:rgba(0,0,0,0);border-radius:4px;border-style:solid;border-width:1px;color:#000000;transition-duration:1.0s;\"><div class=\"flip-box-front-inner\"><h2 class=\"flip-box-heading\" style=\"color:#af2020;\"><\/p>\n<h2>Persones jubilades<\/h2> <\/div><\/div><div class=\"flip-box-back\" style=\"background-color:#af2020;border-color:rgba(0,0,0,0);border-radius:4px;border-style:solid;border-width:1px;color:#ffffff;transition-duration:1.0s;\"><div class=\"flip-box-back-inner\">\n<h2><span style=\"font-size: 50px;color: #dbffff\">25 \u20ac<\/span><\/h2>\n<h2 style=\"color: #dbffff\">per semestre<\/h2>\n<\/div><\/div><\/div><\/div><\/div><\/div><div class=\"fusion-clearfix\"><\/div><style type=\"text\/css\"><\/style><div class=\"fusion-title title fusion-title-6 fusion-sep-none fusion-title-text fusion-title-size-two\" style=\"margin-top:0px;margin-bottom:31px;\"><h2 class=\"title-heading-right\" style=\"margin:0;\">&#8230;menys del que et costa una plataforma de\u00a0streaming<\/h2><\/div><div class=\"fusion-clearfix\"><\/div><\/div><\/div><\/div><\/div><style type=\"text\/css\">.fusion-fullwidth.fusion-builder-row-3 a:not(.fusion-button):not(.fusion-builder-module-control):not(.fusion-social-network-icon):not(.fb-icon-element):not(.fusion-countdown-link):not(.fusion-rollover-link):not(.fusion-rollover-gallery):not(.fusion-button-bar):not(.add_to_cart_button):not(.show_details_button):not(.product_type_external):not(.fusion-quick-view):not(.fusion-rollover-title-link):not(.fusion-breadcrumb-link) , .fusion-fullwidth.fusion-builder-row-3 a:not(.fusion-button):not(.fusion-builder-module-control):not(.fusion-social-network-icon):not(.fb-icon-element):not(.fusion-countdown-link):not(.fusion-rollover-link):not(.fusion-rollover-gallery):not(.fusion-button-bar):not(.add_to_cart_button):not(.show_details_button):not(.product_type_external):not(.fusion-quick-view):not(.fusion-rollover-title-link):not(.fusion-breadcrumb-link):before, .fusion-fullwidth.fusion-builder-row-3 a:not(.fusion-button):not(.fusion-builder-module-control):not(.fusion-social-network-icon):not(.fb-icon-element):not(.fusion-countdown-link):not(.fusion-rollover-link):not(.fusion-rollover-gallery):not(.fusion-button-bar):not(.add_to_cart_button):not(.show_details_button):not(.product_type_external):not(.fusion-quick-view):not(.fusion-rollover-title-link):not(.fusion-breadcrumb-link):after {color: #af2020;}.fusion-fullwidth.fusion-builder-row-3 a:not(.fusion-button):not(.fusion-builder-module-control):not(.fusion-social-network-icon):not(.fb-icon-element):not(.fusion-countdown-link):not(.fusion-rollover-link):not(.fusion-rollover-gallery):not(.fusion-button-bar):not(.add_to_cart_button):not(.show_details_button):not(.product_type_external):not(.fusion-quick-view):not(.fusion-rollover-title-link):not(.fusion-breadcrumb-link):hover, .fusion-fullwidth.fusion-builder-row-3 a:not(.fusion-button):not(.fusion-builder-module-control):not(.fusion-social-network-icon):not(.fb-icon-element):not(.fusion-countdown-link):not(.fusion-rollover-link):not(.fusion-rollover-gallery):not(.fusion-button-bar):not(.add_to_cart_button):not(.show_details_button):not(.product_type_external):not(.fusion-quick-view):not(.fusion-rollover-title-link):not(.fusion-breadcrumb-link):hover:before, .fusion-fullwidth.fusion-builder-row-3 a:not(.fusion-button):not(.fusion-builder-module-control):not(.fusion-social-network-icon):not(.fb-icon-element):not(.fusion-countdown-link):not(.fusion-rollover-link):not(.fusion-rollover-gallery):not(.fusion-button-bar):not(.add_to_cart_button):not(.show_details_button):not(.product_type_external):not(.fusion-quick-view):not(.fusion-rollover-title-link):not(.fusion-breadcrumb-link):hover:after {color: #af2020;}.fusion-fullwidth.fusion-builder-row-3 .pagination a.inactive:hover, .fusion-fullwidth.fusion-builder-row-3 .fusion-filters .fusion-filter.fusion-active a {border-color: #af2020;}.fusion-fullwidth.fusion-builder-row-3 .pagination .current {border-color: #af2020; background-color: #af2020;}.fusion-fullwidth.fusion-builder-row-3 .fusion-filters .fusion-filter.fusion-active a, .fusion-fullwidth.fusion-builder-row-3 .fusion-date-and-formats .fusion-format-box, .fusion-fullwidth.fusion-builder-row-3 .fusion-popover, .fusion-fullwidth.fusion-builder-row-3 .tooltip-shortcode {color: #af2020;}#main .fusion-fullwidth.fusion-builder-row-3 .post .blog-shortcode-post-title a:hover {color: #af2020;}<\/style><\/p>\n","protected":false},"excerpt":{"rendered":"","protected":false},"author":11580,"featured_media":0,"parent":0,"menu_order":0,"comment_status":"closed","ping_status":"closed","template":"","meta":{"footnotes":""},"class_list":["post-16210","page","type-page","status-publish","hentry"],"_links":{"self":[{"href":"https:\/\/www.stepv.upv.es\/va\/wp-json\/wp\/v2\/pages\/16210","targetHints":{"allow":["GET"]}}],"collection":[{"href":"https:\/\/www.stepv.upv.es\/va\/wp-json\/wp\/v2\/pages"}],"about":[{"href":"https:\/\/www.stepv.upv.es\/va\/wp-json\/wp\/v2\/types\/page"}],"author":[{"embeddable":true,"href":"https:\/\/www.stepv.upv.es\/va\/wp-json\/wp\/v2\/users\/11580"}],"replies":[{"embeddable":true,"href":"https:\/\/www.stepv.upv.es\/va\/wp-json\/wp\/v2\/comments?post=16210"}],"version-history":[{"count":1,"href":"https:\/\/www.stepv.upv.es\/va\/wp-json\/wp\/v2\/pages\/16210\/revisions"}],"predecessor-version":[{"id":22858,"href":"https:\/\/www.stepv.upv.es\/va\/wp-json\/wp\/v2\/pages\/16210\/revisions\/22858"}],"wp:attachment":[{"href":"https:\/\/www.stepv.upv.es\/va\/wp-json\/wp\/v2\/media?parent=16210"}],"curies":[{"name":"wp","href":"https:\/\/api.w.org\/{rel}","templated":true}]}}