{"id":12950,"date":"2019-07-25T11:35:34","date_gmt":"2019-07-25T09:35:34","guid":{"rendered":"https:\/\/www.stepv.upv.es\/?page_id=12950"},"modified":"2025-03-21T09:56:50","modified_gmt":"2025-03-21T08:56:50","slug":"sento-2","status":"publish","type":"page","link":"https:\/\/www.stepv.upv.es\/va\/sento-2\/","title":{"rendered":"Vicent Juli\u00e0"},"content":{"rendered":"<div class=\"fusion-fullwidth fullwidth-box fusion-builder-row-1 nonhundred-percent-fullwidth non-hundred-percent-height-scrolling\"  style='background-color: rgba(255,255,255,0);background-position: center center;background-repeat: no-repeat;padding-top:0px;padding-right:0px;padding-bottom:0px;padding-left:0px;'><div class=\"fusion-builder-row fusion-row \"><div  class=\"fusion-layout-column fusion_builder_column fusion_builder_column_1_1 fusion-builder-column-0 fusion-one-full fusion-column-first fusion-column-last 1_1\"  style='margin-top:0px;margin-bottom:20px;'><div class=\"fusion-column-wrapper\" style=\"padding: 0px 0px 0px 0px;background-position:left top;background-repeat:no-repeat;-webkit-background-size:cover;-moz-background-size:cover;-o-background-size:cover;background-size:cover;\"   data-bg-url=\"\"><div class=\"fusion-clearfix\"><\/div><\/div><\/div><div  class=\"fusion-layout-column fusion_builder_column fusion_builder_column_1_3 fusion-builder-column-1 fusion-one-third fusion-column-first 1_3\"  style='margin-top:0px;margin-bottom:20px;width:33.33%;width:calc(33.33% - ( ( 4% ) * 0.3333 ) );margin-right: 4%;'><div class=\"fusion-column-wrapper\" style=\"padding: 0px 0px 0px 0px;background-position:left top;background-repeat:no-repeat;-webkit-background-size:cover;-moz-background-size:cover;-o-background-size:cover;background-size:cover;\"   data-bg-url=\"\"><div class=\"fusion-person person fusion-person-left fusion-person-1 fusion-person-icon-top\"><div class=\"person-shortcode-image-wrapper\"><div class=\"person-image-container hover-type-none\" style=\"border:0px solid #f6f6f6;-webkit-border-radius:0px;-moz-border-radius:0px;border-radius:0px;\"><img loading=\"lazy\" decoding=\"async\" class=\"person-img img-responsive wp-image-19644\" width=\"860\" height=\"573\" src=\"https:\/\/www.stepv.upv.es\/wp-content\/uploads\/2022\/01\/Sento.png\" alt=\"Vicent Juli\u00e0\" srcset=\"https:\/\/www.stepv.upv.es\/wp-content\/uploads\/2022\/01\/Sento-200x133.png 200w, https:\/\/www.stepv.upv.es\/wp-content\/uploads\/2022\/01\/Sento-400x267.png 400w, https:\/\/www.stepv.upv.es\/wp-content\/uploads\/2022\/01\/Sento-600x400.png 600w, https:\/\/www.stepv.upv.es\/wp-content\/uploads\/2022\/01\/Sento-800x533.png 800w, https:\/\/www.stepv.upv.es\/wp-content\/uploads\/2022\/01\/Sento.png 860w\" sizes=\"auto, (max-width: 800px) 100vw, 400px\" \/><\/div><\/div><div class=\"person-desc\"><div class=\"person-author\"><div class=\"person-author-wrapper\"><span class=\"person-name\">Vicent Juli\u00e0<\/span><span class=\"person-title\">Representant del PTGAS en el Consell de Govern i en el Consell Social de la UPV<\/span><\/div><\/div><div class=\"person-content fusion-clearfix\"><\/div><\/div><\/div><div class=\"fusion-clearfix\"><\/div><\/div><\/div><div  class=\"fusion-layout-column fusion_builder_column fusion_builder_column_2_3 fusion-builder-column-2 fusion-two-third fusion-column-last 2_3\"  style='margin-top:0px;margin-bottom:20px;width:66.66%;width:calc(66.66% - ( ( 4% ) * 0.6666 ) );'><div class=\"fusion-column-wrapper\" style=\"padding: 0px 0px 0px 0px;background-position:left top;background-repeat:no-repeat;-webkit-background-size:cover;-moz-background-size:cover;-o-background-size:cover;background-size:cover;\"   data-bg-url=\"\"><div class=\"fusion-blog-shortcode fusion-blog-shortcode-1 fusion-blog-archive fusion-blog-layout-grid-wrapper fusion-blog-infinite fusion-blog-no-images\"><style type=\"text\/css\">.fusion-blog-shortcode-1 .fusion-blog-layout-grid .fusion-post-grid{padding:20px;}.fusion-blog-shortcode-1 .fusion-posts-container{margin-left: -20px !important; margin-right:-20px !important;}<\/style><div class=\"fusion-posts-container fusion-posts-container-infinite fusion-no-meta-info fusion-blog-layout-grid fusion-blog-layout-grid-1 isotope\" data-pages=\"20\" data-grid-col-space=\"40\" style=\"margin: -20px -20px 0;min-height:500px;\"><article id=\"blog-1-post-22978\" class=\"fusion-post-grid post-22978 post type-post status-publish format-standard hentry category-acords-i-negociacions category-consell-de-govern category-sin-categoria\">\n<div class=\"fusion-post-wrapper\" style=\"background-color:rgba(255,255,255,0);border:1px solid #ebeaea;border-bottom-width:3px;\"><div class=\"fusion-post-content-wrapper\" style=\"padding:30px 25px 20px 25px;\"><div class=\"fusion-post-content post-content\"><h2 class=\"blog-shortcode-post-title entry-title\"><a href=\"https:\/\/www.stepv.upv.es\/va\/22978-2\/\">La Norma CAL: el dia que el PTGAS va decidir travessar el mur<\/a><\/h2><div class=\"fusion-post-content-container\"><p data-start=\"67\" data-end=\"282\">La mobilitzaci\u00f3 del PTGAS ha aconseguit <strong data-start=\"107\" data-end=\"156\">obrir una porta que fins ara semblava tancada<\/strong>: el Consell de Govern assumir\u00e0 la creaci\u00f3 d\u2019un grup de treball per establir una <strong data-start=\"237\" data-end=\"281\">calendaritzaci\u00f3 dels processos selectius<\/strong>.<\/p>\n<p data-start=\"284\" data-end=\"447\"><strong data-start=\"284\" data-end=\"322\">Aquesta Punxa no te la pots perdre<\/strong> perqu\u00e8 t\u00e9 de tot: <strong data-start=\"341\" data-end=\"446\">lluita sindical, mobilitzaci\u00f3 del personal, tensi\u00f3 al Consell de Govern i girs que no estaven escrits<\/strong>.<\/p>\n<p><iframe loading=\"lazy\" src=\"https:\/\/www.ivoox.com\/player_ej_173269358_6_1.html?c1=3a2146\" width=\"100%\" height=\"200\" frameborder=\"0\" scrolling=\"no\" href=\"https:\/\/www.stepv.upv.es\/va\/22978-2\/\">[\u2026]<\/iframe><\/p>\n<\/div><\/div><\/div><div class=\"fusion-clearfix\"><\/div><\/div>\n<\/article>\n<article id=\"blog-1-post-22972\" class=\"fusion-post-grid post-22972 post type-post status-publish format-standard has-post-thumbnail hentry category-acords-i-negociacions category-consell-de-govern\">\n<div class=\"fusion-post-wrapper\" style=\"background-color:rgba(255,255,255,0);border:1px solid #ebeaea;border-bottom-width:3px;\"><div class=\"fusion-post-content-wrapper\" style=\"padding:30px 25px 20px 25px;\"><div class=\"fusion-post-content post-content\"><h2 class=\"blog-shortcode-post-title entry-title\"><a href=\"https:\/\/www.stepv.upv.es\/va\/cal-es-reconeix-la-necessitat-de-millorar-la-seleccio-del-ptgas\/\">CAL: es reconeix la necessitat de millorar la selecci\u00f3 del PTGAS<\/a><\/h2><div class=\"fusion-post-content-container\"><p>La iniciativa normativa dels representants de M\u00c9S UPV (STEPV) ha arribat al Consell de Govern. La norma, batejada com CAL (Certesa, Agilitat i L\u00edmits), pret\u00e9n donar uns <strong>terminis aproximats d\u2019execuci\u00f3 dels processos d\u2019acc\u00e9s i promoci\u00f3, i tamb\u00e9 solucionar altres problemes<\/strong>\u00a0com tribunals, etc.<\/p>\n<p>El debat s\u2019ha produ\u00eft en termes d\u2019<strong>acostament<\/strong>, perqu\u00e8 tant els representants del PTGAS, com l\u2019equip rectoral, com la resta de membres del Consell de Govern\u00a0<strong>s\u2019han comprom\u00e9s amb donar la soluci\u00f3<\/strong>.<\/p>\n<p>El\u00a0<b>gerent ha reconegut que l\u2019instrument <a href=\"https:\/\/www.stepv.upv.es\/va\/cal-es-reconeix-la-necessitat-de-millorar-la-seleccio-del-ptgas\/\">[\u2026]<\/a><\/b><\/p>\n<\/div><\/div><\/div><div class=\"fusion-clearfix\"><\/div><\/div>\n<\/article>\n<article id=\"blog-1-post-22962\" class=\"fusion-post-grid post-22962 post type-post status-publish format-standard has-post-thumbnail hentry category-consell-de-govern\">\n<div class=\"fusion-post-wrapper\" style=\"background-color:rgba(255,255,255,0);border:1px solid #ebeaea;border-bottom-width:3px;\"><div class=\"fusion-post-content-wrapper\" style=\"padding:30px 25px 20px 25px;\"><div class=\"fusion-post-content post-content\"><h2 class=\"blog-shortcode-post-title entry-title\"><a href=\"https:\/\/www.stepv.upv.es\/va\/consell-de-govern-de-30-04-2026\/\">Ordre del dia del Consell de Govern de 30.04.2026<\/a><\/h2><div class=\"fusion-post-content-container\"><p>Ordre del d\u00eda<\/p>\n<p style=\"padding-left: 40px;\">1. Lectura i aprovaci\u00f3, si \u00e9s procedent, de l\u2019acta de la sessi\u00f3 anterior.<\/p>\n<p style=\"padding-left: 40px;\">2. Acords de la Comissi\u00f3 Permanent.<\/p>\n<p style=\"padding-left: 80px;\">2.1. Aprovaci\u00f3, si \u00e9s procedent, de la proposta de modificaci\u00f3 de l\u2019acord de constituci\u00f3 i \u00e0mbit d\u2019actuaci\u00f3 de les Comissions de Car\u00e0cter General de la Universitat Polit\u00e8cnica de Val\u00e8ncia.<\/p>\n<p style=\"padding-left: 80px;\">2.2. Aprovaci\u00f3, si \u00e9s procedent, de la proposta d\u2019adequaci\u00f3 de les Comissions de Car\u00e0cter General de la Universitat Polit\u00e8cnica de <a href=\"https:\/\/www.stepv.upv.es\/va\/consell-de-govern-de-30-04-2026\/\">[\u2026]<\/a><\/p>\n<\/div><\/div><\/div><div class=\"fusion-clearfix\"><\/div><\/div>\n<\/article>\n<article id=\"blog-1-post-22787\" class=\"fusion-post-grid post-22787 post type-post status-publish format-standard has-post-thumbnail hentry category-consell-de-govern category-organs-de-govern category-ptgas-diu-prou\">\n<div class=\"fusion-post-wrapper\" style=\"background-color:rgba(255,255,255,0);border:1px solid #ebeaea;border-bottom-width:3px;\"><div class=\"fusion-post-content-wrapper\" style=\"padding:30px 25px 20px 25px;\"><div class=\"fusion-post-content post-content\"><h2 class=\"blog-shortcode-post-title entry-title\"><a href=\"https:\/\/www.stepv.upv.es\/va\/el-rector-menysprea-al-ptgas-i-ajorna-un-debat-fonamental\/\">El Rector menysprea al PTGAS i ajorna un debat fonamental<\/a><\/h2><div class=\"fusion-post-content-container\"><p>Sis dels set representants del PTGAS (els d\u2019STEPV) han exercit un dret reglamentari d\u2019incloure un punt en l\u2019ordre del dia del Consell de Govern. El Rectorat ha respost amb silenci i ajornament.<\/p>\n<p>I el\u00a0<b>silenci<\/b>\u00a0no \u00e9s neutral:\u00a0<b>\u00e9s bloqueig<\/b>. La proposta es va registrar amb 14 dies d\u2019antelaci\u00f3 i amb nom\u00e9s tres p\u00e0gines de documentaci\u00f3. Temps i informaci\u00f3 m\u00e9s que suficients.<\/p>\n<p><b>Sis anys d\u2019espera no s\u00f3n una an\u00e8cdota. S\u00f3n un frac\u00e0s de gesti\u00f3<\/b><\/p>\n<p>El punt \u201cajornat?\u201d vol regular per normativa <a href=\"https:\/\/www.stepv.upv.es\/va\/el-rector-menysprea-al-ptgas-i-ajorna-un-debat-fonamental\/\">[\u2026]<\/a><\/p>\n<\/div><\/div><\/div><div class=\"fusion-clearfix\"><\/div><\/div>\n<\/article>\n<div class=\"fusion-clearfix\"><\/div><\/div><div class=\"fusion-infinite-scroll-trigger\"><\/div><div class=\"pagination infinite-scroll clearfix\" style=\"display:none;\"><span class=\"current\">1<\/span><a href=\"https:\/\/www.stepv.upv.es\/va\/wp-json\/wp\/v2\/pages\/12950\/page\/2\/\" class=\"inactive\">2<\/a><a class=\"pagination-next\" href=\"https:\/\/www.stepv.upv.es\/va\/wp-json\/wp\/v2\/pages\/12950\/page\/2\/\"><span class=\"page-text\">Next<\/span><span class=\"page-next\"><\/span><\/a><\/div><div class=\"fusion-clearfix\"><\/div><\/div><div class=\"fusion-clearfix\"><\/div><\/div><\/div><\/div><\/div>\n","protected":false},"excerpt":{"rendered":"","protected":false},"author":29775,"featured_media":0,"parent":0,"menu_order":0,"comment_status":"closed","ping_status":"closed","template":"","meta":{"footnotes":""},"class_list":["post-12950","page","type-page","status-publish","hentry"],"_links":{"self":[{"href":"https:\/\/www.stepv.upv.es\/va\/wp-json\/wp\/v2\/pages\/12950","targetHints":{"allow":["GET"]}}],"collection":[{"href":"https:\/\/www.stepv.upv.es\/va\/wp-json\/wp\/v2\/pages"}],"about":[{"href":"https:\/\/www.stepv.upv.es\/va\/wp-json\/wp\/v2\/types\/page"}],"author":[{"embeddable":true,"href":"https:\/\/www.stepv.upv.es\/va\/wp-json\/wp\/v2\/users\/29775"}],"replies":[{"embeddable":true,"href":"https:\/\/www.stepv.upv.es\/va\/wp-json\/wp\/v2\/comments?post=12950"}],"version-history":[{"count":0,"href":"https:\/\/www.stepv.upv.es\/va\/wp-json\/wp\/v2\/pages\/12950\/revisions"}],"wp:attachment":[{"href":"https:\/\/www.stepv.upv.es\/va\/wp-json\/wp\/v2\/media?parent=12950"}],"curies":[{"name":"wp","href":"https:\/\/api.w.org\/{rel}","templated":true}]}}