{"id":4033,"date":"2018-05-10T11:38:08","date_gmt":"2018-05-10T09:38:08","guid":{"rendered":"http:\/\/www.stepv.upv.es\/?page_id=4033"},"modified":"2019-06-13T12:31:01","modified_gmt":"2019-06-13T10:31:01","slug":"whatsapp","status":"publish","type":"page","link":"https:\/\/www.stepv.upv.es\/es\/whatsapp\/","title":{"rendered":"WhatsApp"},"content":{"rendered":"<table border=\"0\" width=\"100%\" cellspacing=\"20\" cellpadding=\"0\">\n<tbody>\n<tr>\n<td width=\"x\"><\/td>\n<td style=\"text-align: left\" width=\"470\" height=\"555\">A partir de hui, des de la secci\u00f3 de STEPV a la UPV encetem una nova via de comunicaci\u00f3. Volem apropar-nos m\u00e9s a tu i posem en marxa una <strong>llista de distribuci\u00f3 <\/strong>per <span style=\"color: #ff0000\"><strong>WHATSAPP<\/strong><\/span>.<\/p>\n<p>En tractar-se d\u2019una llista de distribuci\u00f3, cal realitzar la subscripci\u00f3:<br \/>\n\u00c9s a dir, envia\u2019ns un missatge de <strong>WhatsApp<\/strong> amb la paraula <span style=\"color: #ff0000\"><strong>ALTA<\/strong> <\/span>al n\u00famero <span style=\"color: #ff0000\"><strong>649 60 63 61<\/strong><\/span>.<\/p>\n<p>A partir d\u2019aquest moment rebr\u00e0s informaci\u00f3 sindical de rellev\u00e0ncia directament al teu m\u00f2bil.<\/p>\n<p>Per qu\u00e8 WhatsApp?<\/p>\n<p><strong>Per la immediatesa.<\/strong> Volem estar connectats amb tu, el m\u00e9s a prop possible i per aix\u00f2 posem en marxa aquesta eina.<\/p>\n<p>Des de la secci\u00f3 sindical fem esfor\u00e7os per millorar la comunicaci\u00f3, ens dediquem a contar-vos el que passa en les meses de negociaci\u00f3, en les reunions i tamb\u00e9 en el \u00a0Claustre&#8230; i ara en el Consell de Govern.<\/p>\n<p>Pel nostre comprom\u00eds de transpar\u00e8ncia passarem del correu al <strong>v\u00eddeo<\/strong> i a les <strong>xarxes socials<\/strong>, i ara, al <strong>WhatsApp<\/strong>.<\/p>\n<p><span style=\"line-height: 107%;font-family: 'Calibri',sans-serif;font-size: 10.0pt;color: white;background: red\">Si vols donar-te de baixa:<br \/>\nEnvia\u2019ns la paraula BAIXA i et retirarem de la llista.<br \/>\nRecordeu que esteu emparats per la Llei Org\u00e0nica 15\/1999, de Protecci\u00f3 de Dades.<\/span><\/td>\n<td width=\"30\"><\/td>\n<td width=\"242\"><img loading=\"lazy\" decoding=\"async\" class=\"aligncenter size-full wp-image-4014\" src=\"http:\/\/www.stepv.upv.es\/wp-content\/uploads\/2018\/05\/Imatge-para-web.jpg\" alt=\"\" width=\"379\" height=\"731\" srcset=\"https:\/\/www.stepv.upv.es\/wp-content\/uploads\/2018\/05\/Imatge-para-web-156x300.jpg 156w, https:\/\/www.stepv.upv.es\/wp-content\/uploads\/2018\/05\/Imatge-para-web-200x386.jpg 200w, https:\/\/www.stepv.upv.es\/wp-content\/uploads\/2018\/05\/Imatge-para-web.jpg 379w\" sizes=\"auto, (max-width: 379px) 100vw, 379px\" \/><\/p>\n<p>Tens dubtes?<\/p>\n<p><a href=\"http:\/\/www.stepv.upv.es\/faqs-wa\/\">REPASSA LES PREGUNTES FREQ\u00dcENTS<\/a> o trucans al 77046 &#8211; 79149.<\/td>\n<td width=\"30\"><\/td>\n<td width=\"470\">A partir de hoy, desde la secci\u00f3n sindical de STEPV en la UPV abrimos una nueva via de comunicaci\u00f3n. Queremos acercarnos a ti y ponemos en marcha una <strong>lista de distribuci\u00f3n<\/strong> por <span style=\"color: #ff0000\"><strong>WHATSAPP<\/strong><\/span>.<\/p>\n<p>Como se trata de una lista de distribuci\u00f3n, hay que realizar una subscripci\u00f3n:<br \/>\nEs decir, envianos un mensaje de WhatsApp con la palabra <span style=\"color: #ff0000\"><strong>ALTA<\/strong> <\/span>al n\u00famero <strong><span style=\"color: #ff0000\">649 60 63 61<\/span><\/strong>.<\/p>\n<p>A partir de este momento recibir\u00e1s informaci\u00f3n sindical de relevancia directamente en tu movil.<\/p>\n<p>\u00bfPor qu\u00e9 WhatsApp?<\/p>\n<p><strong>Por la inmediatez.<\/strong> Queremos estar contectados contigo, de manera cercana, y por eso ponemos en marcha esta herramienta.<\/p>\n<p>Desde la secci\u00f3n sindical hacemos esfuerzos por mejorar la comunicaci\u00f3n, os contamos que pasa en las mesas de negociaci\u00f3n, las reuniones y el Claustro&#8230; y ahora tambi\u00e9n en el Consejo de Gobierno.<\/p>\n<p>Debido a nuestro compromiso de transparencia pasamos del correo al <strong>v\u00eddeo<\/strong> y las <strong>redes sociales<\/strong>, y ahora, al <strong>WhatsApp<\/strong>.<\/p>\n<p><span style=\"line-height: 107%;font-family: 'Calibri',sans-serif;font-size: 10.0pt;color: white;background: red\">Si quieres darte de baja:<br \/>\nEnvianos la palabra BAIXA y te retiraremos de la lista.<br \/>\nRecordad que estais amparados por la Ley Org\u00e1nica<\/span><span style=\"line-height: 107%;font-family: 'Calibri',sans-serif;font-size: 10.0pt;color: white;background: red\"> 15\/1999, de Protecci\u00f3n de Datos.<br \/>\n<\/span><\/td>\n<td width=\"x\"><\/td>\n<\/tr>\n<\/tbody>\n<\/table>\n","protected":false},"excerpt":{"rendered":"<p>A partir de hui, des de la secci\u00f3 de STEPV a la UPV encetem una nova via de comunicaci\u00f3. Volem apropar-nos m\u00e9s a tu i posem en marxa una llista de distribuci\u00f3 per WHATSAPP. En tractar-se d\u2019una llista de distribuci\u00f3, cal realitzar la subscripci\u00f3: \u00c9s a dir, envia\u2019ns un missatge de WhatsApp amb la paraula [&hellip;]<\/p>\n","protected":false},"author":29775,"featured_media":0,"parent":0,"menu_order":0,"comment_status":"closed","ping_status":"closed","template":"","meta":{"footnotes":""},"class_list":["post-4033","page","type-page","status-publish","hentry"],"_links":{"self":[{"href":"https:\/\/www.stepv.upv.es\/es\/wp-json\/wp\/v2\/pages\/4033","targetHints":{"allow":["GET"]}}],"collection":[{"href":"https:\/\/www.stepv.upv.es\/es\/wp-json\/wp\/v2\/pages"}],"about":[{"href":"https:\/\/www.stepv.upv.es\/es\/wp-json\/wp\/v2\/types\/page"}],"author":[{"embeddable":true,"href":"https:\/\/www.stepv.upv.es\/es\/wp-json\/wp\/v2\/users\/29775"}],"replies":[{"embeddable":true,"href":"https:\/\/www.stepv.upv.es\/es\/wp-json\/wp\/v2\/comments?post=4033"}],"version-history":[{"count":0,"href":"https:\/\/www.stepv.upv.es\/es\/wp-json\/wp\/v2\/pages\/4033\/revisions"}],"wp:attachment":[{"href":"https:\/\/www.stepv.upv.es\/es\/wp-json\/wp\/v2\/media?parent=4033"}],"curies":[{"name":"wp","href":"https:\/\/api.w.org\/{rel}","templated":true}]}}