{"id":25,"date":"2016-07-16T08:52:17","date_gmt":"2016-07-16T06:52:17","guid":{"rendered":"http:\/\/vijufer.webs.upv.es\/?page_id=25"},"modified":"2021-09-08T10:22:39","modified_gmt":"2021-09-08T08:22:39","slug":"qui-som-3","status":"publish","type":"page","link":"https:\/\/www.stepv.upv.es\/es\/qui-som-3\/","title":{"rendered":"Qui som?"},"content":{"rendered":"<div class=\"fusion-fullwidth fullwidth-box fusion-builder-row-1 hundred-percent-fullwidth non-hundred-percent-height-scrolling\"  style='background-color: rgba(255,255,255,0);background-position: center center;background-repeat: no-repeat;padding-top:0px;padding-right:25px;padding-bottom:0px;padding-left:25px;'><div class=\"fusion-builder-row fusion-row \"><div  class=\"fusion-layout-column fusion_builder_column fusion_builder_column_1_1 fusion-builder-column-0 fusion-one-full fusion-column-first fusion-column-last 1_1\"  style='margin-top:0px;margin-bottom:20px;'><div class=\"fusion-column-wrapper\" style=\"background-position:left top;background-repeat:no-repeat;-webkit-background-size:cover;-moz-background-size:cover;-o-background-size:cover;background-size:cover;\"   data-bg-url=\"\">[layerslider id=\u00bb4&#8243;]<div class=\"fusion-clearfix\"><\/div><\/div><\/div><div  class=\"fusion-layout-column fusion_builder_column fusion_builder_column_1_1 fusion-builder-column-1 fusion-one-full fusion-column-first fusion-column-last fusion-column-no-min-height 1_1\"  style='margin-top:0px;margin-bottom:0px;'><div class=\"fusion-column-wrapper\" style=\"background-position:left top;background-repeat:no-repeat;-webkit-background-size:cover;-moz-background-size:cover;-o-background-size:cover;background-size:cover;\"   data-bg-url=\"\"><div class=\"fusion-tabs fusion-tabs-1 classic horizontal-tabs icon-position-left\"><style type=\"text\/css\">.fusion-tabs.fusion-tabs-1 .nav-tabs li a.tab-link{border-top-color:#f44336;background-color:#f44336;}.fusion-tabs.fusion-tabs-1 .nav-tabs{background-color:#ffffff;}.fusion-tabs.fusion-tabs-1 .nav-tabs li.active a.tab-link,.fusion-tabs.fusion-tabs-1 .nav-tabs li.active a.tab-link:hover,.fusion-tabs.fusion-tabs-1 .nav-tabs li.active a.tab-link:focus{border-right-color:#ffffff;}.fusion-tabs.fusion-tabs-1 .nav-tabs li.active a.tab-link,.fusion-tabs.fusion-tabs-1 .nav-tabs li.active a.tab-link:hover,.fusion-tabs.fusion-tabs-1 .nav-tabs li.active a.tab-link:focus{background-color:#ffffff;}.fusion-tabs.fusion-tabs-1 .nav-tabs li a:hover{background-color:#ffffff;border-top-color:#ffffff;}.fusion-tabs.fusion-tabs-1 .tab-pane{background-color:#ffffff;}.fusion-tabs.fusion-tabs-1 .nav,.fusion-tabs.fusion-tabs-1 .nav-tabs,.fusion-tabs.fusion-tabs-1 .tab-content .tab-pane{border-color:#ffffff;}<\/style><div class=\"nav\"><ul class=\"nav-tabs nav-justified\"><li class=\"active\"><a class=\"tab-link\" data-toggle=\"tab\" id=\"fusion-tab-&lt;\/p&gt;&lt;h6&gt;quisom?&lt;\/h6&gt;&lt;p&gt;\" href=\"#tab-5f0169f7c2f5805018a\"><h4 class=\"fusion-tab-heading\"><\/p>\n<h6>Qui som?<\/h6>\n<p><\/h4><\/a><\/li><li><a class=\"tab-link\" data-toggle=\"tab\" id=\"fusion-tab-&lt;\/p&gt;&lt;h6&gt;afilia&#039;t&lt;\/h6&gt;&lt;p&gt;\" href=\"#tab-6d1aa18818604f8268c\"><h4 class=\"fusion-tab-heading\"><\/p>\n<h6>Afilia't<\/h6>\n<p><\/h4><\/a><\/li><li><a class=\"tab-link\" data-toggle=\"tab\" id=\"fusion-tab-&lt;\/p&gt;&lt;h6&gt;adrecesdestepv&lt;\/h6&gt;&lt;p&gt;\" href=\"#tab-9909109f78738b11178\"><h4 class=\"fusion-tab-heading\"><\/p>\n<h6>Adreces de STEPV<\/h6>\n<p><\/h4><\/a><\/li><\/ul><\/div><div class=\"tab-content\"><div class=\"nav fusion-mobile-tab-nav\"><ul class=\"nav-tabs nav-justified\"><li class=\"active\"><a class=\"tab-link\" data-toggle=\"tab\" id=\"mobile-fusion-tab-&lt;\/p&gt;&lt;h6&gt;quisom?&lt;\/h6&gt;&lt;p&gt;\" href=\"#tab-5f0169f7c2f5805018a\"><h4 class=\"fusion-tab-heading\"><\/p>\n<h6>Qui som?<\/h6>\n<p><\/h4><\/a><\/li><\/ul><\/div><div class=\"tab-pane fade fusion-clearfix in active\" id=\"tab-5f0169f7c2f5805018a\">\n<h2>QU\u00c8 \u00c9S STEPV-Iv?<\/h2>\n<p>Som la secci\u00f3 sindical de la UPV del Sindicat de Treballadores i Treballadors de l\u2019Ensenyament del Pa\u00eds Valenci\u00e0, integrat dins de la Intersindical Valenciana. Com a tal, \u00e9s el sindicat majoritari en el sector de l\u2019ensenyament dins de la nostra Comunitat.<\/p>\n<p>Som una organitzaci\u00f3 sindical totalment assemble\u00e0ria basasda en l\u2019exercici constant \u201cd\u2019una persona, un vot\u201d.<\/p>\n<p>La nostra organitzaci\u00f3 sindical \u00e9s de classe. Ens considerem treballadors i treballadores, i aut\u00f2noms respecte a qualsevol ens p\u00fablic o privat. No ens agrada ni la depend\u00e8ncia pol\u00edtica ni l\u2019econ\u00f2mica.<\/p>\n<p>Practiquem un sindicalisme que abasta, a m\u00e9s dels \u00e0mbits laborals, el m\u00f3n de la cultura, de la solidaritat, de l\u2019ecologia, de la pau\u2026<\/p>\n<h2>PER QU\u00c8 STEPV-Iv?<\/h2>\n<h2>PERQU\u00c8 REALMENT SOM DIFERENTS<\/h2>\n<p>Som un sindicat assembleari. Dit d\u2019altra manera som l\u2019\u00daNIC sindicat sense Secretari General; tots els afiliats tenen la mateixa import\u00e0ncia.<\/p>\n<p>Si preguntes en qualsevol sindicat \u201ccom afiliat puc ACUDIR I VOTAR EN TOTES LES REUNIONS, siguen per a debatre els pressupostos interns, per a decidir les pol\u00edtiques mestres o per a comentar detalls de treball?\u201d; Nom\u00e9s STEPV-Iv respon S\u00cd.<\/p>\n<p>Ens basem en l\u2019exercici constant d&#8217;\u201duna persona, un vot\u201d. A\u00e7\u00f2 implica total transpar\u00e8ncia de treball i total llibertat per a plantejar qualsevol tema.<\/p>\n<h2>PERQU\u00c8 NEGOCIAR \u00c9S DE VEGADES DIR NO<\/h2>\n<p>Ens agrada arribar a acords i sempre aportem propostes i treball per a tots els acords.<\/p>\n<p>Per\u00f2 no temem rebutjar els acords que no s\u00f3n avantatjosos per als treballadors.<\/p>\n<p>Hem signat el Pla Concilia, la Normativa de Borses de Treball, el Calendari Laboral, el Pla de Formaci\u00f3\u2026 per\u00f2 hem rebutjat la Productivitat, la\u00a0Modificaci\u00f3 de Plantilles (RLT)\u2026<\/p>\n<p>Treballem en conjunt amb la resta de sindicats en la Comissi\u00f3 de Roba, la Comissi\u00f3 de Vacances, l\u2019elaboraci\u00f3 del calendari laboral\u2026 hem donat suport sense complexos a iniciatives d\u2019altres sindicats i hem cercat el seu suport a les nostres.<\/p>\n<p>Per\u00f2 tamb\u00e9 quan ha fet falta hem dut a la Universitat davant els tribunals i hem guanyat sent\u00e8ncies respecte al pagament de triennis, expedients injusts i abusius a professors\u2026<\/p>\n<h2>PERQU\u00c8 DEFENSEM DE DEB\u00d2 LA NOSTRA LLENGUA<\/h2>\n<p>Som l\u2019\u00daNIC sindicat que realitza tots els seus comunicats en les dues lleng\u00fces de la comunitat: cartells, missatges, web\u2026<\/p>\n<p>Vigilem i promovem l\u2019\u00fas de la llengua, hem treballat perqu\u00e8 les classes dels grups en valenci\u00e0 es donen efectivament en aquesta llengua, vam ser els \u00fanics a protestar quan algunes escoles van considerar que el valenci\u00e0 s\u2019havia d\u2019impartir com llengua estrangera\u2026<\/p>\n<h2>PERQU\u00c8 ENS AGRADA TREBALLAR, NO CRITICAR<\/h2>\n<p>No ens dediquem a criticar el treball dels altres. Mai iniciem atacs ni retrets a altres sindicats. Per\u00f2, per descomptat, sempre ens defensarem dels missatges que ens insulten.<\/p>\n<h2>PERQU\u00c8 SOM COMPROMESOS I RESPONSABLES<\/h2>\n<p>Som una organitzaci\u00f3 sindical de classe. Ens considerem treballadors i treballadores i practiquem un sindicalisme que abasta, a m\u00e9s dels \u00e0mbits laborals, el m\u00f3n de la cultura, la solidaritat, l\u2019ecologia, la pau\u2026<\/p>\n<h2>PERQU\u00c8 EL TEU SUPORT ENS FA FORTS<\/h2>\n<p>Cada persona que s\u2019afilia al STEPV-Iv, cada persona que ens d\u00f3na suport, ens fa un poc m\u00e9s forts i col\u00b7labora perqu\u00e8 la nostra veu s\u2019escolte millor en la Universitat.<\/p>\n<p>Amb el teu suport aconseguirem defensar millor els nostres interessos com treballadors i que les nostres propostes arriben m\u00e9s lluny.<\/p>\n<h2>PER\u00d2 SOBRE TOT PERQU\u00c8 T\u2019ATENEM A TU<\/h2>\n<p>Atenem a tots els treballadors, i treballem pel b\u00e9 de tots els treballadors, no solament dels nostres afiliats. Informem a tothom del treball que es realitza a cada moment i consultem a tots perqu\u00e8 aporteu millores a les nostres propostes.<\/p>\n<p>Actuem amb total independ\u00e8ncia, pensant en els treballadors de la UPV, i no ens sotmetem a grans pactes externs realitzats per alienes centrals sindicals.<\/p>\n<h2>LES NOSTRES ACTUACIONS NO VARIEN CADA DIA<\/h2>\n<p>Defensem a ultran\u00e7a all\u00f2 en el que creiem i les nostres actuacions no depenen de c\u00e0lculs electoralistes o circumst\u00e0ncies pol\u00edtiques.<\/p>\n<p>El nostre comprom\u00eds amb vosaltres \u00e9s mantenir una actuaci\u00f3 basada en:<\/p>\n<ul>\n<li>Defensa sense fisures de l\u2019ocupaci\u00f3 p\u00fablica. Ens posicionem en contra de les privatitzacions i externalizacions. Lluitem per la professionalitat i el prestigi de l\u2019ocupaci\u00f3 p\u00fablica.<\/li>\n<li>Vigil\u00e0ncia constant dels principis d\u2019igualtat, m\u00e8rit i capacitat.<\/li>\n<li>Igualtat de tots els treballadors en tots els aspectes laborals: Promocions, concursos, formaci\u00f3, retribucions, etc. Estem en contra del m\u00e8rit espec\u00edfic, de les comissions \u201ca dit\u201d, de la promoci\u00f3 nom\u00e9s per al personal d\u2019un departament\u2026<\/li>\n<li>Prioritzaci\u00f3 dels interessos generals sobre els particulars.<\/li>\n<li>Desenvolupament de la prevenci\u00f3 i la salut. Sobre tot en aspectes poc desenvolupats com els psicosocials, assetjament laboral, etc.<\/li>\n<li>Millora de la representativitat dels treballadors en els diferents \u00f2rgans de govern de la Universitat.<\/li>\n<li>Transpar\u00e8ncia total en tots els \u00e0mbits de la Universitat i la seua comunitat.<\/li>\n<\/ul>\n<\/div><div class=\"nav fusion-mobile-tab-nav\"><ul class=\"nav-tabs nav-justified\"><li><a class=\"tab-link\" data-toggle=\"tab\" id=\"mobile-fusion-tab-&lt;\/p&gt;&lt;h6&gt;afilia&#039;t&lt;\/h6&gt;&lt;p&gt;\" href=\"#tab-6d1aa18818604f8268c\"><h4 class=\"fusion-tab-heading\"><\/p>\n<h6>Afilia't<\/h6>\n<p><\/h4><\/a><\/li><\/ul><\/div><div class=\"tab-pane fade fusion-clearfix\" id=\"tab-6d1aa18818604f8268c\">\n<h2>AFILIAR-SE. PER QU\u00c8?<\/h2>\n<p>Les organitzacions membres de la Federaci\u00f3 de Sindicats de Treballadors i Treballadores del Pa\u00eds Valenci\u00e0 \u2013 Intersindical Valenciana (STEPV-Iv \u2013 STAPV-Iv \u2013 STSPV-Iv) som entitats joves, que naixem dels vint-i-cinc anys d\u2019experi\u00e8ncia del Sindicat de Treballadors i Treballadores de l\u2019Ensenyament del Pa\u00eds Valenci\u00e0 (STEPV). Som organitzacions d\u2019homes i dones de les administracions p\u00fabliques, la sanitat, l\u2019ensenyament i altres sectors.<\/p>\n<p>La nostra acci\u00f3 abasta el m\u00f3n laboral, per\u00f2 tamb\u00e9 la cultura, la solidaritat, l\u2019ecologia, el pacifisme, l\u2019internacionalisme i la lluita per l\u2019emancipaci\u00f3 de totes les persones amb qualsevol tipus d\u2019opressi\u00f3. Treballem per una societat m\u00e9s justa i un m\u00f3n m\u00e9s saludable.<\/p>\n<h2>I JO, PER A QU\u00c8 NECESSITE UN SINDICAT?<\/h2>\n<p>M\u00e9s d\u2019una vegada t\u2019ho deus haver preguntat. Potser has estat a punt d\u2019afiliar-te, per\u00f2 ho has deixat per a una altra ocasi\u00f3. \u00c9s possible que ens hages visitat o ens hages consultat, o visites la nostra web per les oposicions, les retribucions, les reclamacions\u2026 o senzillament comparteixes amb companys i companyes afiliats moments de reivindicaci\u00f3 i de lluita. \u00c9s possible fins i tot que t\u2019haja contrariat una actuaci\u00f3 sindical no compartida. La nostra \u00e9s una organitzaci\u00f3 de classe, de treballadors i treballadores, aut\u00f2noma, sense depend\u00e8ncies pol\u00edtiques ni econ\u00f2miques. El Sindicat es defineix pel que l\u2019afiliaci\u00f3 \u00e9s capa\u00e7 de fer.<\/p>\n<h2>L\u2019ACTIVITAT SINDICAL COM ES MANT\u00c9?<\/h2>\n<p>Enfrontar-se als problemes de cada dia, aportar solucions, negociar-los, o pressionar per a aconseguir-ho, \u00e9s fruit de l\u2019esfor\u00e7 dels companys i companyes afiliats que participen en el manteniment de l\u2019organitzaci\u00f3. De tota l\u2019afiliaci\u00f3, les permanents sindicals s\u00f3n les persones m\u00e9s visibles: redacten informes i signen articles, assumeixen processos de negociaci\u00f3, garanteixen l\u2019atenci\u00f3 al p\u00fablic o es responsabilitzen de les publicacions. Tot a\u00e7\u00f2 es mant\u00e9 gr\u00e0cies a les quotes que paguem. Nosaltres no depenem ni poc ni molt de l\u2019ajuda institucional. Aix\u00ed, som lliures per a pensar i fer el que volem.<\/p>\n<p>Les eleccions sindicals determinen la representativitat i l\u2019acc\u00e9s als f\u00f2rums de negociaci\u00f3, per\u00f2 cada publicaci\u00f3, cada visita als centres, els nostres locals, els serveis jur\u00eddics o les consultes es paguen amb les quotes de totes i tots. No preguntem a ning\u00fa si est\u00e0 afiliat per a atendre una consulta o ajudar en tot el que podem. Si ho podem fer, \u00e9s gr\u00e0cies a la contribuci\u00f3 de les persones afiliades. Creiem, sobretot, en l\u2019esfor\u00e7 col\u00b7lectiu.<\/p>\n<h2>AMB TU, MILLOR<\/h2>\n<p>Cada dia observem la utilitat del nostre treball per\u00f2 encara hem d\u2019avan\u00e7ar molt m\u00e9s. Hem d\u2019ampliar serveis, millorar la participaci\u00f3 i la relaci\u00f3 amb persones com tu. I tamb\u00e9 corregir les nostres defici\u00e8ncies. Per aix\u00f2, et convidem a donar un pas endavant i compartir amb els companys i companyes que formem el STEPV-Iv l\u2019esfor\u00e7 que suposa aquest treball i la il\u00b7lusi\u00f3 per mantenir-lo, incrementar-lo i millorar-lo. La teua resposta i la teua participaci\u00f3 tamb\u00e9 ens \u00e9s necess\u00e0ria, perqu\u00e8 ac\u00ed, tu decideixes.<\/p>\n<p>&nbsp;<\/p>\n<p><a href=\"\/wp-content\/uploads\/2016\/09\/Formulari_afiliacio.pdf\" target=\"_blank\" rel=\"noopener noreferrer\">Descarregat el full d&#8217;afiliaci\u00f3<\/a>, ompli&#8217;l i envia-nos-el<\/div><div class=\"nav fusion-mobile-tab-nav\"><ul class=\"nav-tabs nav-justified\"><li><a class=\"tab-link\" data-toggle=\"tab\" id=\"mobile-fusion-tab-&lt;\/p&gt;&lt;h6&gt;adrecesdestepv&lt;\/h6&gt;&lt;p&gt;\" href=\"#tab-9909109f78738b11178\"><h4 class=\"fusion-tab-heading\"><\/p>\n<h6>Adreces de STEPV<\/h6>\n<p><\/h4><\/a><\/li><\/ul><\/div><div class=\"tab-pane fade fusion-clearfix\" id=\"tab-9909109f78738b11178\">\n<h2><\/h2>\n<h2><\/h2>\n<h2>UNIVERSITAT POLIT\u00c8CNICA DE VAL\u00c8NCIA<\/h2>\n<p>Edifici 6E &#8211; Cam\u00ed de Vera s\/n &#8211; 46022 &#8211; Val\u00e8ncia<\/p>\n<p>Tel\u00e8fons: 96 387 70 46 &#8211; 96 387 91 49. Extensions: 77046 &#8211; 79149 &#8211; 17046 &#8211; 19149<\/p>\n<p><a href=\"mailto:stepv@upv.es\"><em>stepv@upv.es<\/em><\/a><\/p>\n\n<!-- iframe plugin v.6.0 wordpress.org\/plugins\/iframe\/ -->\n<iframe loading=\"lazy\" src=\"https:\/\/www.google.com\/maps\/embed?pb=!1m18!1m12!1m3!1d384.9432715754704!2d-0.3411690768608445!3d39.47958014601836!2m3!1f0!2f0!3f0!3m2!1i1024!2i768!4f13.1!3m3!1m2!1s0xd604886be6933ff%3A0x9797d9dc716db6e9!2sSecci%C3%B3+Sindical+de+STEPV-Iv+en+la+UPV%2C+Escuela+Industrial.+Univ.+Politecnica+de+Valencia.%2C+Edifici+6E%2C+46022%2C+03801+Alcoi%2C+Alicante!5e0!3m2!1ses!2ses!4v1473326962139\" width=\"600\" height=\"450\" frameborder=\"0\" style=\"border:0\" 0=\"allowfullscreen\" scrolling=\"yes\" class=\"iframe-class\"><\/iframe>\n\n<h2>SEU CENTRAL<\/h2>\n<p>Val\u00e8ncia Juan de Mena, 18-baix. C.P. 46008<\/p>\n<p>Tel\u00e8fon: 96 391 91 47. Fax: 96 392 43 34<\/p>\n<p><a href=\"http:\/\/stepv.intersindical.org\/\">http:\/\/stepv.intersindical.org\/<\/a><\/p>\n<p><a href=\"mailto:valencia.stepv@intersindical.org\"><i>valencia.stepv@intersindical.org<\/i><\/a><\/p>\n<h2>UNIVERSITAT DE VAL\u00c8NCIA &#8211; ESTUDI GENERAL<\/h2>\n<p>Avda. Blasco Iba\u00f1ez, 21. C.P. 46010 &#8211; VAL\u00c8NCIA<\/p>\n<p>Tel\u00e8fon: 963 98 30 18, extensi\u00f3 83018<\/p>\n<p><a href=\"http:\/\/stepviv.blogs.uv.es\/\">http:\/\/stepviv.blogs.uv.es\/<\/a><\/p>\n<p><i><a href=\"mailto:stepv@uv.es\">stepv@uv.es<\/a> <\/i><\/p>\n<h2>UNIVERSITAT JAUME I<\/h2>\n<p>Av. Vicent Sos Baynat, s\/n &#8211; Edifici de Rectorat Planta 0. C.P. 12071 \u2013 Castell\u00f3<\/p>\n<p>Tel\u00e8fon: 964 728 812 \/ 645 969 059<\/p>\n<p><a href=\"http:\/\/blogs.uji.es\/ste\/\">http:\/\/blogs.uji.es\/ste\/<\/a><\/p>\n<p><a href=\"mailto:stepv@uji.es\"><i>stepv@uji.es<\/i><\/a><\/p>\n<h2>UNIVERSITAT D&#8217;ALACANT<\/h2>\n<p>Crta. Sant Vicent del Raspeig s\/n &#8211; Edifici Ci\u00e8ncies Socials. C.P. 03690 &#8211; Sant Vicent del Raspeig<\/p>\n<p>Tel\u00e8fon: 965 90 95 12. Fax: (+34) 96 590 3464<\/p>\n<p><a href=\"http:\/\/web.ua.es\/stepv-iv\/\">http:\/\/web.ua.es\/stepv-iv\/<\/a><\/p>\n<p><a href=\"mailto:stepv@ua.es\"><i>stepv@ua.es<\/i><\/a><\/p>\n<h2>ALTRES SEUS DEL SINDICAT<\/h2>\n<p><strong>Alacant<\/strong><\/p>\n<p>Glorieta Poeta Vte. Mogica, 5 &#8211; 12. C.P. 03005<\/p>\n<p>Tel\u00e8fon: 96 598 51 65 . Fax: 96 512 66 26<\/p>\n<p><a href=\"mailto:alacant.stepv@intersindical.org\"><em>alacant.stepv@intersindical.org<\/em><\/a><\/p>\n<p><b>Alcoi<\/b><\/p>\n<p>Oliver, 1-5\u00e9 dreta. C.P. 03804<\/p>\n<p>Tel\u00e8fon &#8211; Fax: 96 654 06 02<\/p>\n<p><a href=\"mailto:alcoi.stepv@intersindical.org\"><i>alcoi.stepv@intersindical.org<\/i><\/a><\/p>\n<p><b>Elx<\/b><\/p>\n<p>Maximili\u00e0 Thous, 121. C.P. 03204<\/p>\n<p>Tel\u00e8fon &#8211;\u00a0Fax: 96 622 56 16<\/p>\n<p><a href=\"mailto:elx.stepv@intersindical.org\"><i>elx.stepv@intersindical.org<\/i><\/a><\/p>\n<p><b>Castell\u00f3<\/b><\/p>\n<p>Marqu\u00e9s de Valverde, 8. C.P. 12003<\/p>\n<p>Tel\u00e8fon: 964 26 90 94. Fax: 964 23 29 52<\/p>\n<p><a href=\"mailto:castello.stepv@intersindical.org\"><i>castello.stepv@intersindical.org<\/i><\/a><\/p>\n<p><b>Alzira<\/b><\/p>\n<p>Luis Su\u00f1er, 28-16. C.P. 46600<\/p>\n<p>Tel\u00e8fon: 96 240 02 21<\/p>\n<p><a href=\"mailto:alzira.stepv@intersindical.org\"><i>alzira.stepv@intersindical.org<\/i><\/a><\/p>\n<p><b>Gandia<\/b><\/p>\n<p>Av. d&#8217;Alacant, 18, 1r. C.P. 46701<\/p>\n<p>Tel\u00e8fon &#8211; Fax: 96 295 07 54<\/p>\n<p><a href=\"mailto:gandia.stepv@intersindical.org\"><i>gandia.stepv@intersindical.org<\/i><\/a><\/p>\n<p><b>X\u00e0tiva<\/b><\/p>\n<p>Portal del Lle\u00f3 n\u00ba 8, 2n-A C.P. 46800<\/p>\n<p>Tel\u00e8fon &#8211; Fax: 96 228 30 67<\/p>\n<p><a href=\"mailto:xativa.stepv@intersindical.org\"><i>xativa.stepv@intersindical.org<\/i><\/a><\/div><\/div><\/div><div class=\"fusion-clearfix\"><\/div><\/div><\/div><\/div><\/div>\n","protected":false},"excerpt":{"rendered":"","protected":false},"author":11580,"featured_media":0,"parent":0,"menu_order":2,"comment_status":"closed","ping_status":"closed","template":"100-width.php","meta":{"footnotes":""},"class_list":["post-25","page","type-page","status-publish","hentry"],"_links":{"self":[{"href":"https:\/\/www.stepv.upv.es\/es\/wp-json\/wp\/v2\/pages\/25","targetHints":{"allow":["GET"]}}],"collection":[{"href":"https:\/\/www.stepv.upv.es\/es\/wp-json\/wp\/v2\/pages"}],"about":[{"href":"https:\/\/www.stepv.upv.es\/es\/wp-json\/wp\/v2\/types\/page"}],"author":[{"embeddable":true,"href":"https:\/\/www.stepv.upv.es\/es\/wp-json\/wp\/v2\/users\/11580"}],"replies":[{"embeddable":true,"href":"https:\/\/www.stepv.upv.es\/es\/wp-json\/wp\/v2\/comments?post=25"}],"version-history":[{"count":0,"href":"https:\/\/www.stepv.upv.es\/es\/wp-json\/wp\/v2\/pages\/25\/revisions"}],"wp:attachment":[{"href":"https:\/\/www.stepv.upv.es\/es\/wp-json\/wp\/v2\/media?parent=25"}],"curies":[{"name":"wp","href":"https:\/\/api.w.org\/{rel}","templated":true}]}}