{"id":22091,"date":"2025-09-03T09:47:16","date_gmt":"2025-09-03T07:47:16","guid":{"rendered":"https:\/\/www.stepv.upv.es\/?page_id=22091"},"modified":"2025-09-03T09:47:16","modified_gmt":"2025-09-03T07:47:16","slug":"censura","status":"publish","type":"page","link":"https:\/\/www.stepv.upv.es\/es\/censura\/","title":{"rendered":"Censura a la upv"},"content":{"rendered":"<div class=\"fusion-fullwidth fullwidth-box fusion-builder-row-1 nonhundred-percent-fullwidth non-hundred-percent-height-scrolling\"  style='background-color: rgba(255,255,255,0);background-position: center center;background-repeat: no-repeat;padding-top:0px;padding-right:0px;padding-bottom:0px;padding-left:0px;'><div class=\"fusion-builder-row fusion-row \"><div  class=\"fusion-layout-column fusion_builder_column fusion_builder_column_1_1 fusion-builder-column-0 fusion-one-full fusion-column-first fusion-column-last 1_1\"  style='margin-top:0px;margin-bottom:20px;'><div class=\"fusion-column-wrapper\" style=\"padding: 0px 0px 0px 0px;background-position:left top;background-repeat:no-repeat;-webkit-background-size:cover;-moz-background-size:cover;-o-background-size:cover;background-size:cover;\"   data-bg-url=\"\"><div class=\"imageframe-align-center\"><span class=\"fusion-imageframe imageframe-none imageframe-1 hover-type-none\"><img loading=\"lazy\" decoding=\"async\" src=\"https:\/\/www.stepv.upv.es\/wp-content\/uploads\/2025\/07\/banner-censura-1.png\" width=\"1921\" height=\"704\" alt=\"\" title=\"banner censura\" class=\"img-responsive wp-image-22111\" srcset=\"https:\/\/www.stepv.upv.es\/wp-content\/uploads\/2025\/07\/banner-censura-1-200x73.png 200w, https:\/\/www.stepv.upv.es\/wp-content\/uploads\/2025\/07\/banner-censura-1-400x147.png 400w, https:\/\/www.stepv.upv.es\/wp-content\/uploads\/2025\/07\/banner-censura-1-600x220.png 600w, https:\/\/www.stepv.upv.es\/wp-content\/uploads\/2025\/07\/banner-censura-1-800x293.png 800w, https:\/\/www.stepv.upv.es\/wp-content\/uploads\/2025\/07\/banner-censura-1-1200x440.png 1200w, https:\/\/www.stepv.upv.es\/wp-content\/uploads\/2025\/07\/banner-censura-1.png 1921w\" sizes=\"auto, (max-width: 800px) 100vw, 1921px\" \/><\/span><\/div><div class=\"fusion-sep-clear\"><\/div><div class=\"fusion-separator fusion-full-width-sep sep-single\" style=\"border-color:#af2020;border-top-width:10px;margin-left: auto;margin-right: auto;margin-top:;\"><\/div><style type=\"text\/css\"><\/style><div class=\"fusion-title title fusion-title-1 fusion-sep-none fusion-title-text fusion-title-size-one\" style=\"margin-top:0px;margin-bottom:31px;\"><h1 class=\"title-heading-left\" style=\"margin:0;\">Hi ha <strong>censura<\/strong> a la UPV?<\/h1><\/div><div class=\"fusion-text\"><p data-start=\"165\" data-end=\"380\">La paraula <strong><em data-start=\"176\" data-end=\"185\">censura<\/em> <\/strong>\u00e9s molt forta, s\u00ed. Per\u00f2, com hem d\u2019anomenar, si no, el fet de <strong>limitar la veu de diversos col\u00b7lectius dins de la UPV<\/strong>? Com descrivim la voluntat de controlar el flux d\u2019informaci\u00f3 des del Rectorat?<\/p>\n<p data-start=\"382\" data-end=\"704\">Recentment s\u2019ha aprovat un nou <strong>protocol d\u2019\u00fas del correu electr\u00f2nic<\/strong> que restringeix seriosament la capacitat de comunicaci\u00f3 dels sindicats. Tot plegat, amb l\u2019excusa de reduir el volum de missatges. Per\u00f2 sabem perfectament que aquest protocol afecta directament el nostre dret a comunicar-nos amb la comunitat universit\u00e0ria.<\/p>\n<h3 data-start=\"706\" data-end=\"1122\">Per qu\u00e8 ara?<\/h3>\n<p>Al nostre entendre, no \u00e9s cap casualitat. Fa uns mesos vam demanar el <a href=\"https:\/\/stepv.intersindical.org\/noticies\/article\/stepv_exigeix_el_cessament_de_dos_vicerectors_de_la_upv_per_banalitzar_al_voltant_de_lassetjament_sexual\">cessament de dos vicerectors<\/a> per unes <strong>declaracions masclistes<\/strong> fetes en un acte de campanya amb l\u2019estudiantat. Tamb\u00e9 vam denunciar p\u00fablicament el tristament fam\u00f3s <a href=\"https:\/\/www.stepv.upv.es\/va\/vergonyaupv\/\"><em data-start=\"951\" data-end=\"974\">selfie de la vergonya<\/em><\/a> amb <strong>Carlos Maz\u00f3n<\/strong>, en qu\u00e8 tot l\u2019equip rectoral es va alinear acr\u00edticament amb el poder pol\u00edtic. I ara, de sobte, ens retallen canals de comunicaci\u00f3.<\/p>\n<p>Tamb\u00e9 hem assolit amb el teu vot una fita important de representativitat al <a href=\"https:\/\/www.stepv.upv.es\/va\/consell-de-govern-hem-fet-historia-i-lhas-escrita-tu\/\">Consell de Govern<\/a>, on la nostra (teua) pres\u00e8ncia \u00e9s aclaparadora.<\/p>\n<p data-start=\"1124\" data-end=\"1321\">No ho podem ignorar. No es tracta nom\u00e9s de correus: <strong>es tracta de llibertat d\u2019expressi\u00f3, de participaci\u00f3 i de pluralitat dins la universitat p\u00fablica.<\/strong> La vigil\u00e0ncia cr\u00edtica \u00e9s m\u00e9s necess\u00e0ria que mai.<\/p>\n<p data-start=\"1323\" data-end=\"1633\">Comparteix!<\/p>\n<\/div><div class=\"fusion-blog-shortcode fusion-blog-shortcode-1 fusion-blog-archive fusion-blog-layout-grid-wrapper fusion-blog-pagination fusion-blog-no-images\"><style type=\"text\/css\">.fusion-blog-shortcode-1 .fusion-blog-layout-grid .fusion-post-grid{padding:20px;}.fusion-blog-shortcode-1 .fusion-posts-container{margin-left: -20px !important; margin-right:-20px !important;}<\/style><div class=\"fusion-posts-container fusion-posts-container-pagination fusion-no-meta-info fusion-blog-layout-grid fusion-blog-layout-grid-3 isotope\" data-pages=\"3\" data-grid-col-space=\"40\" style=\"margin: -20px -20px 0;min-height:500px;\"><article id=\"blog-1-post-22637\" class=\"fusion-post-grid post-22637 post type-post status-publish format-standard has-post-thumbnail hentry category-acces-i-promocio category-censura category-ptgas-diu-prou\">\n<div class=\"fusion-post-wrapper\" style=\"background-color:rgba(255,255,255,0);border:1px solid #ebeaea;border-bottom-width:3px;\"><div class=\"fusion-post-content-wrapper\" style=\"padding:30px 25px 20px 25px;\"><div class=\"fusion-post-content post-content\"><h2 class=\"blog-shortcode-post-title entry-title\"><a href=\"https:\/\/www.stepv.upv.es\/es\/stop-col%c2%b7locometre-un-llac-roig-amb-punts-blancs\/\">STOP COLOC\u00d3METRO: Un lazo rojo con puntos blancos<\/a><\/h2><div class=\"fusion-post-content-container\"><p>En los \u00faltimos a\u00f1os se ha desplegado un conjunto de decisiones que han favorecido la <strong>sustituci\u00f3n progresiva de la plantilla<\/strong> por personal <em>\u201cexterno\u201d<\/em> (por decirlo suavemente), a menudo mediante <strong>procedimientos poco transparentes y dif\u00edcilmente recurribles<\/strong>.<br \/>\n<a href=\"https:\/\/www.stepv.upv.es\/va\/lestrategia-per-desplacar-el-personal-propi\/\">Este proceso<\/a> <strong>cuestiona la val\u00eda del PTGAS<\/strong> y <strong>limita sus oportunidades de promoci\u00f3n<\/strong>, con la connivencia (si no impulso) de la gerencia y el rectorado. Adem\u00e1s, resulta <strong>dif\u00edcil de aceptar<\/strong> que, mientras el <strong>personal propio acredita m\u00e9ritos y experiencia<\/strong>, otros avancen por <strong>criterios dif\u00edciles de explicar<\/strong>.<\/p>\n<p><strong>SETAS como met\u00e1fora<\/strong><\/p>\n<p>A partir de las propuestas de <a href=\"https:\/\/www.stepv.upv.es\/es\/ptgas-diu-prou-exit-en-la-primera-assemblea\/\">la primera asamblea<\/a> hemos titulado la campa\u00f1a <em>\u201cLas setas en la UPV\u201d<\/em> porque, <strong>como las setas<\/strong>, este proceso <strong>ha crecido r\u00e1pidamente, sin control y ocupando espacios que no le corresponden<\/strong>. Proponemos llevar un <strong>lazo rojo con puntos blancos<\/strong> porque evoca la <em>Amanita muscaria<\/em>, <strong>una seta aparentemente atractiva pero altamente t\u00f3xica<\/strong>: una met\u00e1fora de un <strong>modelo de gesti\u00f3n que puede parecer inofensivo<\/strong>, pero que <strong>nos devuelve a pr\u00e1cticas que cre\u00edamos superadas<\/strong> en la universidad.<\/p>\n<\/div><\/div><\/div><div class=\"fusion-clearfix\"><\/div><\/div>\n<\/article>\n<article id=\"blog-1-post-22612\" class=\"fusion-post-grid post-22612 post type-post status-publish format-standard has-post-thumbnail hentry category-censura category-organs-de-govern\">\n<div class=\"fusion-post-wrapper\" style=\"background-color:rgba(255,255,255,0);border:1px solid #ebeaea;border-bottom-width:3px;\"><div class=\"fusion-post-content-wrapper\" style=\"padding:30px 25px 20px 25px;\"><div class=\"fusion-post-content post-content\"><h2 class=\"blog-shortcode-post-title entry-title\"><a href=\"https:\/\/www.stepv.upv.es\/es\/deficit-de-compresio-democratica\/\">D\u00e9ficit de comprensi\u00f3n democr\u00e1tica<\/a><\/h2><div class=\"fusion-post-content-container\"><p>Como ya sab\u00e9is, la candidatura de\u00a0<b>M\u00e9s UPV<\/b>\u00a0gan\u00f3\u00a0<b>6 de los 7 representantes electos<\/b>\u00a0<b>del colectivo PTGAS<\/b>\u00a0al Claustro.<\/p>\n<p>Seg\u00fan la normativa del \u00f3rgano, la\u00a0<b>Comisi\u00f3n Permanente<\/b>\u00a0tiene que incluir necesariamente un miembro del personal PTGAS. En una universidad realmente democr\u00e1tica, ser\u00eda razonable que ese\u00a0<b>representante saliera de entre las personas\u00a0<\/b><b>elegidas democr\u00e1ticamente<\/b>\u00a0por el mismo colectivo, es decir, de entre esos siete miembros.<\/p>\n<p>Aun as\u00ed,\u00a0<b>el rector ha decidido imponer<\/b>\u00a0un representante\u00a0<b>\u201ca dedo\u201d<\/b>, ya sab\u00e9is que le gusta mucho aquello del \u201ccoloc\u00f3metro\u201d,\u00a0<b>ignorando<\/b>\u00a0la voluntad expresada por la\u00a0<b>mayor\u00eda del PTGAS<\/b>, que hab\u00eda elegido a F\u00e1tima Romero como su representante leg\u00edtima.<\/p>\n<p>Con una\u00a0<b>interpretaci\u00f3n sesgada e interesada del reglamento<\/b>, que no especifica como se tiene que hacer esa designaci\u00f3n, el rector ha optado por\u00a0<b>burlar la decisi\u00f3n<\/b>\u00a0<b>democr\u00e1tica del colectivo<\/b>\u00a0y colocar una persona de su confianza, un tipo \u201cde hombre de paja\u201d o \u201ct\u00edtere\u201d institucional.<\/p>\n<p>Esta pr\u00e1ctica, a pesar de ajustarse al reglamento, es\u00a0<b>un mal ejemplo de gobernanza\u00a0<\/b>y evidencia una manera de ejercer el poder que no entiende la democracia como un sistema de representaci\u00f3n real, sino como una simple habilitaci\u00f3n legal para hacer y deshacer discrecionalmente.<\/p>\n<p>Quiz\u00e1s ese es el modelo de \u201cdemocracia\u201d que m\u00e1s le gusta:\u00a0<b>el de China<\/b>.<\/p>\n<h2><b>No es un caso aislado<\/b><\/h2>\n<p>Cuando un sistema ya presenta distorsiones democr\u00e1ticas estructurales, como la ponderaci\u00f3n del voto, cualquier desviaci\u00f3n adicional no es solo un detalle, sino un\u00a0<b>s\u00edntoma grave de retroceso institucional<\/b>.<\/p>\n<p>En este contexto:<\/p>\n<p><b>1. Modificar las palabras en las actas<\/b>\u00a0vulnera la fiabilidad institucional y deslegitima los \u00f3rganos colegiados.<\/p>\n<p><b>\u00a0 \u00a0 \u00a0 \u00a0 \u00a0 \u00a0 \u00a0 \u00a0La verdad sepultada por el acta <\/b><b><a href=\"https:\/\/www.stepv.upv.es\/es\/la-veritat-soterrada-per-lacta\/\" target=\"_blank\" rel=\"noopener\">[+LEER M\u00c1S]<\/a><\/b><\/p>\n<p><b>\u00a0 \u00a0 \u00a0 \u00a0 \u00a0 \u00a0 \u00a0 \u00a0Sesiones sin actas <\/b><b><a href=\"https:\/\/www.stepv.upv.es\/es\/sessions-sense-actes-la-nova-tradicio-silenciosa-de-la-mgn\/\" target=\"_blank\" rel=\"noopener\">[+LEER M\u00c1S]<\/a><\/b><\/p>\n<p><b>2. Editar las grabaciones\u00a0<\/b>para ocultar intervenciones.<b><\/b><\/p>\n<p><b>\u00a0 \u00a0 \u00a0 \u00a0 \u00a0 \u00a0 \u00a0 \u00a0Borra lo que no te guste <\/b><b><a href=\"https:\/\/www.stepv.upv.es\/es\/claustre-esborra-el-que-no-tagrade\/\" target=\"_blank\" rel=\"noopener\">[+LEER M\u00c1S]<\/a><\/b><\/p>\n<p><b>3. Controlar y censurar la informaci\u00f3n<\/b>\u00a0impide el debate plural, que es la base de cualquier espacio acad\u00e9mico.<\/p>\n<p><b>\u00a0 \u00a0 \u00a0 \u00a0 \u00a0 \u00a0 \u00a0 \u00a0El protocolo de la verg\u00fcenza <\/b><b><a href=\"https:\/\/www.stepv.upv.es\/es\/el-protocol-de-la-vergonya\/\" target=\"_blank\" rel=\"noopener\">[+LEER M\u00c1S]<\/a><\/b><\/p>\n<p><b>\u00a0 \u00a0 \u00a0 \u00a0 \u00a0 \u00a0 \u00a0 \u00a0Restringir la informaci\u00f3n sobre una huelga es una forma de censura <\/b><b><a href=\"https:\/\/www.stepv.upv.es\/es\/restringir-la-informacio-sobre-una-vaga-es-una-forma-de-censura\/\" target=\"_blank\" rel=\"noopener\">[+LEER M\u00c1S]<\/a><\/b><\/p>\n<p><b>4. Reducir plazos democr\u00e1ticos<\/b>\u00a0limita la participaci\u00f3n real y dificulta que los \u00f3rganos consultivos puedan ejercer su papel.<\/p>\n<p><b>\u00a0 \u00a0 \u00a0 \u00a0 \u00a0 \u00a0 \u00a0 \u00a0Parece que nos oye, pero no nos escucha <\/b><b><a href=\"https:\/\/www.stepv.upv.es\/es\/claustre-sembla-que-ens-sent-pero-no-ens-escolta\/\" target=\"_blank\" rel=\"noopener\">[+LEER M\u00c1S]<\/a><\/b><\/p>\n<p>Cuando se acumulan estos elementos, se llega a un modelo de gobierno que\u00a0<b>ya no<\/b>\u00a0<b>es solo poco democr\u00e1tico<\/b>, sino que\u00a0<b>es activamente incompatible<\/b>\u00a0con el que tendr\u00eda que ser una instituci\u00f3n p\u00fablica de conocimiento y deliberaci\u00f3n.<\/p>\n<\/div><\/div><\/div><div class=\"fusion-clearfix\"><\/div><\/div>\n<\/article>\n<article id=\"blog-1-post-22499\" class=\"fusion-post-grid post-22499 post type-post status-publish format-standard hentry category-censura category-consell-de-govern\">\n<div class=\"fusion-post-wrapper\" style=\"background-color:rgba(255,255,255,0);border:1px solid #ebeaea;border-bottom-width:3px;\"><div class=\"fusion-post-content-wrapper\" style=\"padding:30px 25px 20px 25px;\"><div class=\"fusion-post-content post-content\"><h2 class=\"blog-shortcode-post-title entry-title\"><a href=\"https:\/\/www.stepv.upv.es\/es\/respecte-i-normes-per-a-totes\/\">Respeto y normas para todas<\/a><\/h2><div class=\"fusion-post-content-container\"><p>En el \u00faltimo Consejo de Gobierno <strong>se nos insult\u00f3, interrumpi\u00f3 y censur\u00f3<\/strong>.<\/p>\n<p>Parece que <strong>hacer callar al adversario a cualquier precio<\/strong>, incluso\u00a0 el <strong>salt\u00e1ndose<\/strong> <strong>el<\/strong> <strong>decoro<\/strong> <strong>m\u00e1s<\/strong> <strong>b\u00e1sico<\/strong>, se ha convertido en una pr\u00e1ctica habitual. No acaba en censurar el correo.<\/p>\n<p>Quiz\u00e1s no hay que entrar en detalles \u2014algunas personas, que no todas, <strong>han pedido disculpas<\/strong>\u2014, pero merece la pena hacer una reflexi\u00f3n:<\/p>\n<p>Por mucho que una persona <strong>presida un \u00f3rgano, nunca est\u00e1 por encima de sus normas<\/strong>. Si estas normas est\u00e1n bien dise\u00f1adas, es precisamente <strong>para proteger a los miembros del \u00f3rgano de<\/strong> <strong>los posibles abusos de quienes lo dirigen<\/strong>.<\/p>\n<p>Del mismo modo, <strong>por mucho que se ocupe una direcci\u00f3n, de escuela, departamento<\/strong>\u2026 <strong>o campus\u2026 no se puede actuar al margen de las leyes, reglamentos o principios b\u00e1sicos de respeto<\/strong> <strong>institucional<\/strong>. M\u00e1s detalles en el resumen del consejo de gobierno.<\/p>\n<p>Las normas no son una formalidad, son <strong>la garant\u00eda de que todas y todos seamos tratados con igualdad y dignidad<\/strong>.<\/p>\n<\/div><\/div><\/div><div class=\"fusion-clearfix\"><\/div><\/div>\n<\/article>\n<article id=\"blog-1-post-22604\" class=\"fusion-post-grid post-22604 post type-post status-publish format-standard has-post-thumbnail hentry category-censura category-consell-de-govern\">\n<div class=\"fusion-post-wrapper\" style=\"background-color:rgba(255,255,255,0);border:1px solid #ebeaea;border-bottom-width:3px;\"><div class=\"fusion-post-content-wrapper\" style=\"padding:30px 25px 20px 25px;\"><div class=\"fusion-post-content post-content\"><h2 class=\"blog-shortcode-post-title entry-title\"><a href=\"https:\/\/www.stepv.upv.es\/es\/la-veritat-soterrada-per-lacta\/\">La verdad sepultada por el acta<\/a><\/h2><div class=\"fusion-post-content-container\"><p>En palabras del secretario general, \u201cnunca hab\u00eda habido pol\u00e9mica por las actas\u201d. Quiz\u00e1s porque nunca se hab\u00eda producido una tergiversaci\u00f3n como la de este Consejo de Gobierno.<\/p>\n<p>En la sesi\u00f3n de julio de 2025, Vicent Juli\u00e0 inst\u00f3 al rector a reconsiderar la decisi\u00f3n de no respetar el resultado democr\u00e1tico del PTGAS. En lugar de nombrar al representante escogido por votaci\u00f3n, el rector opt\u00f3 para imponer uno \u201ca dedo\u201d, un t\u00edtere de confianza.<\/p>\n<p>El problema es que esta intervenci\u00f3n no se ha recogido fielmente en el acta: el relato oficial distorsiona las palabras de Juli\u00e0, que ya ha pedido una rectificaci\u00f3n.<\/p>\n<p>Tambi\u00e9n, Ivan Gallego solicit\u00f3 que se hicieran constar las constantes interrupciones del rector, que lleg\u00f3 a calificar su intervenci\u00f3n de \u201ctonterias\u201d, en un tono claramente maleducado y despectivo.<\/p>\n<p>Aun as\u00ed, la presidencia y la secretar\u00eda del \u00f3rgano \u2014es decir, el rector y el secretario general nombrado por el mismo rector\u2014 se han negado a introducir ning\u00fan cambio, rehusando adecuar el acta a la realidad de los hechos.<\/p>\n<p>El resultado: unas intervenciones manipuladas, unos representantes en situaci\u00f3n de vulnerabilidad e indefensi\u00f3n, y un acta que, m\u00e1s que reflejar la verdad, la soterra.<\/p>\n<\/div><\/div><\/div><div class=\"fusion-clearfix\"><\/div><\/div>\n<\/article>\n<article id=\"blog-1-post-22495\" class=\"fusion-post-grid post-22495 post type-post status-publish format-standard hentry category-censura\">\n<div class=\"fusion-post-wrapper\" style=\"background-color:rgba(255,255,255,0);border:1px solid #ebeaea;border-bottom-width:3px;\"><div class=\"fusion-post-content-wrapper\" style=\"padding:30px 25px 20px 25px;\"><div class=\"fusion-post-content post-content\"><h2 class=\"blog-shortcode-post-title entry-title\"><a href=\"https:\/\/www.stepv.upv.es\/es\/restringir-la-informacio-sobre-una-vaga-es-una-forma-de-censura\/\">Restringir la informaci\u00f3n sobre una huelga es una forma de censura<\/a><\/h2><div class=\"fusion-post-content-container\"><p>Lamentamos informaros que la limitaci\u00f3n de la comunicaci\u00f3n entre vosotros y vuestros representantes <strong>contin\u00faa<\/strong>. Ya sab\u00e9is que, para poder recibir comunicaciones de vuestros representantes, <strong>os<\/strong> <strong>ten\u00e9is que subscribir<\/strong>. Esta situaci\u00f3n hace que un n\u00famero significativo de trabajadores y trabajadoras <strong>no reciba la informaci\u00f3n sobre la convocatoria de huelga.<\/strong><\/p>\n<p><strong>Contra la huelga, contra tus derechos<\/strong><\/p>\n<p>La administraci\u00f3n <strong>tiene la obligaci\u00f3n<\/strong> de garantizar que la plantilla sea informada de la existencia de una huelga, pero <strong>no lo ha hecho<\/strong>.<\/p>\n<p>Como que esta comunicaci\u00f3n no se produjo, nos dirigimos por escrito al <strong>Vicerrectorado de Comunicaci\u00f3n y a Vicegerencia de Recursos Humanos<\/strong> reclamando que se informara adecuadamente, pero <strong>tampoco se ha obtenido respuesta ni acci\u00f3n efectiva<\/strong>.<\/p>\n<p><strong>Pero\u2026 \u00bfes obligatorio? S\u00ed.<\/strong><\/p>\n<p>La comunicaci\u00f3n es un <strong>elemento esencial para el ejercicio efectivo del derecho de huelga<\/strong>, reconocido en la <strong>Constituci\u00f3n Espa\u00f1ola<\/strong> y desarrollado por numerosa jurisprudencia. No es solo el acto de parar el trabajo, sino tambi\u00e9n <strong>todas las actividades necesarias para hacerlo efectivo<\/strong>, como por ejemplo <strong>informar y comunicar la convocatoria a los trabajadores<\/strong>.<\/p>\n<p>Obstaculizar esta comunicaci\u00f3n puede suponer una limitaci\u00f3n inaceptable de la libertad sindical.<\/p>\n<p><strong>Ya hab\u00eda pasado<\/strong><\/p>\n<p>Como ya denunciamos en la huelga anterior, la Universidad puso <strong><a href=\"https:\/\/www.stepv.upv.es\/va\/el-rector-silencia-la-vaga-contra-mazon\/\">trabas<\/a><\/strong> <strong>para impedir que pudi\u00e9ramos informaros<\/strong>, bloqueando el uso de las pantallas de los campus, que s\u00ed se utilizan para mensajes de empresas privadas.<\/p>\n<p>En aquel momento, al menos, nuestros correos <strong>llegaban a toda la plantilla<\/strong>. Ahora, adem\u00e1s de censurar las pantallas, se bloquea la comunicaci\u00f3n sindical directa, dejando claro que el \u00c1rea de Comunicaci\u00f3n act\u00faa como un <strong>\u00f3rgano<\/strong> <strong>de<\/strong> <strong>propaganda<\/strong> m\u00e1s que como un servicio p\u00fablico al servicio de toda la comunidad universitaria.<\/p>\n<\/div><\/div><\/div><div class=\"fusion-clearfix\"><\/div><\/div>\n<\/article>\n<article id=\"blog-1-post-22200\" class=\"fusion-post-grid post-22200 post type-post status-publish format-standard has-post-thumbnail hentry category-censura\">\n<div class=\"fusion-post-wrapper\" style=\"background-color:rgba(255,255,255,0);border:1px solid #ebeaea;border-bottom-width:3px;\"><div class=\"fusion-post-content-wrapper\" style=\"padding:30px 25px 20px 25px;\"><div class=\"fusion-post-content post-content\"><h2 class=\"blog-shortcode-post-title entry-title\"><a href=\"https:\/\/www.stepv.upv.es\/es\/sha-consumat-el-colp-a-la-llibertat-dexpressio-a-la-upv\/\">Se ha consumado el golpe a la libertad de expresi\u00f3n en la UPV<\/a><\/h2><div class=\"fusion-post-content-container\"><p>Ya estamos a\u00a0<b>15 de septiembre, desde hoy<\/b>, la Universidad nos corta el micr\u00f3fono.<\/p>\n<p>A partir de ahora, solo recibir\u00e1s nuestra informaci\u00f3n si t\u00fa nos lo autorizas.<\/p>\n<p>Pero esta restricci\u00f3n no viene sola: para consumarla han\u00a0<b>dilapidado tambi\u00e9n los<\/b>\u00a0<b>servicios de cultura<\/b>, dejando claro que el valenciano y la cultura no son una prioridad para este equipo rectoral. Tabla rasa: ni sindicatos, ni cultura, ni valenciano.<\/p>\n<p>Se trata de\u00a0<b>defender un derecho fundamental<\/b>, recogido en la Ley Org\u00e1nica de Libertad Sindical y protegido por el Tribunal Constitucional:<\/p>\n<ul>\n<li>El derecho de las secciones sindicales a informar a\u00a0<b>todo el personal de la UPV<\/b>.<\/li>\n<\/ul>\n<ul>\n<li>El derecho de las trabajadoras y trabajadores a recibir informaci\u00f3n sindical\u00a0<b>libre y sin trabas.<\/b><\/li>\n<\/ul>\n<h2><b>\u00bfPor qu\u00e9 merece la pena?<\/b><\/h2>\n<ul>\n<li>Porque quieres saber qu\u00e9 decide el\u00a0<b>Consejo de Gobierno<\/b>\u00a0y como te afecta.<\/li>\n<\/ul>\n<p><i>\u00a0 \u00a0 \u00a0 \u00a0 \u00a0 No te puedes perder los res\u00famenes de Sento.<\/i><\/p>\n<ul>\n<li>Porque quieres recibir informaci\u00f3n clara de\u00a0<b>convocatorias, derechos y novedades laborales.<\/b><\/li>\n<\/ul>\n<p><i>\u00a0 \u00a0 \u00a0 \u00a0 \u00a0 Mereces estar al d\u00eda de tus derechos.<\/i><\/p>\n<ul>\n<li>Porque quieres estar al corriente de nuestras\u00a0<b>negociaciones y movilizaciones<\/b>.<\/li>\n<\/ul>\n<p><i>\u00a0 \u00a0 \u00a0 \u00a0 \u00a0La transparencia es un derecho. La movilizaci\u00f3n tambi\u00e9n.<\/i><\/p>\n<p>&nbsp;<\/p>\n<p>\ud83d\udc49\u00a0<b><a href=\"https:\/\/www.upv.es\/pls\/soalu\/sic_tibi.suscripcionTopics\" target=\"_blank\" rel=\"noopener\">Subscr\u00edbete ahora<\/a>\u00a0<\/b>y aseg\u00farate que nadie te deja a ciegas.<\/p>\n<p>No es solo recibir correos: es garantizar que continuamos siendo\u00a0<b>tus ojos y tu voz<\/b>\u00a0dentro de la UPV.\u00a0<b>No se puede vivir solo del relato de rectorado<\/b>.<\/p>\n<p>&nbsp;<\/p>\n<\/div><\/div><\/div><div class=\"fusion-clearfix\"><\/div><\/div>\n<\/article>\n<div class=\"fusion-clearfix\"><\/div><\/div><div class=\"pagination clearfix\"><span class=\"current\">1<\/span><a href=\"https:\/\/www.stepv.upv.es\/es\/wp-json\/wp\/v2\/pages\/22091\/page\/2\/\" class=\"inactive\">2<\/a><a class=\"pagination-next\" href=\"https:\/\/www.stepv.upv.es\/es\/wp-json\/wp\/v2\/pages\/22091\/page\/2\/\"><span class=\"page-text\">Next<\/span><span class=\"page-next\"><\/span><\/a><\/div><div class=\"fusion-clearfix\"><\/div><\/div><div class=\"fusion-clearfix\"><\/div><\/div><\/div><\/div><\/div>\n","protected":false},"excerpt":{"rendered":"","protected":false},"author":29775,"featured_media":0,"parent":0,"menu_order":0,"comment_status":"closed","ping_status":"closed","template":"","meta":{"footnotes":""},"class_list":["post-22091","page","type-page","status-publish","hentry"],"_links":{"self":[{"href":"https:\/\/www.stepv.upv.es\/es\/wp-json\/wp\/v2\/pages\/22091","targetHints":{"allow":["GET"]}}],"collection":[{"href":"https:\/\/www.stepv.upv.es\/es\/wp-json\/wp\/v2\/pages"}],"about":[{"href":"https:\/\/www.stepv.upv.es\/es\/wp-json\/wp\/v2\/types\/page"}],"author":[{"embeddable":true,"href":"https:\/\/www.stepv.upv.es\/es\/wp-json\/wp\/v2\/users\/29775"}],"replies":[{"embeddable":true,"href":"https:\/\/www.stepv.upv.es\/es\/wp-json\/wp\/v2\/comments?post=22091"}],"version-history":[{"count":0,"href":"https:\/\/www.stepv.upv.es\/es\/wp-json\/wp\/v2\/pages\/22091\/revisions"}],"wp:attachment":[{"href":"https:\/\/www.stepv.upv.es\/es\/wp-json\/wp\/v2\/media?parent=22091"}],"curies":[{"name":"wp","href":"https:\/\/api.w.org\/{rel}","templated":true}]}}