{"id":18025,"date":"2021-07-27T14:34:41","date_gmt":"2021-07-27T12:34:41","guid":{"rendered":"https:\/\/www.stepv.upv.es\/?page_id=18025"},"modified":"2023-07-19T11:22:54","modified_gmt":"2023-07-19T09:22:54","slug":"qui-som","status":"publish","type":"page","link":"https:\/\/www.stepv.upv.es\/es\/qui-som\/","title":{"rendered":"Qui som?"},"content":{"rendered":"<div class=\"fusion-fullwidth fullwidth-box fusion-builder-row-1 nonhundred-percent-fullwidth non-hundred-percent-height-scrolling\"  style='background-color: rgba(255,255,255,0);background-position: center center;background-repeat: no-repeat;padding-top:0px;padding-right:0px;padding-bottom:0px;padding-left:0px;'><div class=\"fusion-builder-row fusion-row \"><div  class=\"fusion-layout-column fusion_builder_column fusion_builder_column_1_3 fusion-builder-column-0 fusion-one-third fusion-column-first fusion-column-no-min-height 1_3\"  style='margin-top:0px;margin-bottom:20px;width:33.33%;width:calc(33.33% - ( ( 4% ) * 0.3333 ) );margin-right: 4%;'><div class=\"fusion-column-wrapper\" style=\"padding: 0px 0px 0px 0px;background-position:left top;background-repeat:no-repeat;-webkit-background-size:cover;-moz-background-size:cover;-o-background-size:cover;background-size:cover;\"   data-bg-url=\"\"><style type=\"text\/css\"><\/style><div class=\"fusion-title title fusion-title-1 fusion-sep-none fusion-title-center fusion-title-text fusion-title-size-one\" style=\"margin-top:0px;margin-bottom:31px;\"><h1 class=\"title-heading-center\" style=\"margin:0;\">On som<\/h1><\/div><div class=\"fusion-flip-boxes flip-boxes row fusion-columns-1 flip-effect-3d equal-heights\"><div class=\"fusion-flip-box-wrapper fusion-column col-lg-12 col-md-12 col-sm-12\"><div class=\"fusion-flip-box flip-up\"><div class=\"flip-box-inner-wrapper\"><div class=\"flip-box-front\" style=\"background-color:#f6f6f6;border-color:rgba(0,0,0,0);border-radius:4px;border-style:solid;border-width:1px;color:#ffb5b5;transition-duration:1.0s;\"><div class=\"flip-box-front-inner\"><div class=\"flip-box-grafix flip-box-image\"><img loading=\"lazy\" decoding=\"async\" src=\"http:\/\/vijufer.webs.upv.es\/wp-content\/uploads\/2021\/07\/para-vinetas-stepv.png\" width=\"120\" height=\"120\" alt=\"\" \/><\/div><h2 class=\"flip-box-heading without-text\" style=\"color:#af2020;\">UPV<\/h2><\/div><\/div><div class=\"flip-box-back\" style=\"background-color:#af2020;border-color:rgba(0,0,0,0);border-radius:4px;border-style:solid;border-width:1px;color:#ffffff;transition-duration:1.0s;\"><div class=\"flip-box-back-inner\"><h3 class=\"flip-box-heading-back\" style=\"color:#dbffff;\">Universitat Polit\u00e8cnica de Val\u00e8ncia<\/h3>\n<p style=\"text-align: left\"><span style=\"color: #dbffff;font-size: 12px\">Edifici 4G Planta Baixa<br \/>Cam\u00ed de Vera s\/n &#8211; 46022 \u2013 Val\u00e8ncia<\/span><\/p>\n<p style=\"text-align: left\"><span style=\"color: #dbffff;font-size: 12px\">Tel\u00e8fons: 96 387 70 46 \u2013 96 387 91 49<\/span><br \/>\n<span style=\"color: #dbffff;font-size: 12px\">M\u00f2bils: 673 93 81 32 &#8211; 649 60 63 61 <br \/>\n<\/span><span style=\"color: #dbffff;font-size: 12px\">Extensions: 77046 \u2013 79149 \u2013 10197 &#8211; 17046 <br \/>\n<\/span><span style=\"color: #dbffff;font-size: 12px\">Correu: <a style=\"color: #ff9f00\" href=\"mailto:stepv@upv.es\" target=\"_blank\" rel=\"noopener\">stepv@upv.es<\/a><\/span><\/p>\n<\/div><\/div><\/div><\/div><\/div><\/div><div class=\"fusion-clearfix\"><\/div><iframe src=\"https:\/\/www.google.com\/maps\/embed?pb=!1m18!1m12!1m3!1d3079.5209943039513!2d-0.3430021847723909!3d39.48014882948506!2m3!1f0!2f0!3f0!3m2!1i1024!2i768!4f13.1!3m3!1m2!1s0xd604886be6933ff%3A0x9797d9dc716db6e9!2sSecci%C3%B3%20Sindical%20de%20STEPV-Iv%20en%20la%20UPV!5e0!3m2!1ses!2ses!4v1628783295546!5m2!1ses!2ses\" width=\"100%\" height=\"400\" style=\"border:3px solid #af2020;\" allowfullscreen=\"\" loading=\"lazy\"><\/iframe><div class=\"fusion-sep-clear\"><\/div><div class=\"fusion-separator fusion-full-width-sep sep-single\" style=\"border-color:#ffffff;border-top-width:2px;margin-left: auto;margin-right: auto;margin-top:;margin-bottom:20px;\"><\/div><div class=\"fusion-flip-boxes flip-boxes row fusion-columns-1 flip-effect-3d equal-heights\"><div class=\"fusion-flip-box-wrapper fusion-column col-lg-12 col-md-12 col-sm-12\"><div class=\"fusion-flip-box flip-up\"><div class=\"flip-box-inner-wrapper\"><div class=\"flip-box-front\" style=\"background-color:#f6f6f6;border-color:rgba(0,0,0,0);border-radius:4px;border-style:solid;border-width:1px;color:#af2020;transition-duration:1.0s;\"><div class=\"flip-box-front-inner\"><div class=\"flip-box-grafix flip-box-image\"><img loading=\"lazy\" decoding=\"async\" src=\"http:\/\/vijufer.webs.upv.es\/wp-content\/uploads\/2021\/07\/para-vinetas-stepv.png\" width=\"120\" height=\"120\" alt=\"\" \/><\/div>Intercomarcal Val\u00e8ncia<\/div><\/div><div class=\"flip-box-back\" style=\"background-color:#af2020;border-color:rgba(0,0,0,0);border-radius:4px;border-style:solid;border-width:1px;color:#ffffff;transition-duration:1.0s;\"><div class=\"flip-box-back-inner\"><h3 class=\"flip-box-heading-back\" style=\"color:#dbffff;\">Seu Central Val\u00e8ncia<\/h3>\n<p style=\"text-align: left\"><span style=\"font-size: 12px;color: #dbffff\">Juan de Mena, 18-baix -46008 &#8211; Val\u00e8ncia<\/span><\/p>\n<p style=\"text-align: left\"><span style=\"font-size: 12px;color: #dbffff\">Tel\u00e8fon: 96 391 91 47. Fax: 96 392 43 34<\/span><br \/><span style=\"font-size: 12px;color: #dbffff\">Correu: <a style=\"color: #ff9f00\" href=\"mailto:valencia.stepv@intersindical.org\" target=\"_blank\" rel=\"noopener\">valencia.stepv@intersindical.org<\/a><br \/><span style=\"font-size: 12px;color: #dbffff\">Web: <a style=\"color: #ff9f00\" href=\"https:\/\/stepv.intersindical.org\/\" target=\"_blank\" rel=\"noopener\">stepv.intersindical.org\/<\/a><\/span><\/span><\/p>\n<\/div><\/div><\/div><\/div><\/div><\/div><div class=\"fusion-clearfix\"><\/div><div class=\"fusion-flip-boxes flip-boxes row fusion-columns-1 flip-effect-3d equal-heights\"><div class=\"fusion-flip-box-wrapper fusion-column col-lg-12 col-md-12 col-sm-12\"><div class=\"fusion-flip-box flip-up\"><div class=\"flip-box-inner-wrapper\"><div class=\"flip-box-front\" style=\"background-color:#f6f6f6;border-color:rgba(0,0,0,0);border-radius:4px;border-style:solid;border-width:1px;color:#ffb5b5;transition-duration:1.0s;\"><div class=\"flip-box-front-inner\"><div class=\"flip-box-grafix flip-box-image\"><img loading=\"lazy\" decoding=\"async\" src=\"http:\/\/vijufer.webs.upv.es\/wp-content\/uploads\/2021\/07\/para-vinetas-stepv.png\" width=\"120\" height=\"120\" alt=\"\" \/><\/div><h2 class=\"flip-box-heading without-text\" style=\"color:#af2020;\">UV<\/h2><\/div><\/div><div class=\"flip-box-back\" style=\"background-color:#af2020;border-color:rgba(0,0,0,0);border-radius:4px;border-style:solid;border-width:1px;color:#ffffff;transition-duration:1.0s;\"><div class=\"flip-box-back-inner\"><h3 class=\"flip-box-heading-back\" style=\"color:#dbffff;\">Universitat de Val\u00e8ncia<\/h3>\n<p style=\"text-align: left\"><span style=\"font-size: 12px;color: #dbffff\">Avda. Blasco Iba\u00f1ez, 21 &#8211; 46010 \u2013 Val\u00e8ncia<\/span><\/p>\n<p style=\"text-align: left\"><span style=\"font-size: 12px;color: #dbffff\">Tel\u00e8fon: 963 98 30 18<\/span><br \/>\n<span style=\"font-size: 12px;color: #dbffff\">Extensi\u00f3:83018<\/span><br \/>\n<span style=\"font-size: 12px;color: #dbffff\">Correu:<a style=\"color: #ff9f00\" href=\"mailto:stepv@uv.es\" target=\"_blank\" rel=\"noopener\">stepv@uv.es<\/a><\/span><br \/>\n<span style=\"font-size: 12px;color: #dbffff\">Web:<a style=\"color: #ff9f00\" href=\"http:\/\/stepviv.blogs.uv.es\/\" target=\"_blank\" rel=\"noopener\">stepviv.blogs.uv.es<\/a><\/span><\/p>\n<\/div><\/div><\/div><\/div><\/div><\/div><div class=\"fusion-clearfix\"><\/div><div class=\"fusion-flip-boxes flip-boxes row fusion-columns-1 flip-effect-3d equal-heights\"><div class=\"fusion-flip-box-wrapper fusion-column col-lg-12 col-md-12 col-sm-12\"><div class=\"fusion-flip-box flip-up\"><div class=\"flip-box-inner-wrapper\"><div class=\"flip-box-front\" style=\"background-color:#f6f6f6;border-color:rgba(0,0,0,0);border-radius:4px;border-style:solid;border-width:1px;color:#ffb5b5;transition-duration:1.0s;\"><div class=\"flip-box-front-inner\"><div class=\"flip-box-grafix flip-box-image\"><img loading=\"lazy\" decoding=\"async\" src=\"http:\/\/vijufer.webs.upv.es\/wp-content\/uploads\/2021\/07\/para-vinetas-stepv.png\" width=\"120\" height=\"120\" alt=\"\" \/><\/div><h2 class=\"flip-box-heading without-text\" style=\"color:#af2020;\">UJI<\/h2><\/div><\/div><div class=\"flip-box-back\" style=\"background-color:#af2020;border-color:rgba(0,0,0,0);border-radius:4px;border-style:solid;border-width:1px;color:#ffffff;transition-duration:1.0s;\"><div class=\"flip-box-back-inner\"><h3 class=\"flip-box-heading-back\" style=\"color:#dbffff;\">Universitat Jaume I<\/h3>\n<p style=\"text-align: left\"><span style=\"color: #dbffff;font-size: 12px\">Edifici de Rectorat Planta 0 \u2013 Av. Vicent Sos Baynat, s\/n \u2013 12071 \u2013 Castell\u00f2<\/span><\/p>\n<p style=\"text-align: left\"><span style=\"color: #dbffff;font-size: 12px\">Tel\u00e8fons: 964 728 812 \/ 645 969 059<\/span><br \/>\n<span style=\"font-size: 12px;color: #dbffff\">Correu: <a style=\"color: #ff9f00\" href=\"mailto:stepv@uji.es\" target=\"_blank\" rel=\"noopener\">stepv@uji.es<\/a><\/span><br \/>\n<span style=\"font-size: 12px;color: #dbffff\">Web: <a style=\"color: #ff9f00\" href=\"http:\/\/blogs.uji.es\/ste\/\/\" target=\"_blank\" rel=\"noopener\">blogs.uji.es\/ste<\/a><\/span><\/div><\/div><\/div><\/div><\/div><div class=\"fusion-flip-box-wrapper fusion-column col-lg-12 col-md-12 col-sm-12\"><div class=\"fusion-flip-box flip-up\"><div class=\"flip-box-inner-wrapper\"><div class=\"flip-box-front\" style=\"background-color:#f6f6f6;border-color:rgba(0,0,0,0);border-radius:4px;border-style:solid;border-width:1px;color:#ffb5b5;transition-duration:1.0s;\"><div class=\"flip-box-front-inner\"><div class=\"flip-box-grafix flip-box-image\"><img loading=\"lazy\" decoding=\"async\" src=\"http:\/\/vijufer.webs.upv.es\/wp-content\/uploads\/2021\/07\/para-vinetas-stepv.png\" width=\"120\" height=\"120\" alt=\"\" \/><\/div><h2 class=\"flip-box-heading without-text\" style=\"color:#af2020;\">UA<\/h2><\/div><\/div><div class=\"flip-box-back\" style=\"background-color:#af2020;border-color:rgba(0,0,0,0);border-radius:4px;border-style:solid;border-width:1px;color:#ffffff;transition-duration:1.0s;\"><div class=\"flip-box-back-inner\"><h3 class=\"flip-box-heading-back\" style=\"color:#dbffff;\">Universitat d'Alacant<\/h3>\n<p style=\"text-align: left\"><span style=\"color: #dbffff;font-size: 12px\">Edifici Ci\u00e8ncies Socials \u2013 Crta. Sant Vicent del Raspeig s\/n \u2013 03690 \u2013 Alacant<\/span><\/p>\n<p style=\"text-align: left\"><span style=\"color: #dbffff;font-size: 12px\">Tel\u00e8fons: 965 90 95 12.<\/span><span style=\"font-size: 12px;color: #dbffff\">Fax: (+34) 96 590 34 64<\/span><br \/><span style=\"font-size: 12px;color: #dbffff\">Correu: <a style=\"color: #ff9f00\" href=\"mailto:stepv@ua.es\" target=\"_blank\" rel=\"noopener\">stepv@ua.es<\/a><\/span><span style=\"font-size: 12px;color: #dbffff\"><br \/>Web: <a style=\"color: #ff9f00\" href=\"http:\/\/web.ua.es\/stepv-iv\/\/\" target=\"_blank\" rel=\"noopener\">web.ua.es\/stepv-iv<\/a><\/span><\/p>\n<\/div><\/div><\/div><\/div><\/div><\/div><div class=\"fusion-clearfix\"><\/div><div class=\"fusion-text\"><\/div><div class=\"fusion-clearfix\"><\/div><\/div><\/div><div  class=\"fusion-layout-column fusion_builder_column fusion_builder_column_2_3 fusion-builder-column-1 fusion-two-third fusion-column-last fusion-column-no-min-height 2_3\"  style='margin-top:0px;margin-bottom:0px;width:66.66%;width:calc(66.66% - ( ( 4% ) * 0.6666 ) );'><div class=\"fusion-column-wrapper\" style=\"background-color:#dbffff;padding: 0px 7px 0px 8px;background-position:left top;background-repeat:no-repeat;-webkit-background-size:cover;-moz-background-size:cover;-o-background-size:cover;background-size:cover;\"   data-bg-url=\"\"><div class=\"fusion-text\"><h1>Qui som<\/h1>\n<p>\u00a0<\/p>\n<p style=\"font-family: verdana;font-size: 14px\">El Sindicat de Treballadores i Treballadors de l\u2019Ensenyament del Pa\u00eds Valenci\u00e0 va n\u00e0ixer, ara fa trenta-cinc anys, dels moviments de professorat que compartien una forta vocaci\u00f3 unit\u00e0ria, pluralista, participativa i democr\u00e0tica. I aix\u00ed s\u2019ha mantingut. Som una organitzaci\u00f3 sindical jove per\u00f2 que acumula una \u00e0mplia experi\u00e8ncia.<\/p>\n<p style=\"font-family: verdana;font-size: 14px\">El nostre sindicat adopta, des dels seus origens, una concepci\u00f3 de la democr\u00e0cia sustentada sobre l\u2019exercici constant d\u2019<em>una persona, un vot<\/em>. La nostra estructura s\u2019arrela en el territori, des de les unitats m\u00e9s menudes, el centre de treball, la localitat i la comarca, a les m\u00e9s grans, el Pa\u00eds Valenci\u00e0, com a marc on es creuen totes les relacions humanes: culturals, socials, econ\u00f2miques, pol\u00edtiques, laborals\u2026<\/p>\n<p style=\"font-family: verdana;font-size: 14px\">La nostra organitzaci\u00f3 sindical \u00e9s de classe, ens considerem treballadores i treballadors, i aut\u00f2noms respecte a qualsevol ens p\u00fablic o privat. No ens agraden ni la depend\u00e8ncia pol\u00edtica ni l\u2019econ\u00f2mica. La nostra organitzaci\u00f3 sindical \u00e9s el que l\u2019afiliaci\u00f3 \u00e9s capa\u00e7 de fer.<\/p>\n<p style=\"font-family: verdana;font-size: 14px\">Practiquem un sindicalisme que abasta, a m\u00e9s dels \u00e0mbits laborals, el m\u00f3n de la cultura, de la solidaritat, de l\u2019ecologia, de la pau i de l\u2019emancipaci\u00f3 de totes les persones i col\u00b7lectius que suporten qualsevol tipus d\u2019opressi\u00f3 com a condici\u00f3 indispensable per aconseguir una societat m\u00e9s justa i un pa\u00eds m\u00e9s saludable.<\/p>\n<p style=\"font-family: verdana;font-size: 14px\">[<a href=\"https:\/\/stepv.intersindical.org\/comunes\/qui_som\">Llegir m\u00e9s<\/a>]<\/p>\n<\/div><div class=\"fusion-text\"><h1>STEPV a la UPV<\/h1>\n<p style=\"font-family: verdana;font-size: 14px\">La secci\u00f3 sindical de STEPV a la UPV es presenta per primera vegada a les eleccions de <strong>1998 <\/strong>amb una \u00fanica candidatura a la <strong>Junta de PDI <\/strong>funcionari, obtenint 3 representants.<\/p>\n<p style=\"font-family: verdana;font-size: 14px\">Comencem, des d&#8217;eixe moment, una <strong>acci\u00f3 sindical diferent<\/strong>, basada en la <strong>transpar\u00e8ncia<\/strong> amb les treballadores i els treballadors i la <strong>combativitat<\/strong> amb l&#8217;administraci\u00f3.<\/p>\n<p style=\"font-family: verdana;font-size: 14px\">Aquesta difer\u00e8ncia amb els sindicats estatals, en fa guanyar-nos la confian\u00e7a de les treballadores i els treballadors de la universitat i cr\u00e9ixer elecci\u00f3 rere elecci\u00f3, fins a convertir-nos en 2010 en una alternativa real a la UPV, i <strong>des de 2014<\/strong> fins ara, a ser el <strong>sindicat amb m\u00e9s suport <\/strong>electoral de la UPV.<\/p>\n<p style=\"font-family: verdana;font-size: 14px\">Lluny de baixar la gu\u00e0rdia, eixa confian\u00e7a ens fa <strong>redoblar l&#8217;esfor\u00e7 cada dia<\/strong>.<\/p>\n<p style=\"font-family: verdana;font-size: 14px\">La secci\u00f3 sindical de <strong>STEPV \u00e9s la pionera <\/strong>a la UPV en fer <strong>rendici\u00f3 de comptes<\/strong>, en donar tota <strong>informaci\u00f3<\/strong> de tots els <strong>\u00f2rgans i comissions <\/strong>on tenim representaci\u00f3 gr\u00e0cies al vostre suport, en <strong>generar debats al Claustre i al Consell de Govern <\/strong>aprofitant les oportunitats que ofereixen els reglaments, en <strong>denunciar a la Universitat <\/strong>davant la inspecci\u00f3 de treball, <strong>i en totes aquelles coses que han fet que el sindicalisme a la UPV siga millor ara<\/strong> que fa uns anys.<\/p>\n<p style=\"font-family: verdana;font-size: 19px;color: #af2020\"><strong>Coneix STEPV, confia en STEPV, i afilia&#8217;t a STEPV.<\/strong><\/p>\n<\/div><div class=\"fusion-content-boxes content-boxes columns row fusion-columns-1 fusion-columns-total-1 fusion-content-boxes-1 content-boxes-icon-boxed content-left\" data-animationOffset=\"100%\" style=\"margin-top:0px;margin-bottom:60px;\"><style type=\"text\/css\">.fusion-content-boxes-1 .heading .content-box-heading {color:#dbffff;}\n\t\t\t\t\t.fusion-content-boxes-1 .fusion-content-box-hover .link-area-link-icon-hover .heading .content-box-heading,\n\t\t\t\t\t.fusion-content-boxes-1 .fusion-content-box-hover .link-area-link-icon-hover .heading .heading-link .content-box-heading,\n\t\t\t\t\t.fusion-content-boxes-1 .fusion-content-box-hover .link-area-box-hover .heading .content-box-heading,\n\t\t\t\t\t.fusion-content-boxes-1 .fusion-content-box-hover .link-area-box-hover .heading .heading-link .content-box-heading,\n\t\t\t\t\t.fusion-content-boxes-1 .fusion-content-box-hover .link-area-link-icon-hover.link-area-box .fusion-read-more,\n\t\t\t\t\t.fusion-content-boxes-1 .fusion-content-box-hover .link-area-link-icon-hover.link-area-box .fusion-read-more::after,\n\t\t\t\t\t.fusion-content-boxes-1 .fusion-content-box-hover .link-area-link-icon-hover.link-area-box .fusion-read-more::before,\n\t\t\t\t\t.fusion-content-boxes-1 .fusion-content-box-hover .fusion-read-more:hover:after,\n\t\t\t\t\t.fusion-content-boxes-1 .fusion-content-box-hover .fusion-read-more:hover:before,\n\t\t\t\t\t.fusion-content-boxes-1 .fusion-content-box-hover .fusion-read-more:hover,\n\t\t\t\t\t.fusion-content-boxes-1 .fusion-content-box-hover .link-area-box-hover.link-area-box .fusion-read-more,\n\t\t\t\t\t.fusion-content-boxes-1 .fusion-content-box-hover .link-area-box-hover.link-area-box .fusion-read-more::after,\n\t\t\t\t\t.fusion-content-boxes-1 .fusion-content-box-hover .link-area-box-hover.link-area-box .fusion-read-more::before,\n\t\t\t\t\t.fusion-content-boxes-1 .fusion-content-box-hover .link-area-link-icon-hover .icon .circle-no,\n\t\t\t\t\t.fusion-content-boxes-1 .heading .heading-link:hover .content-box-heading {\n\t\t\t\t\t\tcolor: #af2020;\n\t\t\t\t\t}\n\t\t\t\t\t.fusion-content-boxes-1 .fusion-content-box-hover .link-area-box-hover .icon .circle-no {\n\t\t\t\t\t\tcolor: #af2020 !important;\n\t\t\t\t\t}.fusion-content-boxes-1 .fusion-content-box-hover .link-area-box.link-area-box-hover .fusion-content-box-button {background: #af2020;color: #ffffff;}.fusion-content-boxes-1 .fusion-content-box-hover .link-area-box.link-area-box-hover .fusion-content-box-button .fusion-button-text {color: #ffffff;}\n\t\t\t\t\t.fusion-content-boxes-1 .fusion-content-box-hover .link-area-link-icon-hover .heading .icon > span {\n\t\t\t\t\t\tbackground-color: #af2020 !important;\n\t\t\t\t\t}\n\t\t\t\t\t.fusion-content-boxes-1 .fusion-content-box-hover .link-area-box-hover .heading .icon > span {\n\t\t\t\t\t\tborder-color: #af2020 !important;\n\t\t\t\t\t}<\/style><div class=\"fusion-column content-box-column content-box-column content-box-column-1 col-lg-12 col-md-12 col-sm-12 fusion-content-box-hover content-box-column-last content-box-column-last-in-row\"><div class=\"col content-box-wrapper content-wrapper-background content-wrapper-boxed link-area-box link-type-text icon-hover-animation-fade fusion-animated\" style=\"background-color:#77aea8;\" data-link=\"vull-afiliar-me\" data-link-target=\"_self\" data-animationType=\"rubberBand\" data-animationDuration=\"0.5\" data-animationOffset=\"100%\"><div class=\"heading heading-with-icon icon-left\"><a class=\"heading-link\" href=\"vull-afiliar-me\" target=\"_self\"><div style=\"margin-left:-40px;top:-90px;\" class=\"image\"><img loading=\"lazy\" decoding=\"async\" src=\"http:\/\/vijufer.webs.upv.es\/wp-content\/uploads\/2021\/07\/para-vinetas-stepv.png\" width=\"80\" height=\"80\" alt=\"\" \/><\/div><h2 class=\"content-box-heading\" style=\"font-size:50px;line-height:55px;\">Vull afiliar'me<\/h2><\/a><\/div><div class=\"fusion-clearfix\"><\/div><a class=\"fusion-read-more\" href=\"vull-afiliar-me\" target=\"_self\">Fes clic aqu\u00ed<\/a><div class=\"fusion-clearfix\"><\/div><\/div><\/div><style type=\"text\/css\">\n\t\t\t\t\t\t.fusion-content-boxes-1 .fusion-content-box-hover .heading-link:hover .icon i.circle-yes,\n\t\t\t\t\t\t.fusion-content-boxes-1 .fusion-content-box-hover .link-area-box:hover .heading-link .icon i.circle-yes,\n\t\t\t\t\t\t.fusion-content-boxes-1 .fusion-content-box-hover .link-area-link-icon-hover .heading .icon i.circle-yes,\n\t\t\t\t\t\t.fusion-content-boxes-1 .fusion-content-box-hover .link-area-box-hover .heading .icon i.circle-yes {\n\t\t\t\t\t\t\tbackground-color: #af2020 !important;\n\t\t\t\t\t\t\tborder-color: #af2020 !important;\n\t\t\t\t\t\t}<\/style><div class=\"fusion-clearfix\"><\/div><\/div><style type=\"text\/css\">#fusion-chart-1{background-color: rgba(255,255,255,0);}#fusion-chart-1{padding: 0 30 0 30;}#fusion-chart-1 .fusion-chart-legend-wrap li:nth-child(1) span{color: #ffffff;}<\/style><div id=\"fusion-chart-1\" class=\"fusion-chart legend-bottom\" data-type=\"line\" data-chart_legend_position=\"bottom\" data-x_axis_labels=\"1998|2002|2006|2010|2014|2018|2022\" data-x_axis_label=\"Any\" data-y_axis_label=\"Representants\" data-show_tooltips=\"no\" data-bg_colors=\"#03a9f4|#8bc34a|#ff9800||||\" data-border_colors=\"#03a9f4|#8bc34a|#ff9800||||\" data-border_size=\"6\" data-border_type=\"non_smooth\" data-chart_fill=\"off\" data-chart_point_style=\"circle\" data-chart_point_size=\"3\" data-chart_axis_text_color=\"#666666\" data-chart_gridline_color=\"rgba(0,0,0,0.1)\"><div class=\"fusion-chart-dataset\" data-label=\"STEPV\" data-values=\"3|6|11|16|27|26|26\" data-background_color=\"#af2020\" data-border_color=\"#af2020\"><\/div><h4 class=\"fusion-chart-title\">Resultats electorals de STEPV a la UPV<\/h4><div class=\"fusion-chart-inner\"><div class=\"fusion-chart-wrap\"><canvas><\/canvas><\/div><div class=\"fusion-chart-legend-wrap\"><\/div><\/div><\/div><div class=\"fusion-clearfix\"><\/div><\/div><\/div><\/div><\/div><style type=\"text\/css\">.fusion-fullwidth.fusion-builder-row-1 a:not(.fusion-button):not(.fusion-builder-module-control):not(.fusion-social-network-icon):not(.fb-icon-element):not(.fusion-countdown-link):not(.fusion-rollover-link):not(.fusion-rollover-gallery):not(.fusion-button-bar):not(.add_to_cart_button):not(.show_details_button):not(.product_type_external):not(.fusion-quick-view):not(.fusion-rollover-title-link):not(.fusion-breadcrumb-link) , .fusion-fullwidth.fusion-builder-row-1 a:not(.fusion-button):not(.fusion-builder-module-control):not(.fusion-social-network-icon):not(.fb-icon-element):not(.fusion-countdown-link):not(.fusion-rollover-link):not(.fusion-rollover-gallery):not(.fusion-button-bar):not(.add_to_cart_button):not(.show_details_button):not(.product_type_external):not(.fusion-quick-view):not(.fusion-rollover-title-link):not(.fusion-breadcrumb-link):before, .fusion-fullwidth.fusion-builder-row-1 a:not(.fusion-button):not(.fusion-builder-module-control):not(.fusion-social-network-icon):not(.fb-icon-element):not(.fusion-countdown-link):not(.fusion-rollover-link):not(.fusion-rollover-gallery):not(.fusion-button-bar):not(.add_to_cart_button):not(.show_details_button):not(.product_type_external):not(.fusion-quick-view):not(.fusion-rollover-title-link):not(.fusion-breadcrumb-link):after {color: #af2020;}.fusion-fullwidth.fusion-builder-row-1 a:not(.fusion-button):not(.fusion-builder-module-control):not(.fusion-social-network-icon):not(.fb-icon-element):not(.fusion-countdown-link):not(.fusion-rollover-link):not(.fusion-rollover-gallery):not(.fusion-button-bar):not(.add_to_cart_button):not(.show_details_button):not(.product_type_external):not(.fusion-quick-view):not(.fusion-rollover-title-link):not(.fusion-breadcrumb-link):hover, .fusion-fullwidth.fusion-builder-row-1 a:not(.fusion-button):not(.fusion-builder-module-control):not(.fusion-social-network-icon):not(.fb-icon-element):not(.fusion-countdown-link):not(.fusion-rollover-link):not(.fusion-rollover-gallery):not(.fusion-button-bar):not(.add_to_cart_button):not(.show_details_button):not(.product_type_external):not(.fusion-quick-view):not(.fusion-rollover-title-link):not(.fusion-breadcrumb-link):hover:before, .fusion-fullwidth.fusion-builder-row-1 a:not(.fusion-button):not(.fusion-builder-module-control):not(.fusion-social-network-icon):not(.fb-icon-element):not(.fusion-countdown-link):not(.fusion-rollover-link):not(.fusion-rollover-gallery):not(.fusion-button-bar):not(.add_to_cart_button):not(.show_details_button):not(.product_type_external):not(.fusion-quick-view):not(.fusion-rollover-title-link):not(.fusion-breadcrumb-link):hover:after {color: #af2020;}.fusion-fullwidth.fusion-builder-row-1 .pagination a.inactive:hover, .fusion-fullwidth.fusion-builder-row-1 .fusion-filters .fusion-filter.fusion-active a {border-color: #af2020;}.fusion-fullwidth.fusion-builder-row-1 .pagination .current {border-color: #af2020; background-color: #af2020;}.fusion-fullwidth.fusion-builder-row-1 .fusion-filters .fusion-filter.fusion-active a, .fusion-fullwidth.fusion-builder-row-1 .fusion-date-and-formats .fusion-format-box, .fusion-fullwidth.fusion-builder-row-1 .fusion-popover, .fusion-fullwidth.fusion-builder-row-1 .tooltip-shortcode {color: #af2020;}#main .fusion-fullwidth.fusion-builder-row-1 .post .blog-shortcode-post-title a:hover {color: #af2020;}<\/style>\n","protected":false},"excerpt":{"rendered":"","protected":false},"author":11580,"featured_media":0,"parent":0,"menu_order":2,"comment_status":"closed","ping_status":"closed","template":"100-width.php","meta":{"footnotes":""},"class_list":["post-18025","page","type-page","status-publish","hentry"],"_links":{"self":[{"href":"https:\/\/www.stepv.upv.es\/es\/wp-json\/wp\/v2\/pages\/18025","targetHints":{"allow":["GET"]}}],"collection":[{"href":"https:\/\/www.stepv.upv.es\/es\/wp-json\/wp\/v2\/pages"}],"about":[{"href":"https:\/\/www.stepv.upv.es\/es\/wp-json\/wp\/v2\/types\/page"}],"author":[{"embeddable":true,"href":"https:\/\/www.stepv.upv.es\/es\/wp-json\/wp\/v2\/users\/11580"}],"replies":[{"embeddable":true,"href":"https:\/\/www.stepv.upv.es\/es\/wp-json\/wp\/v2\/comments?post=18025"}],"version-history":[{"count":0,"href":"https:\/\/www.stepv.upv.es\/es\/wp-json\/wp\/v2\/pages\/18025\/revisions"}],"wp:attachment":[{"href":"https:\/\/www.stepv.upv.es\/es\/wp-json\/wp\/v2\/media?parent=18025"}],"curies":[{"name":"wp","href":"https:\/\/api.w.org\/{rel}","templated":true}]}}