{"id":16322,"date":"2021-07-09T08:20:54","date_gmt":"2021-07-09T06:20:54","guid":{"rendered":"https:\/\/www.stepv.upv.es\/?page_id=16322"},"modified":"2024-12-04T12:17:07","modified_gmt":"2024-12-04T11:17:07","slug":"concursos","status":"publish","type":"page","link":"https:\/\/www.stepv.upv.es\/es\/concursos\/","title":{"rendered":"Concursos i oposicions"},"content":{"rendered":"<p><div class=\"fusion-fullwidth fullwidth-box fusion-builder-row-1 hundred-percent-fullwidth non-hundred-percent-height-scrolling\"  style='background-color: rgba(255,255,255,0);background-position: center center;background-repeat: no-repeat;padding-top:0px;padding-right:0px;padding-bottom:0px;padding-left:0px;'><div class=\"fusion-builder-row fusion-row \"><div  class=\"fusion-layout-column fusion_builder_column fusion_builder_column_1_1 fusion-builder-column-0 fusion-one-full fusion-column-first fusion-column-last fusion-column-no-min-height 1_1\"  style='margin-top:0px;margin-bottom:0px;'><div class=\"fusion-column-wrapper\" style=\"padding: 0px 0px 0px 0px;background-position:left top;background-repeat:no-repeat;-webkit-background-size:cover;-moz-background-size:cover;-o-background-size:cover;background-size:cover;\"   data-bg-url=\"\"><style type=\"text\/css\"><\/style><div class=\"fusion-title title fusion-title-1 fusion-sep-none fusion-title-center fusion-title-text fusion-title-size-one\" style=\"font-size:48px;margin-top:0px;margin-bottom:31px;\"><h1 class=\"title-heading-center\" style=\"margin:0;font-size:1em;\">Concursos, oposicions i borses<\/h1><\/div><div class=\"fusion-clearfix\"><\/div><\/div><\/div><\/div><\/div><div class=\"fusion-fullwidth fullwidth-box fusion-builder-row-2 nonhundred-percent-fullwidth non-hundred-percent-height-scrolling\"  style='background-color: rgba(255,255,255,0);background-position: center center;background-repeat: no-repeat;padding-top:0px;padding-right:0px;padding-bottom:0px;padding-left:0px;'><div class=\"fusion-builder-row fusion-row \"><div  class=\"fusion-layout-column fusion_builder_column fusion_builder_column_1_1 fusion-builder-column-1 fusion-one-full fusion-column-first fusion-column-last 1_1\"  style='margin-top:0px;margin-bottom:20px;'><div class=\"fusion-column-wrapper\" style=\"border-right:1px solid #bc2e18;padding: 0px 0px 0px 0px;background-position:left top;background-repeat:no-repeat;-webkit-background-size:cover;-moz-background-size:cover;-o-background-size:cover;background-size:cover;\"   data-bg-url=\"\"><style type=\"text\/css\"><\/style><div class=\"fusion-title title fusion-title-2 fusion-sep-none fusion-title-text fusion-title-size-one\" style=\"margin-top:0px;margin-bottom:31px;\"><h1 class=\"title-heading-left\" style=\"margin:0;\">Personal Docent i Investigador<\/h1><\/div><div class=\"fusion-text\"><h2><strong>Places professorat funcionari de carrera<\/strong><\/h2>\n<p><a href=\"http:\/\/www.upv.es\/entidades\/SRH\/pdi\/882007normalc.html\">Oferta d&#8217;ocupaci\u00f3 p\u00fablica i\u00a0convocat\u00f2ries de concursos<\/a><\/p>\n<p><a href=\"http:\/\/www.upv.es\/entidades\/SRH\/pdi\/695623normalv.html\" target=\"_blank\" rel=\"noopener noreferrer\">Normativa, models i annexos<\/a><\/p>\n<h2><strong>Places professorat contractat<\/strong><\/h2>\n<p><a href=\"http:\/\/www.upv.es\/entidades\/SRH\/pdi\/579889normalv.html\" target=\"_blank\" rel=\"noopener noreferrer\">Convocat\u00f2ries concursos<\/a><\/p>\n<p><a href=\"http:\/\/www.upv.es\/entidades\/SRH\/pdi\/751746normalv.html\" target=\"_blank\" rel=\"noopener noreferrer\">Normativa<\/a><\/p>\n<p><a href=\"http:\/\/www.upv.es\/entidades\/SRH\/pdi\/579900normalv.html\" target=\"_blank\" rel=\"noopener noreferrer\">Models i annexos<\/a><\/p>\n<\/div><div class=\"fusion-sep-clear\"><\/div><div class=\"fusion-separator fusion-full-width-sep sep-single\" style=\"border-color:#af2020;border-top-width:2px;margin-left: auto;margin-right: auto;margin-top:10px;margin-bottom:10px;\"><\/div><style type=\"text\/css\"><\/style><div class=\"fusion-title title fusion-title-3 fusion-sep-none fusion-title-text fusion-title-size-one\" style=\"margin-top:0px;margin-bottom:31px;\"><h1 class=\"title-heading-left\" style=\"margin:0;\">Personal T\u00e8cnic, de Gesti\u00f3 i d&#8217;Administraci\u00f3 i Serveis<\/h1><\/div><div class=\"fusion-text\"><h2><span style=\"color: #bc2e18\"><strong>Oposicions i altres convocat\u00f2ries<\/strong><\/span><\/h2>\n<p><a href=\"http:\/\/www.upv.es\/entidades\/SRH\/pas\/771148normalv.html\" target=\"_blank\" rel=\"noopener noreferrer\">Oferta d&#8217;ocupaci\u00f3 p\u00fablica<\/a><\/p>\n<p><a href=\"http:\/\/www.upv.es\/entidades\/SRH\/pas\/676960normalv.html\" target=\"_blank\" rel=\"noopener noreferrer\">Convocat\u00f2ries de concursos-oposicions d&#8217;acc\u00e9s lliure<\/a><\/p>\n<p><a href=\"http:\/\/www.upv.es\/entidades\/SRH\/pas\/681577normalv.html\" target=\"_blank\" rel=\"noopener noreferrer\">Convocat\u00f2ries de selecci\u00f3 de personal temporal<\/a><\/p>\n<p><a href=\"http:\/\/www.upv.es\/entidades\/SRH\/pas\/681491normalv.html\" target=\"_blank\" rel=\"noopener noreferrer\">Borses de treball<\/a><\/p>\n<p><a href=\"http:\/\/www.upv.es\/entidades\/SRH\/pas\/U0963937.pdf\" target=\"_blank\" rel=\"noopener noreferrer\">Normativa de borses<\/a><\/p>\n<p><a href=\"http:\/\/www.upv.es\/entidades\/SRH\/pas\/681493normalv.html\" target=\"_blank\" rel=\"noopener noreferrer\">Borsa de treball per a l&#8217;Escola d&#8217;estiu<\/a><\/p>\n<\/div><div class=\"fusion-sep-clear\"><\/div><div class=\"fusion-separator fusion-full-width-sep sep-single sep-dotted\" style=\"border-color:#af2020;border-top-width:2px;margin-left: auto;margin-right: auto;margin-top:;\"><\/div><div class=\"fusion-text\"><h2><strong><span style=\"color: #bc2e18\">Promocions internes<\/span><\/strong><\/h2>\n<p><a href=\"http:\/\/www.upv.es\/entidades\/SRH\/pas\/679590normalv.html\" target=\"_blank\" rel=\"noopener noreferrer\">Convocat\u00f2ria de promocions internes<\/a><\/p>\n<h2><strong><span style=\"color: #bc2e18\">Concursos de provisi\u00f3 de llocs de treball<\/span><\/strong><\/h2>\n<p><a href=\"http:\/\/www.upv.es\/entidades\/SRH\/pas\/680636normalv.html\" target=\"_blank\" rel=\"noopener noreferrer\">Concursos de m\u00e8rits\/trasllats<\/a><\/p>\n<p><a href=\"http:\/\/www.upv.es\/entidades\/SRH\/pas\/929352normalv.html\" target=\"_blank\" rel=\"noopener noreferrer\">Provisi\u00f3 per lliure designaci\u00f3<\/a><\/p>\n<h2>Comissions de servei<\/h2>\n<p><a href=\"http:\/\/www.upv.es\/entidades\/SRH\/pas\/1239691normalc.html\">Convocat\u00f2ries<\/a><\/p>\n<\/div><div class=\"fusion-sep-clear\"><\/div><div class=\"fusion-separator fusion-full-width-sep sep-single\" style=\"border-color:#af2020;border-top-width:2px;margin-left: auto;margin-right: auto;margin-top:10px;margin-bottom:10px;\"><\/div><style type=\"text\/css\"><\/style><div class=\"fusion-title title fusion-title-4 fusion-sep-none fusion-title-text fusion-title-size-one\" style=\"margin-top:0px;margin-bottom:31px;\"><h1 class=\"title-heading-left\" style=\"margin:0;\">Personal laboral temporal (investigaci\u00f3)<\/h1><\/div><div class=\"fusion-text\"><h2>Ofertes d&#8217;ocupaci\u00f3 per a convenis i\/o projectes d&#8217;investigaci\u00f3<\/h2>\n<p><a href=\"http:\/\/www.upv.es\/entidades\/SRH\/conypi\/590724normalv.html\" target=\"_blank\" rel=\"noopener noreferrer\">Oferta activa<\/a><\/p>\n<\/div><div class=\"fusion-clearfix\"><\/div><\/div><\/div><\/div><\/div><style type=\"text\/css\">.fusion-fullwidth.fusion-builder-row-2 a:not(.fusion-button):not(.fusion-builder-module-control):not(.fusion-social-network-icon):not(.fb-icon-element):not(.fusion-countdown-link):not(.fusion-rollover-link):not(.fusion-rollover-gallery):not(.fusion-button-bar):not(.add_to_cart_button):not(.show_details_button):not(.product_type_external):not(.fusion-quick-view):not(.fusion-rollover-title-link):not(.fusion-breadcrumb-link) , .fusion-fullwidth.fusion-builder-row-2 a:not(.fusion-button):not(.fusion-builder-module-control):not(.fusion-social-network-icon):not(.fb-icon-element):not(.fusion-countdown-link):not(.fusion-rollover-link):not(.fusion-rollover-gallery):not(.fusion-button-bar):not(.add_to_cart_button):not(.show_details_button):not(.product_type_external):not(.fusion-quick-view):not(.fusion-rollover-title-link):not(.fusion-breadcrumb-link):before, .fusion-fullwidth.fusion-builder-row-2 a:not(.fusion-button):not(.fusion-builder-module-control):not(.fusion-social-network-icon):not(.fb-icon-element):not(.fusion-countdown-link):not(.fusion-rollover-link):not(.fusion-rollover-gallery):not(.fusion-button-bar):not(.add_to_cart_button):not(.show_details_button):not(.product_type_external):not(.fusion-quick-view):not(.fusion-rollover-title-link):not(.fusion-breadcrumb-link):after {color: #af2020;}.fusion-fullwidth.fusion-builder-row-2 a:not(.fusion-button):not(.fusion-builder-module-control):not(.fusion-social-network-icon):not(.fb-icon-element):not(.fusion-countdown-link):not(.fusion-rollover-link):not(.fusion-rollover-gallery):not(.fusion-button-bar):not(.add_to_cart_button):not(.show_details_button):not(.product_type_external):not(.fusion-quick-view):not(.fusion-rollover-title-link):not(.fusion-breadcrumb-link):hover, .fusion-fullwidth.fusion-builder-row-2 a:not(.fusion-button):not(.fusion-builder-module-control):not(.fusion-social-network-icon):not(.fb-icon-element):not(.fusion-countdown-link):not(.fusion-rollover-link):not(.fusion-rollover-gallery):not(.fusion-button-bar):not(.add_to_cart_button):not(.show_details_button):not(.product_type_external):not(.fusion-quick-view):not(.fusion-rollover-title-link):not(.fusion-breadcrumb-link):hover:before, .fusion-fullwidth.fusion-builder-row-2 a:not(.fusion-button):not(.fusion-builder-module-control):not(.fusion-social-network-icon):not(.fb-icon-element):not(.fusion-countdown-link):not(.fusion-rollover-link):not(.fusion-rollover-gallery):not(.fusion-button-bar):not(.add_to_cart_button):not(.show_details_button):not(.product_type_external):not(.fusion-quick-view):not(.fusion-rollover-title-link):not(.fusion-breadcrumb-link):hover:after {color: #af2020;}.fusion-fullwidth.fusion-builder-row-2 .pagination a.inactive:hover, .fusion-fullwidth.fusion-builder-row-2 .fusion-filters .fusion-filter.fusion-active a {border-color: #af2020;}.fusion-fullwidth.fusion-builder-row-2 .pagination .current {border-color: #af2020; background-color: #af2020;}.fusion-fullwidth.fusion-builder-row-2 .fusion-filters .fusion-filter.fusion-active a, .fusion-fullwidth.fusion-builder-row-2 .fusion-date-and-formats .fusion-format-box, .fusion-fullwidth.fusion-builder-row-2 .fusion-popover, .fusion-fullwidth.fusion-builder-row-2 .tooltip-shortcode {color: #af2020;}#main .fusion-fullwidth.fusion-builder-row-2 .post .blog-shortcode-post-title a:hover {color: #af2020;}<\/style><\/p>\n","protected":false},"excerpt":{"rendered":"","protected":false},"author":11580,"featured_media":0,"parent":0,"menu_order":8,"comment_status":"closed","ping_status":"closed","template":"","meta":{"footnotes":""},"class_list":["post-16322","page","type-page","status-publish","hentry"],"_links":{"self":[{"href":"https:\/\/www.stepv.upv.es\/es\/wp-json\/wp\/v2\/pages\/16322","targetHints":{"allow":["GET"]}}],"collection":[{"href":"https:\/\/www.stepv.upv.es\/es\/wp-json\/wp\/v2\/pages"}],"about":[{"href":"https:\/\/www.stepv.upv.es\/es\/wp-json\/wp\/v2\/types\/page"}],"author":[{"embeddable":true,"href":"https:\/\/www.stepv.upv.es\/es\/wp-json\/wp\/v2\/users\/11580"}],"replies":[{"embeddable":true,"href":"https:\/\/www.stepv.upv.es\/es\/wp-json\/wp\/v2\/comments?post=16322"}],"version-history":[{"count":0,"href":"https:\/\/www.stepv.upv.es\/es\/wp-json\/wp\/v2\/pages\/16322\/revisions"}],"wp:attachment":[{"href":"https:\/\/www.stepv.upv.es\/es\/wp-json\/wp\/v2\/media?parent=16322"}],"curies":[{"name":"wp","href":"https:\/\/api.w.org\/{rel}","templated":true}]}}