{"id":13607,"date":"2020-05-15T14:52:52","date_gmt":"2020-05-15T12:52:52","guid":{"rendered":"https:\/\/www.stepv.upv.es\/?page_id=13607"},"modified":"2020-05-15T14:54:30","modified_gmt":"2020-05-15T12:54:30","slug":"debatobert","status":"publish","type":"page","link":"https:\/\/www.stepv.upv.es\/es\/debatobert\/","title":{"rendered":"debatOBERT"},"content":{"rendered":"<p><div class=\"fusion-fullwidth fullwidth-box fusion-builder-row-1 nonhundred-percent-fullwidth non-hundred-percent-height-scrolling\"  style='background-color: #ffffff;background-position: left top;background-repeat: no-repeat;padding-top:90px;padding-right:0px;padding-bottom:3.5%;padding-left:0px;border-top-width:0px;border-bottom-width:0px;border-color:#eae9e9;border-top-style:solid;border-bottom-style:solid;'><div class=\"fusion-builder-row fusion-row \"><div  class=\"fusion-layout-column fusion_builder_column fusion_builder_column_1_6 fusion-builder-column-0 fusion-one-sixth fusion-column-first fusion-no-small-visibility 1_6\"  style='margin-top:0px;margin-bottom:20px;width:13.3333%; margin-right: 4%;'><div class=\"fusion-column-wrapper\" style=\"padding: 0px 0px 0px 0px;background-position:left top;background-repeat:no-repeat;-webkit-background-size:cover;-moz-background-size:cover;-o-background-size:cover;background-size:cover;\"   data-bg-url=\"\"><div class=\"fusion-clearfix\"><\/div><\/div><\/div><div  class=\"fusion-layout-column fusion_builder_column fusion_builder_column_2_3 fusion-builder-column-1 fusion-two-third 2_3\"  style='margin-top:0px;margin-bottom:20px;width:65.3333%; margin-right: 4%;'><div class=\"fusion-column-wrapper\" style=\"padding: 0px 0px 0px 0px;background-position:left top;background-repeat:no-repeat;-webkit-background-size:cover;-moz-background-size:cover;-o-background-size:cover;background-size:cover;\"   data-bg-url=\"\"><div class=\"imageframe-align-center\"><span class=\"fusion-imageframe imageframe-none imageframe-1 hover-type-none\"><a class=\"fusion-no-lightbox\" href=\"https:\/\/bit.ly\/2l3jd8A\" target=\"_blank\" aria-label=\"AVATAR OBERT@2x\" rel=\"noopener noreferrer\"><img loading=\"lazy\" decoding=\"async\" src=\"https:\/\/www.stepv.upv.es\/wp-content\/uploads\/2020\/05\/AVATAR-OBERT@2x.png\" width=\"437\" height=\"437\" alt=\"\" class=\"img-responsive wp-image-13610\" srcset=\"https:\/\/www.stepv.upv.es\/wp-content\/uploads\/2020\/05\/AVATAR-OBERT@2x-200x200.png 200w, https:\/\/www.stepv.upv.es\/wp-content\/uploads\/2020\/05\/AVATAR-OBERT@2x-400x400.png 400w, https:\/\/www.stepv.upv.es\/wp-content\/uploads\/2020\/05\/AVATAR-OBERT@2x.png 437w\" sizes=\"auto, (max-width: 800px) 100vw, 437px\" \/><\/a><\/span><\/div><div class=\"fusion-sep-clear\"><\/div><div class=\"fusion-separator fusion-full-width-sep sep-none\" style=\"margin-left: auto;margin-right: auto;margin-top:40px;\"><\/div><div class=\"fusion-text\"><h2 style=\"text-align: center;line-height: 1.5\" data-fontsize=\"22\" data-lineheight=\"33px\" class=\"fusion-responsive-typography-calculated\"><span style=\"font-weight: normal\">Una iniciativa <b>col\u00b7laborativa<\/b> de<\/span> STEPV <span style=\"font-weight: normal\">per millorar les condicions de la <\/span>UPV <br \/><\/h2>\n<\/div><div class=\"fusion-text\"><p align=\"center\">En STEPV, aprofitem les oportunitats per avan\u00e7ar en transpar\u00e8ncia i participaci\u00f3,<br \/>per assolir el nostre objectiu de ser el teu sindicat. Per aix\u00f2 hem creat la iniciativa Debat<b>OBERT<\/b>.<\/p>\n<\/div><div class=\"fusion-sep-clear\"><\/div><div class=\"fusion-separator sep-single sep-solid\" style=\"border-color:#ef9a3d;border-top-width:1px;margin-left: auto;margin-right: auto;margin-top:15px;margin-bottom:35px;width:100%;max-width:170px;\"><\/div><div class=\"fusion-clearfix\"><\/div><\/div><\/div><div  class=\"fusion-layout-column fusion_builder_column fusion_builder_column_1_6 fusion-builder-column-2 fusion-one-sixth fusion-column-last fusion-no-small-visibility 1_6\"  style='margin-top:0px;margin-bottom:20px;width:13.3333%'><div class=\"fusion-column-wrapper\" style=\"padding: 0px 0px 0px 0px;background-position:left top;background-repeat:no-repeat;-webkit-background-size:cover;-moz-background-size:cover;-o-background-size:cover;background-size:cover;\"   data-bg-url=\"\"><div class=\"fusion-clearfix\"><\/div><\/div><\/div><div  class=\"fusion-layout-column fusion_builder_column fusion_builder_column_1_2 fusion-builder-column-3 fusion-one-half fusion-column-first 1_2\"  style='margin-top:0px;margin-bottom:20px;width:50%;width:calc(50% - ( ( 5% ) * 0.5 ) );margin-right: 5%;'><div class=\"fusion-column-wrapper\" style=\"padding: 0px 0px 0px 0px;background-position:left top;background-repeat:no-repeat;-webkit-background-size:cover;-moz-background-size:cover;-o-background-size:cover;background-size:cover;\"   data-bg-url=\"\"><div class=\"fusion-column-content-centered\"><div class=\"fusion-column-content\"><div class=\"fusion-text\"><h3 style=\"line-height: 1.5\" data-fontsize=\"18\" data-lineheight=\"27px\" class=\"fusion-responsive-typography-calculated\">Naix una nova forma de construir les teues condicions de treball amb STEPV <\/h3>\n<\/div><div class=\"fusion-text\"><p>La pand\u00e8mia ens ha abocat a una nova realitat. Com sempre, molts canvis s\u00f3n a pitjor, per\u00f2 d\u2019altres suposen noves oportunitats.<\/p>\n<p>En STEPV, aprofitem les oportunitats per avan\u00e7ar en transpar\u00e8ncia i participaci\u00f3, per assolir el nostre objectiu de ser el teu sindicat. Per aix\u00f2 hem creat la iniciativa debat OBERT [STEPV].<\/p>\n<p>El nou entorn de treball no presencial que la Universitat ha implantat, ens permet crear un equip on pots llegir els nostres plantejaments, participar en els debats, fer les teues aportacions i suggeriments, i construir amb nosaltres les teues condicions laborals a negociar amb l\u2019administraci\u00f3.<\/p>\n<\/div><\/div><\/div><div class=\"fusion-clearfix\"><\/div><\/div><\/div><div  class=\"fusion-layout-column fusion_builder_column fusion_builder_column_1_2 fusion-builder-column-4 fusion-one-half fusion-column-last 1_2\"  style='margin-top:0px;margin-bottom:20px;width:50%;width:calc(50% - ( ( 5% ) * 0.5 ) );'><div class=\"fusion-column-wrapper\" style=\"padding: 0px 0px 0px 0px;background-position:left top;background-repeat:no-repeat;-webkit-background-size:cover;-moz-background-size:cover;-o-background-size:cover;background-size:cover;\"   data-bg-url=\"\"><div class=\"fusion-column-content-centered\"><div class=\"fusion-column-content\"><div class=\"fusion-text\"><h3 style=\"line-height: 1.5\" data-fontsize=\"18\" data-lineheight=\"27px\" class=\"fusion-responsive-typography-calculated\">Una nova oportunitat, un nou model<\/h3>\n<div>\n<\/div>\n<\/div><div class=\"fusion-text\"><p>Naix aquesta experi\u00e8ncia amb il\u00b7lusi\u00f3. En STEPV considerem necessari acostar-nos a tu, treballar amb tu, i trobar noves formes perqu\u00e8 participar en la vida sindical siga alguna cosa m\u00e9s que votar cada quatre anys.<\/p>\n<p>Per unir-te a aquesta nova experi\u00e8ncia, nom\u00e9s cal estar donat d\u2019alta al TEAMS de la universitat i fer clic aqu\u00ed per unir-te al grup.<\/p><\/p>\n<\/div><div class=\"fusion-button-wrapper fusion-aligncenter\"><style type=\"text\/css\">.fusion-button.button-1 .fusion-button-text, .fusion-button.button-1 i {color:#ffffff;}.fusion-button.button-1 .fusion-button-icon-divider{border-color:#ffffff;}.fusion-button.button-1:hover .fusion-button-text, .fusion-button.button-1:hover i,.fusion-button.button-1:focus .fusion-button-text, .fusion-button.button-1:focus i,.fusion-button.button-1:active .fusion-button-text, .fusion-button.button-1:active{color:#ffffff;}.fusion-button.button-1:hover .fusion-button-icon-divider, .fusion-button.button-1:hover .fusion-button-icon-divider, .fusion-button.button-1:active .fusion-button-icon-divider{border-color:#ffffff;}.fusion-button.button-1:hover, .fusion-button.button-1:focus, .fusion-button.button-1:active{border-color:#780404;}.fusion-button.button-1 {border-color:#780404;border-radius:7px;}.fusion-button.button-1{background: #af2020;\n\t\t\t\t\t\t\tbackground-image: -webkit-gradient( linear, left bottom, left top, from( #ffffff ), to( #af2020 ) );\n\t\t\t\t\t\t\tbackground-image: -webkit-linear-gradient( bottom, #ffffff, #af2020 );\n\t\t\t\t\t\t\tbackground-image:   -moz-linear-gradient( bottom, #ffffff, #af2020 );\n\t\t\t\t\t\t\tbackground-image:     -o-linear-gradient( bottom, #ffffff, #af2020 );\n\t\t\t\t\t\t\tbackground-image: linear-gradient( to top, #ffffff, #af2020 );}.fusion-button.button-1:hover,.button-1:focus,.fusion-button.button-1:active{background: #d68f8f;\n\t\t\t\t\t\t\tbackground-image: -webkit-gradient( linear, left bottom, left top, from( #af2020 ), to( #d68f8f ) );\n\t\t\t\t\t\t\tbackground-image: -webkit-linear-gradient( bottom, #af2020, #d68f8f );\n\t\t\t\t\t\t\tbackground-image:   -moz-linear-gradient( bottom, #af2020, #d68f8f );\n\t\t\t\t\t\t\tbackground-image:     -o-linear-gradient( bottom, #af2020, #d68f8f );\n\t\t\t\t\t\t\tbackground-image: linear-gradient( to top, #af2020, #d68f8f );}<\/style><a class=\"fusion-button button-flat button-large button-custom button-1 fusion-button-default-span fusion-button-default-type\" target=\"_self\" href=\"https:\/\/agenda.upv.es\/owa\/redir.aspx?C=Wp2iSSGfYvZ7gs2KMHVeQHufTb-C5ncbIqRbwNlkxgoQMqR-y_jXCA..&amp;URL=https%3a%2f%2fteams.microsoft.com%2fl%2fteam%2f19%253aeb07fb705c0c41769bb998fdf135522d%2540thread.tacv2%2fconversations%3fgroupId%3d78e6febc-d1cf-4b96-87f8-518612876f33%26tenantId%3dbe4655df-ac73-401f-a7ae-198c3b72d0c6\"><span class=\"fusion-button-text\">PARTICIPA!<\/span><\/a><\/div><div class=\"fusion-text\"><p>Trobar\u00e0s un equip amb diferents canals en cadascun dels quals s\u2019aborda un tema de debat diferent. Nom\u00e9s cal triar els que t\u2019interessen, llegir els posts i respondre amb les teues idees. Totes les opinions s\u00f3n benvingudes.<\/p>\n<p>Et recomanem llegir en les publicacions del canal les normes d\u2019\u00fas i conviv\u00e8ncia abans de comen\u00e7ar. Perqu\u00e8 Amb tu \u00e9s m\u00e9s que un esl\u00f2gan electoral. <\/p><\/p>\n<\/div><div class=\"fusion-content-boxes content-boxes columns row fusion-columns-1 fusion-columns-total-0 fusion-content-boxes-1 content-boxes-icon-with-title content-left\" data-animationOffset=\"100%\" style=\"margin-top:0px;margin-bottom:60px;\"><style type=\"text\/css\">.fusion-content-boxes-1 .heading .content-box-heading {color:#bc2e18;}\n\t\t\t\t\t.fusion-content-boxes-1 .fusion-content-box-hover .link-area-link-icon-hover .heading .content-box-heading,\n\t\t\t\t\t.fusion-content-boxes-1 .fusion-content-box-hover .link-area-link-icon-hover .heading .heading-link .content-box-heading,\n\t\t\t\t\t.fusion-content-boxes-1 .fusion-content-box-hover .link-area-box-hover .heading .content-box-heading,\n\t\t\t\t\t.fusion-content-boxes-1 .fusion-content-box-hover .link-area-box-hover .heading .heading-link .content-box-heading,\n\t\t\t\t\t.fusion-content-boxes-1 .fusion-content-box-hover .link-area-link-icon-hover.link-area-box .fusion-read-more,\n\t\t\t\t\t.fusion-content-boxes-1 .fusion-content-box-hover .link-area-link-icon-hover.link-area-box .fusion-read-more::after,\n\t\t\t\t\t.fusion-content-boxes-1 .fusion-content-box-hover .link-area-link-icon-hover.link-area-box .fusion-read-more::before,\n\t\t\t\t\t.fusion-content-boxes-1 .fusion-content-box-hover .fusion-read-more:hover:after,\n\t\t\t\t\t.fusion-content-boxes-1 .fusion-content-box-hover .fusion-read-more:hover:before,\n\t\t\t\t\t.fusion-content-boxes-1 .fusion-content-box-hover .fusion-read-more:hover,\n\t\t\t\t\t.fusion-content-boxes-1 .fusion-content-box-hover .link-area-box-hover.link-area-box .fusion-read-more,\n\t\t\t\t\t.fusion-content-boxes-1 .fusion-content-box-hover .link-area-box-hover.link-area-box .fusion-read-more::after,\n\t\t\t\t\t.fusion-content-boxes-1 .fusion-content-box-hover .link-area-box-hover.link-area-box .fusion-read-more::before,\n\t\t\t\t\t.fusion-content-boxes-1 .fusion-content-box-hover .link-area-link-icon-hover .icon .circle-no,\n\t\t\t\t\t.fusion-content-boxes-1 .heading .heading-link:hover .content-box-heading {\n\t\t\t\t\t\tcolor: #e10707;\n\t\t\t\t\t}\n\t\t\t\t\t.fusion-content-boxes-1 .fusion-content-box-hover .link-area-box-hover .icon .circle-no {\n\t\t\t\t\t\tcolor: #e10707 !important;\n\t\t\t\t\t}.fusion-content-boxes-1 .fusion-content-box-hover .link-area-box.link-area-box-hover .fusion-content-box-button {background: #af2020;color: #ffffff;}.fusion-content-boxes-1 .fusion-content-box-hover .link-area-box.link-area-box-hover .fusion-content-box-button .fusion-button-text {color: #ffffff;}\n\t\t\t\t\t.fusion-content-boxes-1 .fusion-content-box-hover .link-area-link-icon-hover .heading .icon > span {\n\t\t\t\t\t\tbackground-color: #e10707 !important;\n\t\t\t\t\t}\n\t\t\t\t\t.fusion-content-boxes-1 .fusion-content-box-hover .link-area-box-hover .heading .icon > span {\n\t\t\t\t\t\tborder-color: #e10707 !important;\n\t\t\t\t\t}<\/style><div class=\"fusion-clearfix\"><\/div><\/div><\/div><\/div><div class=\"fusion-clearfix\"><\/div><\/div><\/div><\/div><\/div><div class=\"fusion-fullwidth fullwidth-box fusion-builder-row-2 nonhundred-percent-fullwidth non-hundred-percent-height-scrolling\"  style='background-color: #f7f5f4;background-position: left top;background-repeat: no-repeat;padding-top:4%;padding-right:0px;padding-bottom:125px;padding-left:0px;border-top-width:0px;border-bottom-width:0px;border-color:#eae9e9;border-top-style:solid;border-bottom-style:solid;'><div class=\"fusion-builder-row fusion-row \"><div  class=\"fusion-layout-column fusion_builder_column fusion_builder_column_1_2 fusion-builder-column-5 fusion-one-half fusion-column-first 1_2\"  style='margin-top:0px;margin-bottom:20px;width:48%; margin-right: 4%;'><div class=\"fusion-column-wrapper\" style=\"padding: 0px 0px 0px 0px;background-position:left top;background-repeat:no-repeat;-webkit-background-size:cover;-moz-background-size:cover;-o-background-size:cover;background-size:cover;\"   data-bg-url=\"\"><div class=\"fusion-text\"><h3 style=\"line-height: 1.5\" data-fontsize=\"18\" data-lineheight=\"27px\" class=\"fusion-responsive-typography-calculated\">Qu\u00e8 anem a debatre? <\/p>\n<\/h3>\n<\/div><div class=\"fusion-text\"><p>Comencem l\u2019experi\u00e8ncia pilot amb el debat dels temes del nou Pla concilia, que tot i estar paralitzat actualment per l\u2019administraci\u00f3 \u00e9s una de les q\u00fcestions que m\u00e9s van a afectar les teues condicions laborals.<\/p>\n<p>De moment obrim amb el debat sobre horaris de PAS i PI (generals, especials, i 9 i X), i les llic\u00e8ncies sab\u00e0tiques del PDI. En breu debatrem sobre com ha de ser el teletreball en la Universitat (una vegada normalitzada la situaci\u00f3 d\u2019emerg\u00e8ncia sanit\u00e0ria) i la resta de temes pendents.<\/p>\n<\/div><div class=\"fusion-sep-clear\"><\/div><div class=\"fusion-separator fusion-full-width-sep sep-none\" style=\"margin-left: auto;margin-right: auto;margin-top:5px;\"><\/div><ul class=\"fusion-checklist fusion-checklist-1\" style=\"font-size:19px;line-height:32.3px;\"><li class=\"fusion-li-item\"><span style=\"height:32.3px;width:32.3px;margin-right:13.3px;\" class=\"icon-wrapper circle-no\"><i class=\"fusion-li-icon fa fa-globe\" style=\"color:#ef993d;\"><\/i><\/span><div class=\"fusion-li-item-content\" style=\"margin-left:45.6px;\"><span style=\"color: #333c4e\"><strong>PAS + PI <\/strong><\/span>&#8211; horaris (generals, especials, i 9 i X)<\/div><\/li><li class=\"fusion-li-item\"><span style=\"height:32.3px;width:32.3px;margin-right:13.3px;\" class=\"icon-wrapper circle-no\"><i class=\"fusion-li-icon fa fa-graduation-cap\" style=\"color:#ef993d;\"><\/i><\/span><div class=\"fusion-li-item-content\" style=\"margin-left:45.6px;\"><span style=\"color: #333c4e\"><strong>PDI <\/strong><\/span>&#8211; llic\u00e8ncies sab\u00e0tiques<\/div><\/li><li class=\"fusion-li-item\"><span style=\"height:32.3px;width:32.3px;margin-right:13.3px;\" class=\"icon-wrapper circle-no\"><i class=\"fusion-li-icon fa fa-address-book-o\" style=\"color:#ef993d;\"><\/i><\/span><div class=\"fusion-li-item-content\" style=\"margin-left:45.6px;\"><strong>Teletreball <\/strong><span style=\"color: #333c4e\"><strong><\/strong><\/span>&#8211; objectius, control horari, condicions&#8230;<\/div><\/li><\/ul><div class=\"fusion-sep-clear\"><\/div><div class=\"fusion-separator fusion-full-width-sep sep-none\" style=\"margin-left: auto;margin-right: auto;margin-top:25px;\"><\/div><div class=\"fusion-text\"><\/p>\n<\/div><div class=\"fusion-clearfix\"><\/div><\/div><\/div><div  class=\"fusion-layout-column fusion_builder_column fusion_builder_column_1_2 fusion-builder-column-6 fusion-one-half fusion-column-last 1_2\"  style='margin-top:0px;margin-bottom:20px;width:48%'><div class=\"fusion-column-wrapper\" style=\"padding: 0px 0px 0px 0px;background-position:left top;background-repeat:no-repeat;-webkit-background-size:cover;-moz-background-size:cover;-o-background-size:cover;background-size:cover;\"   data-bg-url=\"\"><div class=\"imageframe-align-center\"><span class=\"fusion-imageframe imageframe-none imageframe-2 hover-type-none\"><img loading=\"lazy\" decoding=\"async\" src=\"https:\/\/www.stepv.upv.es\/wp-content\/uploads\/2020\/05\/dO-bocax@2x.png\" width=\"454\" height=\"378\" alt=\"\" title=\"dO-bocax@2x\" class=\"img-responsive wp-image-13619\" srcset=\"https:\/\/www.stepv.upv.es\/wp-content\/uploads\/2020\/05\/dO-bocax@2x-200x167.png 200w, https:\/\/www.stepv.upv.es\/wp-content\/uploads\/2020\/05\/dO-bocax@2x-400x333.png 400w, https:\/\/www.stepv.upv.es\/wp-content\/uploads\/2020\/05\/dO-bocax@2x.png 454w\" sizes=\"auto, (max-width: 800px) 100vw, 454px\" \/><\/span><\/div><div class=\"fusion-clearfix\"><\/div><\/div><\/div><\/div><\/div><\/p>\n","protected":false},"excerpt":{"rendered":"","protected":false},"author":29775,"featured_media":0,"parent":0,"menu_order":0,"comment_status":"closed","ping_status":"closed","template":"100-width.php","meta":{"footnotes":""},"class_list":["post-13607","page","type-page","status-publish","hentry"],"_links":{"self":[{"href":"https:\/\/www.stepv.upv.es\/es\/wp-json\/wp\/v2\/pages\/13607","targetHints":{"allow":["GET"]}}],"collection":[{"href":"https:\/\/www.stepv.upv.es\/es\/wp-json\/wp\/v2\/pages"}],"about":[{"href":"https:\/\/www.stepv.upv.es\/es\/wp-json\/wp\/v2\/types\/page"}],"author":[{"embeddable":true,"href":"https:\/\/www.stepv.upv.es\/es\/wp-json\/wp\/v2\/users\/29775"}],"replies":[{"embeddable":true,"href":"https:\/\/www.stepv.upv.es\/es\/wp-json\/wp\/v2\/comments?post=13607"}],"version-history":[{"count":0,"href":"https:\/\/www.stepv.upv.es\/es\/wp-json\/wp\/v2\/pages\/13607\/revisions"}],"wp:attachment":[{"href":"https:\/\/www.stepv.upv.es\/es\/wp-json\/wp\/v2\/media?parent=13607"}],"curies":[{"name":"wp","href":"https:\/\/api.w.org\/{rel}","templated":true}]}}