{"id":12950,"date":"2019-07-25T11:35:34","date_gmt":"2019-07-25T09:35:34","guid":{"rendered":"https:\/\/www.stepv.upv.es\/?page_id=12950"},"modified":"2025-03-21T09:56:50","modified_gmt":"2025-03-21T08:56:50","slug":"sento-2","status":"publish","type":"page","link":"https:\/\/www.stepv.upv.es\/es\/sento-2\/","title":{"rendered":"Vicent Juli\u00e0"},"content":{"rendered":"<div class=\"fusion-fullwidth fullwidth-box fusion-builder-row-1 nonhundred-percent-fullwidth non-hundred-percent-height-scrolling\"  style='background-color: rgba(255,255,255,0);background-position: center center;background-repeat: no-repeat;padding-top:0px;padding-right:0px;padding-bottom:0px;padding-left:0px;'><div class=\"fusion-builder-row fusion-row \"><div  class=\"fusion-layout-column fusion_builder_column fusion_builder_column_1_1 fusion-builder-column-0 fusion-one-full fusion-column-first fusion-column-last 1_1\"  style='margin-top:0px;margin-bottom:20px;'><div class=\"fusion-column-wrapper\" style=\"padding: 0px 0px 0px 0px;background-position:left top;background-repeat:no-repeat;-webkit-background-size:cover;-moz-background-size:cover;-o-background-size:cover;background-size:cover;\"   data-bg-url=\"\"><div class=\"fusion-clearfix\"><\/div><\/div><\/div><div  class=\"fusion-layout-column fusion_builder_column fusion_builder_column_1_3 fusion-builder-column-1 fusion-one-third fusion-column-first 1_3\"  style='margin-top:0px;margin-bottom:20px;width:33.33%;width:calc(33.33% - ( ( 4% ) * 0.3333 ) );margin-right: 4%;'><div class=\"fusion-column-wrapper\" style=\"padding: 0px 0px 0px 0px;background-position:left top;background-repeat:no-repeat;-webkit-background-size:cover;-moz-background-size:cover;-o-background-size:cover;background-size:cover;\"   data-bg-url=\"\"><div class=\"fusion-person person fusion-person-left fusion-person-1 fusion-person-icon-top\"><div class=\"person-shortcode-image-wrapper\"><div class=\"person-image-container hover-type-none\" style=\"border:0px solid #f6f6f6;-webkit-border-radius:0px;-moz-border-radius:0px;border-radius:0px;\"><img loading=\"lazy\" decoding=\"async\" class=\"person-img img-responsive wp-image-19644\" width=\"860\" height=\"573\" src=\"https:\/\/www.stepv.upv.es\/wp-content\/uploads\/2022\/01\/Sento.png\" alt=\"Vicent Juli\u00e0\" srcset=\"https:\/\/www.stepv.upv.es\/wp-content\/uploads\/2022\/01\/Sento-200x133.png 200w, https:\/\/www.stepv.upv.es\/wp-content\/uploads\/2022\/01\/Sento-400x267.png 400w, https:\/\/www.stepv.upv.es\/wp-content\/uploads\/2022\/01\/Sento-600x400.png 600w, https:\/\/www.stepv.upv.es\/wp-content\/uploads\/2022\/01\/Sento-800x533.png 800w, https:\/\/www.stepv.upv.es\/wp-content\/uploads\/2022\/01\/Sento.png 860w\" sizes=\"auto, (max-width: 800px) 100vw, 400px\" \/><\/div><\/div><div class=\"person-desc\"><div class=\"person-author\"><div class=\"person-author-wrapper\"><span class=\"person-name\">Vicent Juli\u00e0<\/span><span class=\"person-title\">Representant del PTGAS en el Consell de Govern i en el Consell Social de la UPV<\/span><\/div><\/div><div class=\"person-content fusion-clearfix\"><\/div><\/div><\/div><div class=\"fusion-clearfix\"><\/div><\/div><\/div><div  class=\"fusion-layout-column fusion_builder_column fusion_builder_column_2_3 fusion-builder-column-2 fusion-two-third fusion-column-last 2_3\"  style='margin-top:0px;margin-bottom:20px;width:66.66%;width:calc(66.66% - ( ( 4% ) * 0.6666 ) );'><div class=\"fusion-column-wrapper\" style=\"padding: 0px 0px 0px 0px;background-position:left top;background-repeat:no-repeat;-webkit-background-size:cover;-moz-background-size:cover;-o-background-size:cover;background-size:cover;\"   data-bg-url=\"\"><div class=\"fusion-blog-shortcode fusion-blog-shortcode-1 fusion-blog-archive fusion-blog-layout-grid-wrapper fusion-blog-infinite fusion-blog-no-images\"><style type=\"text\/css\">.fusion-blog-shortcode-1 .fusion-blog-layout-grid .fusion-post-grid{padding:20px;}.fusion-blog-shortcode-1 .fusion-posts-container{margin-left: -20px !important; margin-right:-20px !important;}<\/style><div class=\"fusion-posts-container fusion-posts-container-infinite fusion-no-meta-info fusion-blog-layout-grid fusion-blog-layout-grid-1 isotope\" data-pages=\"19\" data-grid-col-space=\"40\" style=\"margin: -20px -20px 0;min-height:500px;\"><article id=\"blog-1-post-22787\" class=\"fusion-post-grid post-22787 post type-post status-publish format-standard has-post-thumbnail hentry category-consell-de-govern category-organs-de-govern category-ptgas-diu-prou\">\n<div class=\"fusion-post-wrapper\" style=\"background-color:rgba(255,255,255,0);border:1px solid #ebeaea;border-bottom-width:3px;\"><div class=\"fusion-post-content-wrapper\" style=\"padding:30px 25px 20px 25px;\"><div class=\"fusion-post-content post-content\"><h2 class=\"blog-shortcode-post-title entry-title\"><a href=\"https:\/\/www.stepv.upv.es\/es\/el-rector-menysprea-al-ptgas-i-ajorna-un-debat-fonamental\/\">El Rector menosprecia al PTGAS y aplaza un debate fundamental<\/a><\/h2><div class=\"fusion-post-content-container\"><p>Seis de los siete representantes del PTGAS (los de STEPV) han ejercido un derecho reglamentario de incluir un punto en el orden del d\u00eda del Consejo de Gobierno. El Rectorado ha respondido con silencio y aplazamiento.<\/p>\n<p>Y el\u00a0<b>silencio<\/b>\u00a0no es neutral:\u00a0<b>es bloqueo<\/b>. La propuesta se registr\u00f3 con 14 d\u00edas de antelaci\u00f3n y con solo tres p\u00e1ginas de documentaci\u00f3n. Tiempo e informaci\u00f3n m\u00e1s que suficientes.<\/p>\n<p><b>Seis a\u00f1os de espera no son una an\u00e9cdota. Son un fracaso de gesti\u00f3n<\/b><\/p>\n<p>\u00bfEl punto <a href=\"https:\/\/www.stepv.upv.es\/es\/el-rector-menysprea-al-ptgas-i-ajorna-un-debat-fonamental\/\">[\u2026]<\/a><\/p>\n<\/div><\/div><\/div><div class=\"fusion-clearfix\"><\/div><\/div>\n<\/article>\n<article id=\"blog-1-post-22776\" class=\"fusion-post-grid post-22776 post type-post status-publish format-standard has-post-thumbnail hentry category-consell-de-govern\">\n<div class=\"fusion-post-wrapper\" style=\"background-color:rgba(255,255,255,0);border:1px solid #ebeaea;border-bottom-width:3px;\"><div class=\"fusion-post-content-wrapper\" style=\"padding:30px 25px 20px 25px;\"><div class=\"fusion-post-content post-content\"><h2 class=\"blog-shortcode-post-title entry-title\"><a href=\"https:\/\/www.stepv.upv.es\/es\/consell-de-govern-de-5-de-marc-de-2026-2\/\">Orden del d\u00eda del Consejo de Gobierno de 05\/03\/2026<\/a><\/h2><div class=\"fusion-post-content-container\"><p data-olk-copy-source=\"MessageBody\"><strong>Orden del d\u00eda:<\/strong><\/p>\n<ul>\n<li data-olk-copy-source=\"MessageBody\">1. Lectura y aprobaci\u00f3n, si procede, de las actas de las sesiones anteriores.<\/li>\n<li>2. Acuerdos de la Comisi\u00f3n Permanente.\n<ul>\n<li>2.1. Aprobaci\u00f3n, si procede, de la propuesta de adecuaci\u00f3n de las Comisiones del Consejo de Gobierno de la Universitat Polit\u00e8cnica de Val\u00e8ncia.<\/li>\n<li>2.2. Aprobaci\u00f3n, si procede, de la propuesta de Reglamento de revistas cient\u00edficas de la Universitat Polit\u00e8cnica de Val\u00e8ncia.<\/li>\n<li>2.3. Aprobaci\u00f3n, si procede, de la propuesta de modificaci\u00f3n del acuerdo <a href=\"https:\/\/www.stepv.upv.es\/es\/consell-de-govern-de-5-de-marc-de-2026-2\/\">[\u2026]<\/a><br>\n<\/li><\/ul><\/li><\/ul><\/div><\/div><\/div><div class=\"fusion-clearfix\"><\/div><\/div>\n<\/article>\n<article id=\"blog-1-post-22753\" class=\"fusion-post-grid post-22753 post type-post status-publish format-standard has-post-thumbnail hentry category-acords-i-negociacions category-consell-de-govern category-ptgas-diu-prou\">\n<div class=\"fusion-post-wrapper\" style=\"background-color:rgba(255,255,255,0);border:1px solid #ebeaea;border-bottom-width:3px;\"><div class=\"fusion-post-content-wrapper\" style=\"padding:30px 25px 20px 25px;\"><div class=\"fusion-post-content post-content\"><h2 class=\"blog-shortcode-post-title entry-title\"><a href=\"https:\/\/www.stepv.upv.es\/es\/si-el-rectorat-es-nega-a-negociar-el-consell-de-govern-decidira\/\">Si el Rectorado se niega a negociar, el Consejo de Gobierno decidir\u00e1<\/a><\/h2><div class=\"fusion-post-content-container\"><p>La Administraci\u00f3n ha dejado claro que\u00a0<b>no considera negociable la calendarizaci\u00f3n de los procesos selectivos y de promoci\u00f3n del PTGAS<\/b>.<\/p>\n<p>Pero la realidad es que\u00a0<b>se han dejado perder 4 plazas<\/b>\u00a0de la oferta del a\u00f1o 2022, por no convocarlas en tres a\u00f1os (<a href=\"https:\/\/www.boe.es\/buscar\/act.php?id=BOE-A-2015-11719&amp;p=20250730&amp;tn=1#a70\" target=\"_blank\" rel=\"noopener\">art\u00edculo 70 del EBEP<\/a>),\u00a0<b>hay procesos paralizados<\/b>\u00a0y la mayor\u00eda de los procesos\u00a0<b>podr\u00edan verse afectados<\/b>\u00a0por una interpretaci\u00f3n literal de la\u00a0<b>reciente Sentencia<\/b>\u00a0del\u00a0<a href=\"https:\/\/www.stepv.upv.es\/wp-content\/uploads\/2026\/02\/STS_3549_2025.pdf\" target=\"_blank\" rel=\"noopener\">Tribunal Supremo 930\/2025<\/a>.<\/p>\n<p>Esto sucede porque la UPV es de una\u00a0<b>eficacia<\/b>\u00a0envidiable para resolver <a href=\"https:\/\/www.stepv.upv.es\/es\/si-el-rectorat-es-nega-a-negociar-el-consell-de-govern-decidira\/\">[\u2026]<\/a><\/p>\n<\/div><\/div><\/div><div class=\"fusion-clearfix\"><\/div><\/div>\n<\/article>\n<article id=\"blog-1-post-22692\" class=\"fusion-post-grid post-22692 post type-post status-publish format-standard has-post-thumbnail hentry category-consell-de-govern\">\n<div class=\"fusion-post-wrapper\" style=\"background-color:rgba(255,255,255,0);border:1px solid #ebeaea;border-bottom-width:3px;\"><div class=\"fusion-post-content-wrapper\" style=\"padding:30px 25px 20px 25px;\"><div class=\"fusion-post-content post-content\"><h2 class=\"blog-shortcode-post-title entry-title\"><a href=\"https:\/\/www.stepv.upv.es\/es\/consell-de-govern-extraordinari-de-29-de-gener-de-2026\/\">Orden del d\u00eda del Consejo de Gobierno extraordinario de 29\/01\/2026<\/a><\/h2><div class=\"fusion-post-content-container\"><p data-olk-copy-source=\"MessageBody\"><strong>Orden del d\u00eda:<\/strong><\/p>\n<ul>\n<li>1. Lectura y aprobaci\u00f3n, si procede, del acta de la sesi\u00f3n anterior.<\/li>\n<li>2. Acuerdos de la Comisi\u00f3n Permanente.\n<ul>\n<li>2.1. Aprobaci\u00f3n, si procede, de la propuesta de adecuaci\u00f3n de las Comisiones del Consejo de Gobierno de la Universitat Polit\u00e8cnica de Val\u00e8ncia.<\/li>\n<li>2.2. Aprobaci\u00f3n, si procede, de la propuesta de modificaci\u00f3n del acuerdo de constituci\u00f3n y \u00e1mbito de actuaci\u00f3n de las Comisiones de Car\u00e1cter General de la Universitat Polit\u00e8cnica de Val\u00e8ncia.<\/li>\n<li>2.3. Aprobaci\u00f3n, <a href=\"https:\/\/www.stepv.upv.es\/es\/consell-de-govern-extraordinari-de-29-de-gener-de-2026\/\">[\u2026]<\/a><br>\n<\/li><\/ul><\/li><\/ul><\/div><\/div><\/div><div class=\"fusion-clearfix\"><\/div><\/div>\n<\/article>\n<div class=\"fusion-clearfix\"><\/div><\/div><div class=\"fusion-infinite-scroll-trigger\"><\/div><div class=\"pagination infinite-scroll clearfix\" style=\"display:none;\"><span class=\"current\">1<\/span><a href=\"https:\/\/www.stepv.upv.es\/es\/wp-json\/wp\/v2\/pages\/12950\/page\/2\/\" class=\"inactive\">2<\/a><a class=\"pagination-next\" href=\"https:\/\/www.stepv.upv.es\/es\/wp-json\/wp\/v2\/pages\/12950\/page\/2\/\"><span class=\"page-text\">Next<\/span><span class=\"page-next\"><\/span><\/a><\/div><div class=\"fusion-clearfix\"><\/div><\/div><div class=\"fusion-clearfix\"><\/div><\/div><\/div><\/div><\/div>\n","protected":false},"excerpt":{"rendered":"","protected":false},"author":29775,"featured_media":0,"parent":0,"menu_order":0,"comment_status":"closed","ping_status":"closed","template":"","meta":{"footnotes":""},"class_list":["post-12950","page","type-page","status-publish","hentry"],"_links":{"self":[{"href":"https:\/\/www.stepv.upv.es\/es\/wp-json\/wp\/v2\/pages\/12950","targetHints":{"allow":["GET"]}}],"collection":[{"href":"https:\/\/www.stepv.upv.es\/es\/wp-json\/wp\/v2\/pages"}],"about":[{"href":"https:\/\/www.stepv.upv.es\/es\/wp-json\/wp\/v2\/types\/page"}],"author":[{"embeddable":true,"href":"https:\/\/www.stepv.upv.es\/es\/wp-json\/wp\/v2\/users\/29775"}],"replies":[{"embeddable":true,"href":"https:\/\/www.stepv.upv.es\/es\/wp-json\/wp\/v2\/comments?post=12950"}],"version-history":[{"count":0,"href":"https:\/\/www.stepv.upv.es\/es\/wp-json\/wp\/v2\/pages\/12950\/revisions"}],"wp:attachment":[{"href":"https:\/\/www.stepv.upv.es\/es\/wp-json\/wp\/v2\/media?parent=12950"}],"curies":[{"name":"wp","href":"https:\/\/api.w.org\/{rel}","templated":true}]}}